

{"id":170594,"date":"2025-08-19T13:11:41","date_gmt":"2025-08-19T11:11:41","guid":{"rendered":"https:\/\/pressdev1.pressglass.com\/angebot\/einfaches-glas\/"},"modified":"2026-03-16T15:15:06","modified_gmt":"2026-03-16T14:15:06","slug":"einfaches-glas","status":"publish","type":"page","link":"https:\/\/pressdev1.pressglass.com\/de\/angebot\/einfaches-glas\/","title":{"rendered":"Einfaches Glas"},"content":{"rendered":"\n\n\n<section id=\"hero--carousel_block_6c290b2c59cf9c06776c1f9b324c081c\" class=\"hero--section  bg-primary d-flex flex-column text-bg-primary justify-content-center position-relative\">\n        <div class=\"hero--carousel h-100\">\n                <div class=\"item h-100\" style=\"background-image: url(https:\/\/pressdev1.pressglass.com\/wp-content\/uploads\/sites\/3\/2025\/06\/hero_our_product_1.jpg);\">\n            <img decoding=\"async\" src=\"https:\/\/pressdev1.pressglass.com\/wp-content\/uploads\/sites\/3\/2025\/06\/hero_our_product_1.jpg\" alt=\"\" class=\"img-fluid opacity-0\">\n        <\/div>\n            <\/div>\n        <div class=\"container d-flex flex-column justify-content-center\">\n        <div class=\"row\">\n            <div class=\"col-md-10 col-12 offset-md-1\">\n                <div class=\"hero-headline text-uppercase mb-sm-5 mb-3 anim-in\">Grundlegende Konstruktion<br \/>\r\nMaterial<\/div>\n                            <\/div>\n        <\/div>\n    <\/div>\n        <div id=\"jsSubNav\" class=\"container-fluid sub--navigation\">\n        <div class=\"d-flex w-100 justify-content-between align-items-center h-100\">\n            <nav aria-label=\"breadcrumb\" class=\"\"><ol class=\"breadcrumb mb-0 \"><li class=\"breadcrumb-item\"><a href=\"https:\/\/pressdev1.pressglass.com\/de\/\">Startseite<\/a><\/li><\/ol><\/nav>\n                        <nav aria-label=\"subnav\" class=\"d-lg-flex d-noned-lg-flex d-none \">\n                <ul class=\"nav d-flex flex-row flex-nowrap text-nowrap\">\n                                        <li class=\"nav-item\">\n                        <a class=\"nav-link\" href=\"#overview\" title=\"\u00dcbersicht\" target=\"\">\u00dcbersicht<\/a>\n                    <\/li>\n                                        <li class=\"nav-item\">\n                        <a class=\"nav-link\" href=\"#benefits-and-applications\" title=\"Vorteile und Anwendungen\" target=\"\">Vorteile und Anwendungen<\/a>\n                    <\/li>\n                                        <li class=\"nav-item\">\n                        <a class=\"nav-link\" href=\"#specifications\" title=\"Spezifikationen\" target=\"\">Spezifikationen<\/a>\n                    <\/li>\n                                    <\/ul>\n            <\/nav>\n            \n            <div class=\"dropdown d-lg-none\">\n                <button class=\"btn btn-link dropdown-toggle text-white\" type=\"button\" data-bs-toggle=\"dropdown\" aria-expanded=\"false\">\n                    <svg width=\"32\" height=\"32\" fill=\"currentColor\" class=\"bi bi-three-dots-vertical\" viewBox=\"0 0 16 16\">\n                        <path d=\"M9.5 13a1.5 1.5 0 1 1-3 0 1.5 1.5 0 0 1 3 0m0-5a1.5 1.5 0 1 1-3 0 1.5 1.5 0 0 1 3 0m0-5a1.5 1.5 0 1 1-3 0 1.5 1.5 0 0 1 3 0\"\/>\n                    <\/svg>\n                <\/button>\n                <ul class=\"dropdown-menu dropdown-menu-end rounded-0 border-0 shadow \">\n                                        <li><a class=\"dropdown-item\" href=\"#overview\" title=\"\u00dcbersicht\" target=\"\">\u00dcbersicht<\/a><\/li>\n                                        <li><a class=\"dropdown-item\" href=\"#benefits-and-applications\" title=\"Vorteile und Anwendungen\" target=\"\">Vorteile und Anwendungen<\/a><\/li>\n                                        <li><a class=\"dropdown-item\" href=\"#specifications\" title=\"Spezifikationen\" target=\"\">Spezifikationen<\/a><\/li>\n                                    <\/ul>\n            <\/div>\n                    <\/div>\n    <\/div>\n    <\/section>\n\n<style type=\"text\/css\">\n    main > .hero--section:first-child {  \n        z-index: 10;\n    }\n    main > .hero--section:not(:first-child) {  \n        overflow: hidden;\n    }\n    \n    .hero--section.hero-size-medium {\n        max-height: 480px;\n    }\n    .hero--section.hero-size-small {\n        max-height: 400px;\n    }\n\n    .hero--section .hero-headline  {\n        font-size: clamp(2.1875rem, 1.25rem + 4.1667vw, 4.6875rem);\n        font-weight: 300;\n        line-height: 1;\n    }\n\n    .hero--section .sub--navigation {\n        position: absolute;\n        bottom:0;\n        left: 0;\n        width: 100%;\n        z-index: 100;\n        height: 60px;\n        background-color: rgba(20, 42, 82, .9);\n    }\n\n    .hero--section .sub--navigation.fixed-top {\n        position: fixed;\n        bottom:auto;\n    }\n\n    .hero--section .sub--navigation .breadcrumb .breadcrumb-item a, .hero--section .sub--navigation .breadcrumb .breadcrumb-item {\n        padding-top: 0.5rem;\n        padding-bottom: 0.5rem;\n    }\n\n    .hero--section .sub--navigation .breadcrumb .breadcrumb-item a, .hero--section .sub--navigation .breadcrumb .breadcrumb-item,\n    .hero--section .sub--navigation .nav .nav-item .nav-link, .hero--section .sub--navigation .nav .nav-item {\n        font-size: clamp(0.875rem, 0.7344rem + 0.625vw, 1.25rem);\n        font-weight: 300;\n        text-decoration: none;\n        color: #fff;\n    }\n    .hero--section .sub--navigation .breadcrumb .breadcrumb-item a:hover,\n    .hero--section .sub--navigation .nav .nav-item .nav-link:hover {\n        opacity: .75;\n    }\n    .hero--section .sub--navigation .breadcrumb-item + .breadcrumb-item::before {\n        color: #fff;\n    }\n<\/style>\n<script>\ndocument.addEventListener(\"DOMContentLoaded\", function () {\n    const subNav = document.getElementById(\"jsSubNav\");\n    const headerNav = document.querySelector(\"header > nav\");\n    const heroSection = document.querySelector(\".hero--section\");\n\n    if (!subNav || !headerNav || !heroSection) return; \/\/ Je\u015bli kt\u00f3ry\u015b element nie istnieje, zatrzymaj skrypt\n\n    function checkScroll() {\n        const headerHeight = headerNav.offsetHeight; \/\/ Wysoko\u015b\u0107 header > nav\n        const subNavHeight = subNav.offsetHeight; \/\/ Wysoko\u015b\u0107 jsSubNav\n        const heroBottom = heroSection.getBoundingClientRect().bottom; \/\/ Dolna cz\u0119\u015b\u0107 hero wzgl\u0119dem okna\n\n        if (heroBottom - subNavHeight <= headerHeight) {\n            \/\/ Gdy dolna cz\u0119\u015b\u0107 hero - wysoko\u015b\u0107 subNav jest <= wysoko\u015bci headera\n            subNav.classList.add(\"fixed-top\");\n            subNav.classList.remove(\"fixed-bottom\");\n            subNav.style.top = `${headerHeight}px`; \/\/ Ustawiamy top r\u00f3wny headerowi\n        } else {\n            \/\/ Gdy dolna cz\u0119\u015b\u0107 hero jest wy\u017cej ni\u017c header\n            subNav.classList.add(\"fixed-bottom\");\n            subNav.classList.remove(\"fixed-top\");\n            subNav.style.top = \"\"; \/\/ Resetujemy top, aby by\u0142 przyklejony do hero\n        }\n    }\n\n    window.addEventListener(\"scroll\", checkScroll);\n});\n\n<\/script>\n\n<div style=\"height:1px\" aria-hidden=\"true\" id=\"overview\" class=\"wp-block-spacer\"><\/div>\n\n<section class=\"section--page-title py-md-5 py-4\">\n    <div class=\"container\">\n        <h1 class=\"mb-md-5 md-3\">Einfaches Glas<\/h1>        <p>Einfaches Glas, das die Grundlage aller im Bauwesen verwendeten Verglasungen ist, wird auch in einer weniger verarbeiteten Form angeboten.<\/p>\n    <\/div>\n<\/section>\n\n<style type=\"text\/css\">\n    .section--page-title {\n        background-color: #fbfcfc;\n    }\n\n<\/style>\n<div style=\"height:100px\" aria-hidden=\"true\" class=\"wp-block-spacer\"><\/div>\n<div class=\"container\"><div class=\"row\"><div class=\"col-12\">\n<p>Unter all den Glastypen, die in PRESS GLASS angeboten werden, besteht in verschiedenen Branchen auch ein Bedarf an Einfachglas. Es handelt sich um ein Produkt, das weniger bearbeitet wird als Isolierglas. PRESS GLASS bietet monolithisches Glas an, das auf der Basis der folgenden Typen auf die gew\u00fcnschten Ma\u00dfe zugeschnitten wird: Floatglas, get\u00f6ntes Glas, reflektierendes und hartbeschichtetes Glas, das auch chemisch behandelt wird. Einfaches Glas wird ohne zus\u00e4tzliche Bearbeitung der Kanten angeboten.   <\/p>\n<\/div><\/div><\/div>\n<div style=\"height:100px\" aria-hidden=\"true\" class=\"wp-block-spacer\"><\/div>\n\n<div id=\"benefits-and-applications\" class=\"wp-block-group has-blue-background-color has-background is-layout-constrained wp-block-group-is-layout-constrained\"><div class=\"container\">\n<div class=\"row alignwide has-blue-background-color has-background is-layout-flex wp-container-core-columns-is-layout-9d6595d7 row-is-layout-flex\">\n<div class=\"position-relative col-md has-blue-background-color has-background is-content-justification-left is-layout-constrained wp-container-core-column-is-layout-8c890d92 position-relative col-md-is-layout-constrained\">\n<div style=\"height:100px\" aria-hidden=\"true\" class=\"wp-block-spacer\"><\/div>\n\n\n<div class=\"container\"><div class=\"row\"><div class=\"col-12\">\n<h2 class=\"wp-block-heading has-light-color has-text-color has-link-color wp-elements-9116a08e98a1cd595bd46eb4c59056c4\">Vorteile und Anwendungen<br\/>einfaches Glas<\/h2>\n<\/div><\/div><\/div>\n\n\n<div style=\"height:50px\" aria-hidden=\"true\" class=\"wp-block-spacer\"><\/div>\n<\/div>\n<\/div>\n<\/div>\n\n<div class=\"container\">\n<div class=\"row alignwide has-blue-background-color has-background is-layout-flex wp-container-core-columns-is-layout-9d6595d7 row-is-layout-flex\">\n<div class=\"position-relative col-md has-blue-background-color has-background is-content-justification-left is-layout-constrained wp-container-core-column-is-layout-8c890d92 position-relative col-md-is-layout-constrained\"><div class=\"container\"><div class=\"row\"><div class=\"col-12\">\n<h3 class=\"wp-block-heading has-light-color has-text-color has-link-color wp-elements-741c4350a43161508bd5bd74844dd248\">Vorteile<\/h3>\n<\/div><\/div><\/div>\n\n<div class=\"container\"><div class=\"row\"><div class=\"col-12\">\n<hr class=\"wp-block-separator has-text-color has-light-color has-alpha-channel-opacity has-light-background-color has-background is-style-wide\" \/>\n<\/div><\/div><\/div>\n\n<div class=\"container\"><div class=\"row\"><div class=\"col-12\">\n<ul class=\"wp-block-list has-light-color has-text-color has-link-color wp-elements-6057f6558ff3a97163c8d89101ed89f8\"><div class=\"container\"><div class=\"row\"><div class=\"col-12\">\n<li>Breite Palette von Anwendungen<\/li>\n<\/div><\/div><\/div>\n\n<div class=\"container\"><div class=\"row\"><div class=\"col-12\">\n<li class=\"has-light-color has-text-color has-link-color wp-elements-fdc609c58295cd8914c8adcac787eea0\">Bereit zur Weiterverarbeitung<\/li>\n<\/div><\/div><\/div>\n\n<div class=\"container\"><div class=\"row\"><div class=\"col-12\">\n<li>Auf Format geschnittene Formate<\/li>\n<\/div><\/div><\/div><\/ul>\n<\/div><\/div><\/div><\/div>\n\n\n\n<div class=\"position-relative col-md is-layout-flow position-relative col-md-is-layout-flow\"><div class=\"container\"><div class=\"row\"><div class=\"col-12\">\n<h3 class=\"wp-block-heading has-light-color has-text-color has-link-color wp-elements-d11ba7677a9a7034394b51324bb5e7c2\">Beispiele f\u00fcr Anwendungen<\/h3>\n<\/div><\/div><\/div>\n\n<div class=\"container\"><div class=\"row\"><div class=\"col-12\">\n<hr class=\"wp-block-separator has-text-color has-light-color has-alpha-channel-opacity has-light-background-color has-background is-style-wide\" \/>\n<\/div><\/div><\/div>\n\n<div class=\"container\"><div class=\"row\"><div class=\"col-12\">\n<ul class=\"wp-block-list has-light-color has-text-color has-link-color wp-elements-0a3f0683a986e541f3cfca78de79326f\"><div class=\"container\"><div class=\"row\"><div class=\"col-12\">\n<li>Trennw\u00e4nde<\/li>\n<\/div><\/div><\/div>\n\n<div class=\"container\"><div class=\"row\"><div class=\"col-12\">\n<li>Glasbarrieren<\/li>\n<\/div><\/div><\/div>\n\n<div class=\"container\"><div class=\"row\"><div class=\"col-12\">\n<li>Isolierglas-Einheiten<\/li>\n<\/div><\/div><\/div><\/ul>\n<\/div><\/div><\/div><\/div>\n<\/div>\n<\/div>\n\n<div class=\"container\">\n<div class=\"row alignwide has-blue-background-color has-background is-layout-flex wp-container-core-columns-is-layout-9d6595d7 row-is-layout-flex\">\n<div class=\"position-relative col-md has-blue-background-color has-background is-content-justification-left is-layout-constrained wp-container-core-column-is-layout-8c890d92 position-relative col-md-is-layout-constrained\">\n<div style=\"height:100px\" aria-hidden=\"true\" class=\"wp-block-spacer\"><\/div>\n<\/div>\n<\/div>\n<\/div><\/div>\n\n<div style=\"height:150px\" aria-hidden=\"true\" class=\"wp-block-spacer\"><\/div>\n<div class=\"container\"><div class=\"row\"><div class=\"col-12\">\n<h2 class=\"wp-block-heading\" id=\"specifications\">Spezifikationen<\/h2>\n<\/div><\/div><\/div>\n<div style=\"height:50px\" aria-hidden=\"true\" class=\"wp-block-spacer\"><\/div>\n<div class=\"container\"><div class=\"row\"><div class=\"col-12\">    <div class=\"accordion\" id=\"accordion-69e3a93098f02\">\n                    <div class=\"accordion-item rounded-0 border-0\">\n                <h2 class=\"accordion-header\" id=\"heading-item-69e3a9309de8f\">\n                    <button class=\"accordion-button px-0 border-bottom border-1 border-primary bg-transparent collapsed\" type=\"button\" data-bs-toggle=\"collapse\" \n                        data-bs-target=\"#collapse-item-69e3a9309de8f\" \n                        aria-expanded=\"false\" aria-controls=\"collapse-item-69e3a9309de8f\">\n                        Informationen \u00fcber Produktionsm\u00f6glichkeiten                    <\/button>\n                <\/h2>\n                <div id=\"collapse-item-69e3a9309de8f\" class=\"accordion-collapse collapse\" \n                    aria-labelledby=\"heading-item-69e3a9309de8f\" \n                    data-bs-parent=\"#accordion-69e3a93098f02\">\n                    <div class=\"accordion-body px-0 border-bottom border-1 border-primary\">\n                        <p>Um die Einzelheiten einer Bestellung von Einzelgl\u00e4sern zu besprechen, wenden Sie sich bitte an Ihren Vertriebsbeauftragten.<\/p>\n                    <\/div>\n                <\/div>\n            <\/div>\n            <\/div>\n<\/div><\/div><\/div>\n<div style=\"height:100px\" aria-hidden=\"true\" class=\"wp-block-spacer\"><\/div>\n","protected":false},"excerpt":{"rendered":"<p>Einfaches Glas, das die Grundlage aller im Bauwesen verwendeten Verglasungen ist, wird auch in einer weniger verarbeiteten Form angeboten.<\/p>\n","protected":false},"author":3,"featured_media":170581,"parent":170580,"menu_order":25,"comment_status":"closed","ping_status":"closed","template":"","meta":{"_acf_changed":false,"footnotes":""},"class_list":["post-170594","page","type-page","status-publish","has-post-thumbnail","hentry"],"acf":[],"yoast_head":"<!-- This site is optimized with the Yoast SEO plugin v27.3 - https:\/\/yoast.com\/product\/yoast-seo-wordpress\/ -->\n<title>Einfaches Glas - Press Glass<\/title>\n<meta name=\"robots\" content=\"noindex, follow, max-snippet:-1, max-image-preview:large, max-video-preview:-1\" \/>\n<meta property=\"og:locale\" content=\"de_DE\" \/>\n<meta property=\"og:type\" content=\"article\" \/>\n<meta property=\"og:title\" content=\"Einfaches Glas - Press Glass\" \/>\n<meta property=\"og:description\" content=\"Einfaches Glas, das die Grundlage aller im Bauwesen verwendeten Verglasungen ist, wird auch in einer weniger verarbeiteten Form angeboten.\" \/>\n<meta property=\"og:url\" content=\"https:\/\/pressdev1.pressglass.com\/de\/angebot\/einfaches-glas\/\" \/>\n<meta property=\"og:site_name\" content=\"Press Glass\" \/>\n<meta property=\"article:modified_time\" content=\"2026-03-16T14:15:06+00:00\" \/>\n<meta property=\"og:image\" content=\"https:\/\/pressdev1.pressglass.com\/wp-content\/uploads\/sites\/3\/2025\/06\/hero_our_product_1.jpg\" \/>\n\t<meta property=\"og:image:width\" content=\"1920\" \/>\n\t<meta property=\"og:image:height\" content=\"900\" \/>\n\t<meta property=\"og:image:type\" content=\"image\/jpeg\" \/>\n<meta name=\"twitter:card\" content=\"summary_large_image\" \/>\n<meta name=\"twitter:label1\" content=\"Gesch\u00e4tzte Lesezeit\" \/>\n\t<meta name=\"twitter:data1\" content=\"1\u00a0Minute\" \/>\n<script type=\"application\/ld+json\" class=\"yoast-schema-graph\">{\"@context\":\"https:\\\/\\\/schema.org\",\"@graph\":[{\"@type\":\"WebPage\",\"@id\":\"https:\\\/\\\/pressdev1.pressglass.com\\\/de\\\/angebot\\\/einfaches-glas\\\/\",\"url\":\"https:\\\/\\\/pressdev1.pressglass.com\\\/de\\\/angebot\\\/einfaches-glas\\\/\",\"name\":\"Einfaches Glas - Press Glass\",\"isPartOf\":{\"@id\":\"https:\\\/\\\/pressdev1.pressglass.com\\\/#website\"},\"primaryImageOfPage\":{\"@id\":\"https:\\\/\\\/pressdev1.pressglass.com\\\/de\\\/angebot\\\/einfaches-glas\\\/#primaryimage\"},\"image\":{\"@id\":\"https:\\\/\\\/pressdev1.pressglass.com\\\/de\\\/angebot\\\/einfaches-glas\\\/#primaryimage\"},\"thumbnailUrl\":\"https:\\\/\\\/pressdev1.pressglass.com\\\/wp-content\\\/uploads\\\/sites\\\/3\\\/2025\\\/06\\\/hero_our_product_1.jpg\",\"datePublished\":\"2025-08-19T11:11:41+00:00\",\"dateModified\":\"2026-03-16T14:15:06+00:00\",\"breadcrumb\":{\"@id\":\"https:\\\/\\\/pressdev1.pressglass.com\\\/de\\\/angebot\\\/einfaches-glas\\\/#breadcrumb\"},\"inLanguage\":\"de\",\"potentialAction\":[{\"@type\":\"ReadAction\",\"target\":[\"https:\\\/\\\/pressdev1.pressglass.com\\\/de\\\/angebot\\\/einfaches-glas\\\/\"]}]},{\"@type\":\"ImageObject\",\"inLanguage\":\"de\",\"@id\":\"https:\\\/\\\/pressdev1.pressglass.com\\\/de\\\/angebot\\\/einfaches-glas\\\/#primaryimage\",\"url\":\"https:\\\/\\\/pressdev1.pressglass.com\\\/wp-content\\\/uploads\\\/sites\\\/3\\\/2025\\\/06\\\/hero_our_product_1.jpg\",\"contentUrl\":\"https:\\\/\\\/pressdev1.pressglass.com\\\/wp-content\\\/uploads\\\/sites\\\/3\\\/2025\\\/06\\\/hero_our_product_1.jpg\",\"width\":1920,\"height\":900},{\"@type\":\"BreadcrumbList\",\"@id\":\"https:\\\/\\\/pressdev1.pressglass.com\\\/de\\\/angebot\\\/einfaches-glas\\\/#breadcrumb\",\"itemListElement\":[{\"@type\":\"ListItem\",\"position\":1,\"name\":\"Strona g\u0142\u00f3wna\",\"item\":\"https:\\\/\\\/pressdev1.pressglass.com\\\/de\\\/\"},{\"@type\":\"ListItem\",\"position\":2,\"name\":\"Angebot\",\"item\":\"https:\\\/\\\/pressdev1.pressglass.com\\\/de\\\/angebot\\\/\"},{\"@type\":\"ListItem\",\"position\":3,\"name\":\"Einfaches Glas\"}]},{\"@type\":\"WebSite\",\"@id\":\"https:\\\/\\\/pressdev1.pressglass.com\\\/#website\",\"url\":\"https:\\\/\\\/pressdev1.pressglass.com\\\/\",\"name\":\"Press Glass\",\"description\":\"\",\"potentialAction\":[{\"@type\":\"SearchAction\",\"target\":{\"@type\":\"EntryPoint\",\"urlTemplate\":\"https:\\\/\\\/pressdev1.pressglass.com\\\/?s={search_term_string}\"},\"query-input\":{\"@type\":\"PropertyValueSpecification\",\"valueRequired\":true,\"valueName\":\"search_term_string\"}}],\"inLanguage\":\"de\"}]}<\/script>\n<!-- \/ Yoast SEO plugin. -->","yoast_head_json":{"title":"Einfaches Glas - Press Glass","robots":{"index":"noindex","follow":"follow","max-snippet":"max-snippet:-1","max-image-preview":"max-image-preview:large","max-video-preview":"max-video-preview:-1"},"og_locale":"de_DE","og_type":"article","og_title":"Einfaches Glas - Press Glass","og_description":"Einfaches Glas, das die Grundlage aller im Bauwesen verwendeten Verglasungen ist, wird auch in einer weniger verarbeiteten Form angeboten.","og_url":"https:\/\/pressdev1.pressglass.com\/de\/angebot\/einfaches-glas\/","og_site_name":"Press Glass","article_modified_time":"2026-03-16T14:15:06+00:00","og_image":[{"width":1920,"height":900,"url":"https:\/\/pressdev1.pressglass.com\/wp-content\/uploads\/sites\/3\/2025\/06\/hero_our_product_1.jpg","type":"image\/jpeg"}],"twitter_card":"summary_large_image","twitter_misc":{"Gesch\u00e4tzte Lesezeit":"1\u00a0Minute"},"schema":{"@context":"https:\/\/schema.org","@graph":[{"@type":"WebPage","@id":"https:\/\/pressdev1.pressglass.com\/de\/angebot\/einfaches-glas\/","url":"https:\/\/pressdev1.pressglass.com\/de\/angebot\/einfaches-glas\/","name":"Einfaches Glas - Press Glass","isPartOf":{"@id":"https:\/\/pressdev1.pressglass.com\/#website"},"primaryImageOfPage":{"@id":"https:\/\/pressdev1.pressglass.com\/de\/angebot\/einfaches-glas\/#primaryimage"},"image":{"@id":"https:\/\/pressdev1.pressglass.com\/de\/angebot\/einfaches-glas\/#primaryimage"},"thumbnailUrl":"https:\/\/pressdev1.pressglass.com\/wp-content\/uploads\/sites\/3\/2025\/06\/hero_our_product_1.jpg","datePublished":"2025-08-19T11:11:41+00:00","dateModified":"2026-03-16T14:15:06+00:00","breadcrumb":{"@id":"https:\/\/pressdev1.pressglass.com\/de\/angebot\/einfaches-glas\/#breadcrumb"},"inLanguage":"de","potentialAction":[{"@type":"ReadAction","target":["https:\/\/pressdev1.pressglass.com\/de\/angebot\/einfaches-glas\/"]}]},{"@type":"ImageObject","inLanguage":"de","@id":"https:\/\/pressdev1.pressglass.com\/de\/angebot\/einfaches-glas\/#primaryimage","url":"https:\/\/pressdev1.pressglass.com\/wp-content\/uploads\/sites\/3\/2025\/06\/hero_our_product_1.jpg","contentUrl":"https:\/\/pressdev1.pressglass.com\/wp-content\/uploads\/sites\/3\/2025\/06\/hero_our_product_1.jpg","width":1920,"height":900},{"@type":"BreadcrumbList","@id":"https:\/\/pressdev1.pressglass.com\/de\/angebot\/einfaches-glas\/#breadcrumb","itemListElement":[{"@type":"ListItem","position":1,"name":"Strona g\u0142\u00f3wna","item":"https:\/\/pressdev1.pressglass.com\/de\/"},{"@type":"ListItem","position":2,"name":"Angebot","item":"https:\/\/pressdev1.pressglass.com\/de\/angebot\/"},{"@type":"ListItem","position":3,"name":"Einfaches Glas"}]},{"@type":"WebSite","@id":"https:\/\/pressdev1.pressglass.com\/#website","url":"https:\/\/pressdev1.pressglass.com\/","name":"Press Glass","description":"","potentialAction":[{"@type":"SearchAction","target":{"@type":"EntryPoint","urlTemplate":"https:\/\/pressdev1.pressglass.com\/?s={search_term_string}"},"query-input":{"@type":"PropertyValueSpecification","valueRequired":true,"valueName":"search_term_string"}}],"inLanguage":"de"}]}},"_links":{"self":[{"href":"https:\/\/pressdev1.pressglass.com\/de\/wp-json\/wp\/v2\/pages\/170594","targetHints":{"allow":["GET"]}}],"collection":[{"href":"https:\/\/pressdev1.pressglass.com\/de\/wp-json\/wp\/v2\/pages"}],"about":[{"href":"https:\/\/pressdev1.pressglass.com\/de\/wp-json\/wp\/v2\/types\/page"}],"author":[{"embeddable":true,"href":"https:\/\/pressdev1.pressglass.com\/de\/wp-json\/wp\/v2\/users\/3"}],"replies":[{"embeddable":true,"href":"https:\/\/pressdev1.pressglass.com\/de\/wp-json\/wp\/v2\/comments?post=170594"}],"version-history":[{"count":1,"href":"https:\/\/pressdev1.pressglass.com\/de\/wp-json\/wp\/v2\/pages\/170594\/revisions"}],"predecessor-version":[{"id":170603,"href":"https:\/\/pressdev1.pressglass.com\/de\/wp-json\/wp\/v2\/pages\/170594\/revisions\/170603"}],"up":[{"embeddable":true,"href":"https:\/\/pressdev1.pressglass.com\/de\/wp-json\/wp\/v2\/pages\/170580"}],"wp:featuredmedia":[{"embeddable":true,"href":"https:\/\/pressdev1.pressglass.com\/de\/wp-json\/wp\/v2\/media\/170581"}],"wp:attachment":[{"href":"https:\/\/pressdev1.pressglass.com\/de\/wp-json\/wp\/v2\/media?parent=170594"}],"curies":[{"name":"wp","href":"https:\/\/api.w.org\/{rel}","templated":true}]}}