

{"id":170596,"date":"2025-08-19T13:11:41","date_gmt":"2025-08-19T11:11:41","guid":{"rendered":"https:\/\/pressdev1.pressglass.com\/offre\/verre-simple\/"},"modified":"2026-03-16T15:15:06","modified_gmt":"2026-03-16T14:15:06","slug":"verre-simple","status":"publish","type":"page","link":"https:\/\/pressdev1.pressglass.com\/fr\/offre\/verre-simple\/","title":{"rendered":"Verre simple"},"content":{"rendered":"\n\n\n<section id=\"hero--carousel_block_1ae79a4e923ab225f041378ef89e4828\" class=\"hero--section  bg-primary d-flex flex-column text-bg-primary justify-content-center position-relative\">\n        <div class=\"hero--carousel h-100\">\n                <div class=\"item h-100\" style=\"background-image: url(https:\/\/pressdev1.pressglass.com\/wp-content\/uploads\/sites\/3\/2025\/06\/hero_our_product_1.jpg);\">\n            <img decoding=\"async\" src=\"https:\/\/pressdev1.pressglass.com\/wp-content\/uploads\/sites\/3\/2025\/06\/hero_our_product_1.jpg\" alt=\"\" class=\"img-fluid opacity-0\">\n        <\/div>\n            <\/div>\n        <div class=\"container d-flex flex-column justify-content-center\">\n        <div class=\"row\">\n            <div class=\"col-md-10 col-12 offset-md-1\">\n                <div class=\"hero-headline text-uppercase mb-sm-5 mb-3 anim-in\">Construction de base<br \/>\r\nmat\u00e9riel<\/div>\n                            <\/div>\n        <\/div>\n    <\/div>\n        <div id=\"jsSubNav\" class=\"container-fluid sub--navigation\">\n        <div class=\"d-flex w-100 justify-content-between align-items-center h-100\">\n            <nav aria-label=\"breadcrumb\" class=\"\"><ol class=\"breadcrumb mb-0 \"><li class=\"breadcrumb-item\"><a href=\"https:\/\/pressdev1.pressglass.com\/fr\/\">Page d&rsquo;accueil<\/a><\/li><\/ol><\/nav>\n                        <nav aria-label=\"subnav\" class=\"d-lg-flex d-noned-lg-flex d-none \">\n                <ul class=\"nav d-flex flex-row flex-nowrap text-nowrap\">\n                                        <li class=\"nav-item\">\n                        <a class=\"nav-link\" href=\"#overview\" title=\"Vue d'ensemble\" target=\"\">Vue d&rsquo;ensemble<\/a>\n                    <\/li>\n                                        <li class=\"nav-item\">\n                        <a class=\"nav-link\" href=\"#benefits-and-applications\" title=\"Avantages et applications\" target=\"\">Avantages et applications<\/a>\n                    <\/li>\n                                        <li class=\"nav-item\">\n                        <a class=\"nav-link\" href=\"#specifications\" title=\"Sp\u00e9cifications\" target=\"\">Sp\u00e9cifications<\/a>\n                    <\/li>\n                                    <\/ul>\n            <\/nav>\n            \n            <div class=\"dropdown d-lg-none\">\n                <button class=\"btn btn-link dropdown-toggle text-white\" type=\"button\" data-bs-toggle=\"dropdown\" aria-expanded=\"false\">\n                    <svg width=\"32\" height=\"32\" fill=\"currentColor\" class=\"bi bi-three-dots-vertical\" viewBox=\"0 0 16 16\">\n                        <path d=\"M9.5 13a1.5 1.5 0 1 1-3 0 1.5 1.5 0 0 1 3 0m0-5a1.5 1.5 0 1 1-3 0 1.5 1.5 0 0 1 3 0m0-5a1.5 1.5 0 1 1-3 0 1.5 1.5 0 0 1 3 0\"\/>\n                    <\/svg>\n                <\/button>\n                <ul class=\"dropdown-menu dropdown-menu-end rounded-0 border-0 shadow \">\n                                        <li><a class=\"dropdown-item\" href=\"#overview\" title=\"Vue d'ensemble\" target=\"\">Vue d&rsquo;ensemble<\/a><\/li>\n                                        <li><a class=\"dropdown-item\" href=\"#benefits-and-applications\" title=\"Avantages et applications\" target=\"\">Avantages et applications<\/a><\/li>\n                                        <li><a class=\"dropdown-item\" href=\"#specifications\" title=\"Sp\u00e9cifications\" target=\"\">Sp\u00e9cifications<\/a><\/li>\n                                    <\/ul>\n            <\/div>\n                    <\/div>\n    <\/div>\n    <\/section>\n\n<style type=\"text\/css\">\n    main > .hero--section:first-child {  \n        z-index: 10;\n    }\n    main > .hero--section:not(:first-child) {  \n        overflow: hidden;\n    }\n    \n    .hero--section.hero-size-medium {\n        max-height: 480px;\n    }\n    .hero--section.hero-size-small {\n        max-height: 400px;\n    }\n\n    .hero--section .hero-headline  {\n        font-size: clamp(2.1875rem, 1.25rem + 4.1667vw, 4.6875rem);\n        font-weight: 300;\n        line-height: 1;\n    }\n\n    .hero--section .sub--navigation {\n        position: absolute;\n        bottom:0;\n        left: 0;\n        width: 100%;\n        z-index: 100;\n        height: 60px;\n        background-color: rgba(20, 42, 82, .9);\n    }\n\n    .hero--section .sub--navigation.fixed-top {\n        position: fixed;\n        bottom:auto;\n    }\n\n    .hero--section .sub--navigation .breadcrumb .breadcrumb-item a, .hero--section .sub--navigation .breadcrumb .breadcrumb-item {\n        padding-top: 0.5rem;\n        padding-bottom: 0.5rem;\n    }\n\n    .hero--section .sub--navigation .breadcrumb .breadcrumb-item a, .hero--section .sub--navigation .breadcrumb .breadcrumb-item,\n    .hero--section .sub--navigation .nav .nav-item .nav-link, .hero--section .sub--navigation .nav .nav-item {\n        font-size: clamp(0.875rem, 0.7344rem + 0.625vw, 1.25rem);\n        font-weight: 300;\n        text-decoration: none;\n        color: #fff;\n    }\n    .hero--section .sub--navigation .breadcrumb .breadcrumb-item a:hover,\n    .hero--section .sub--navigation .nav .nav-item .nav-link:hover {\n        opacity: .75;\n    }\n    .hero--section .sub--navigation .breadcrumb-item + .breadcrumb-item::before {\n        color: #fff;\n    }\n<\/style>\n<script>\ndocument.addEventListener(\"DOMContentLoaded\", function () {\n    const subNav = document.getElementById(\"jsSubNav\");\n    const headerNav = document.querySelector(\"header > nav\");\n    const heroSection = document.querySelector(\".hero--section\");\n\n    if (!subNav || !headerNav || !heroSection) return; \/\/ Je\u015bli kt\u00f3ry\u015b element nie istnieje, zatrzymaj skrypt\n\n    function checkScroll() {\n        const headerHeight = headerNav.offsetHeight; \/\/ Wysoko\u015b\u0107 header > nav\n        const subNavHeight = subNav.offsetHeight; \/\/ Wysoko\u015b\u0107 jsSubNav\n        const heroBottom = heroSection.getBoundingClientRect().bottom; \/\/ Dolna cz\u0119\u015b\u0107 hero wzgl\u0119dem okna\n\n        if (heroBottom - subNavHeight <= headerHeight) {\n            \/\/ Gdy dolna cz\u0119\u015b\u0107 hero - wysoko\u015b\u0107 subNav jest <= wysoko\u015bci headera\n            subNav.classList.add(\"fixed-top\");\n            subNav.classList.remove(\"fixed-bottom\");\n            subNav.style.top = `${headerHeight}px`; \/\/ Ustawiamy top r\u00f3wny headerowi\n        } else {\n            \/\/ Gdy dolna cz\u0119\u015b\u0107 hero jest wy\u017cej ni\u017c header\n            subNav.classList.add(\"fixed-bottom\");\n            subNav.classList.remove(\"fixed-top\");\n            subNav.style.top = \"\"; \/\/ Resetujemy top, aby by\u0142 przyklejony do hero\n        }\n    }\n\n    window.addEventListener(\"scroll\", checkScroll);\n});\n\n<\/script>\n\n<div style=\"height:1px\" aria-hidden=\"true\" id=\"overview\" class=\"wp-block-spacer\"><\/div>\n\n<section class=\"section--page-title py-md-5 py-4\">\n    <div class=\"container\">\n        <h1 class=\"mb-md-5 md-3\">Verre simple<\/h1>        <p>Le verre simple, qui est \u00e0 la base de tous les vitrages utilis\u00e9s dans la construction, est \u00e9galement propos\u00e9 sous une forme moins transform\u00e9e.<\/p>\n    <\/div>\n<\/section>\n\n<style type=\"text\/css\">\n    .section--page-title {\n        background-color: #fbfcfc;\n    }\n\n<\/style>\n<div style=\"height:100px\" aria-hidden=\"true\" class=\"wp-block-spacer\"><\/div>\n<div class=\"container\"><div class=\"row\"><div class=\"col-12\">\n<p>Parmi tous les types de verre propos\u00e9s dans PRESS GLASS, le verre simple est \u00e9galement demand\u00e9 dans diverses branches. Il s'agit d'un produit moins transform\u00e9 que le vitrage isolant. PRESS GLASS propose du verre monolithique qui est coup\u00e9 aux dimensions requises sur la base des types suivants : verre flott\u00e9, verre teint\u00e9, r\u00e9fl\u00e9chissant et \u00e0 rev\u00eatement dur, ainsi que trait\u00e9 chimiquement. Le verre simple est propos\u00e9 sans usinage suppl\u00e9mentaire des bords.   <\/p>\n<\/div><\/div><\/div>\n<div style=\"height:100px\" aria-hidden=\"true\" class=\"wp-block-spacer\"><\/div>\n\n<div id=\"benefits-and-applications\" class=\"wp-block-group has-blue-background-color has-background is-layout-constrained wp-block-group-is-layout-constrained\"><div class=\"container\">\n<div class=\"row alignwide has-blue-background-color has-background is-layout-flex wp-container-core-columns-is-layout-9d6595d7 row-is-layout-flex\">\n<div class=\"position-relative col-md has-blue-background-color has-background is-content-justification-left is-layout-constrained wp-container-core-column-is-layout-8c890d92 position-relative col-md-is-layout-constrained\">\n<div style=\"height:100px\" aria-hidden=\"true\" class=\"wp-block-spacer\"><\/div>\n\n\n<div class=\"container\"><div class=\"row\"><div class=\"col-12\">\n<h2 class=\"wp-block-heading has-light-color has-text-color has-link-color wp-elements-f74c0477926327d34be33bba24fd764e\">Avantages et applications<br\/>verre simple<\/h2>\n<\/div><\/div><\/div>\n\n\n<div style=\"height:50px\" aria-hidden=\"true\" class=\"wp-block-spacer\"><\/div>\n<\/div>\n<\/div>\n<\/div>\n\n<div class=\"container\">\n<div class=\"row alignwide has-blue-background-color has-background is-layout-flex wp-container-core-columns-is-layout-9d6595d7 row-is-layout-flex\">\n<div class=\"position-relative col-md has-blue-background-color has-background is-content-justification-left is-layout-constrained wp-container-core-column-is-layout-8c890d92 position-relative col-md-is-layout-constrained\"><div class=\"container\"><div class=\"row\"><div class=\"col-12\">\n<h3 class=\"wp-block-heading has-light-color has-text-color has-link-color wp-elements-904ba3ea9752eb6bcbd06cf194b937de\">Avantages<\/h3>\n<\/div><\/div><\/div>\n\n<div class=\"container\"><div class=\"row\"><div class=\"col-12\">\n<hr class=\"wp-block-separator has-text-color has-light-color has-alpha-channel-opacity has-light-background-color has-background is-style-wide\" \/>\n<\/div><\/div><\/div>\n\n<div class=\"container\"><div class=\"row\"><div class=\"col-12\">\n<ul class=\"wp-block-list has-light-color has-text-color has-link-color wp-elements-f7097a31554570215b4c56641e13873d\"><div class=\"container\"><div class=\"row\"><div class=\"col-12\">\n<li>Large \u00e9ventail d'applications<\/li>\n<\/div><\/div><\/div>\n\n<div class=\"container\"><div class=\"row\"><div class=\"col-12\">\n<li class=\"has-light-color has-text-color has-link-color wp-elements-755fcca22a8c4b4dd9259eec17b541a3\">Pr\u00eat pour un traitement ult\u00e9rieur<\/li>\n<\/div><\/div><\/div>\n\n<div class=\"container\"><div class=\"row\"><div class=\"col-12\">\n<li>Formats \u00e0 d\u00e9couper<\/li>\n<\/div><\/div><\/div><\/ul>\n<\/div><\/div><\/div><\/div>\n\n\n\n<div class=\"position-relative col-md is-layout-flow position-relative col-md-is-layout-flow\"><div class=\"container\"><div class=\"row\"><div class=\"col-12\">\n<h3 class=\"wp-block-heading has-light-color has-text-color has-link-color wp-elements-bf34b337f480e3a85b7dfb56f8188a61\">Exemples d'applications<\/h3>\n<\/div><\/div><\/div>\n\n<div class=\"container\"><div class=\"row\"><div class=\"col-12\">\n<hr class=\"wp-block-separator has-text-color has-light-color has-alpha-channel-opacity has-light-background-color has-background is-style-wide\" \/>\n<\/div><\/div><\/div>\n\n<div class=\"container\"><div class=\"row\"><div class=\"col-12\">\n<ul class=\"wp-block-list has-light-color has-text-color has-link-color wp-elements-b9e45a885582b432c7208585319b8aac\"><div class=\"container\"><div class=\"row\"><div class=\"col-12\">\n<li>Cloisons de s\u00e9paration<\/li>\n<\/div><\/div><\/div>\n\n<div class=\"container\"><div class=\"row\"><div class=\"col-12\">\n<li>Barri\u00e8res de verre<\/li>\n<\/div><\/div><\/div>\n\n<div class=\"container\"><div class=\"row\"><div class=\"col-12\">\n<li>Vitrages isolants<\/li>\n<\/div><\/div><\/div><\/ul>\n<\/div><\/div><\/div><\/div>\n<\/div>\n<\/div>\n\n<div class=\"container\">\n<div class=\"row alignwide has-blue-background-color has-background is-layout-flex wp-container-core-columns-is-layout-9d6595d7 row-is-layout-flex\">\n<div class=\"position-relative col-md has-blue-background-color has-background is-content-justification-left is-layout-constrained wp-container-core-column-is-layout-8c890d92 position-relative col-md-is-layout-constrained\">\n<div style=\"height:100px\" aria-hidden=\"true\" class=\"wp-block-spacer\"><\/div>\n<\/div>\n<\/div>\n<\/div><\/div>\n\n<div style=\"height:150px\" aria-hidden=\"true\" class=\"wp-block-spacer\"><\/div>\n<div class=\"container\"><div class=\"row\"><div class=\"col-12\">\n<h2 class=\"wp-block-heading\" id=\"specifications\">Sp\u00e9cifications<\/h2>\n<\/div><\/div><\/div>\n<div style=\"height:50px\" aria-hidden=\"true\" class=\"wp-block-spacer\"><\/div>\n<div class=\"container\"><div class=\"row\"><div class=\"col-12\">    <div class=\"accordion\" id=\"accordion-69e3a905225a7\">\n                    <div class=\"accordion-item rounded-0 border-0\">\n                <h2 class=\"accordion-header\" id=\"heading-item-69e3a90527537\">\n                    <button class=\"accordion-button px-0 border-bottom border-1 border-primary bg-transparent collapsed\" type=\"button\" data-bs-toggle=\"collapse\" \n                        data-bs-target=\"#collapse-item-69e3a90527537\" \n                        aria-expanded=\"false\" aria-controls=\"collapse-item-69e3a90527537\">\n                        Informations sur les capacit\u00e9s de production                    <\/button>\n                <\/h2>\n                <div id=\"collapse-item-69e3a90527537\" class=\"accordion-collapse collapse\" \n                    aria-labelledby=\"heading-item-69e3a90527537\" \n                    data-bs-parent=\"#accordion-69e3a905225a7\">\n                    <div class=\"accordion-body px-0 border-bottom border-1 border-primary\">\n                        <p>Pour discuter des d\u00e9tails d&rsquo;une commande de verre unique, veuillez contacter votre repr\u00e9sentant commercial.<\/p>\n                    <\/div>\n                <\/div>\n            <\/div>\n            <\/div>\n<\/div><\/div><\/div>\n<div style=\"height:100px\" aria-hidden=\"true\" class=\"wp-block-spacer\"><\/div>\n","protected":false},"excerpt":{"rendered":"<p>Le verre simple, qui est \u00e0 la base de tous les vitrages utilis\u00e9s dans la construction, est \u00e9galement propos\u00e9 sous une forme moins transform\u00e9e.<\/p>\n","protected":false},"author":3,"featured_media":170578,"parent":170577,"menu_order":25,"comment_status":"closed","ping_status":"closed","template":"","meta":{"_acf_changed":false,"footnotes":""},"class_list":["post-170596","page","type-page","status-publish","has-post-thumbnail","hentry"],"acf":[],"yoast_head":"<!-- This site is optimized with the Yoast SEO plugin v27.3 - https:\/\/yoast.com\/product\/yoast-seo-wordpress\/ -->\n<title>Verre simple - Press Glass<\/title>\n<meta name=\"robots\" content=\"noindex, follow, max-snippet:-1, max-image-preview:large, max-video-preview:-1\" \/>\n<meta property=\"og:locale\" content=\"fr_FR\" \/>\n<meta property=\"og:type\" content=\"article\" \/>\n<meta property=\"og:title\" content=\"Verre simple - Press Glass\" \/>\n<meta property=\"og:description\" content=\"Le verre simple, qui est \u00e0 la base de tous les vitrages utilis\u00e9s dans la construction, est \u00e9galement propos\u00e9 sous une forme moins transform\u00e9e.\" \/>\n<meta property=\"og:url\" content=\"https:\/\/pressdev1.pressglass.com\/fr\/offre\/verre-simple\/\" \/>\n<meta property=\"og:site_name\" content=\"Press Glass\" \/>\n<meta property=\"article:modified_time\" content=\"2026-03-16T14:15:06+00:00\" \/>\n<meta property=\"og:image\" content=\"https:\/\/pressdev1.pressglass.com\/wp-content\/uploads\/sites\/3\/2025\/06\/hero_our_product_1.jpg\" \/>\n\t<meta property=\"og:image:width\" content=\"1920\" \/>\n\t<meta property=\"og:image:height\" content=\"900\" \/>\n\t<meta property=\"og:image:type\" content=\"image\/jpeg\" \/>\n<meta name=\"twitter:card\" content=\"summary_large_image\" \/>\n<meta name=\"twitter:label1\" content=\"Dur\u00e9e de lecture estim\u00e9e\" \/>\n\t<meta name=\"twitter:data1\" content=\"1 minute\" \/>\n<script type=\"application\/ld+json\" class=\"yoast-schema-graph\">{\"@context\":\"https:\\\/\\\/schema.org\",\"@graph\":[{\"@type\":\"WebPage\",\"@id\":\"https:\\\/\\\/pressdev1.pressglass.com\\\/fr\\\/offre\\\/verre-simple\\\/\",\"url\":\"https:\\\/\\\/pressdev1.pressglass.com\\\/fr\\\/offre\\\/verre-simple\\\/\",\"name\":\"Verre simple - Press Glass\",\"isPartOf\":{\"@id\":\"https:\\\/\\\/pressdev1.pressglass.com\\\/#website\"},\"primaryImageOfPage\":{\"@id\":\"https:\\\/\\\/pressdev1.pressglass.com\\\/fr\\\/offre\\\/verre-simple\\\/#primaryimage\"},\"image\":{\"@id\":\"https:\\\/\\\/pressdev1.pressglass.com\\\/fr\\\/offre\\\/verre-simple\\\/#primaryimage\"},\"thumbnailUrl\":\"https:\\\/\\\/pressdev1.pressglass.com\\\/wp-content\\\/uploads\\\/sites\\\/3\\\/2025\\\/06\\\/hero_our_product_1.jpg\",\"datePublished\":\"2025-08-19T11:11:41+00:00\",\"dateModified\":\"2026-03-16T14:15:06+00:00\",\"breadcrumb\":{\"@id\":\"https:\\\/\\\/pressdev1.pressglass.com\\\/fr\\\/offre\\\/verre-simple\\\/#breadcrumb\"},\"inLanguage\":\"fr-FR\",\"potentialAction\":[{\"@type\":\"ReadAction\",\"target\":[\"https:\\\/\\\/pressdev1.pressglass.com\\\/fr\\\/offre\\\/verre-simple\\\/\"]}]},{\"@type\":\"ImageObject\",\"inLanguage\":\"fr-FR\",\"@id\":\"https:\\\/\\\/pressdev1.pressglass.com\\\/fr\\\/offre\\\/verre-simple\\\/#primaryimage\",\"url\":\"https:\\\/\\\/pressdev1.pressglass.com\\\/wp-content\\\/uploads\\\/sites\\\/3\\\/2025\\\/06\\\/hero_our_product_1.jpg\",\"contentUrl\":\"https:\\\/\\\/pressdev1.pressglass.com\\\/wp-content\\\/uploads\\\/sites\\\/3\\\/2025\\\/06\\\/hero_our_product_1.jpg\",\"width\":1920,\"height\":900},{\"@type\":\"BreadcrumbList\",\"@id\":\"https:\\\/\\\/pressdev1.pressglass.com\\\/fr\\\/offre\\\/verre-simple\\\/#breadcrumb\",\"itemListElement\":[{\"@type\":\"ListItem\",\"position\":1,\"name\":\"Strona g\u0142\u00f3wna\",\"item\":\"https:\\\/\\\/pressdev1.pressglass.com\\\/fr\\\/\"},{\"@type\":\"ListItem\",\"position\":2,\"name\":\"Offre\",\"item\":\"https:\\\/\\\/pressdev1.pressglass.com\\\/fr\\\/offre\\\/\"},{\"@type\":\"ListItem\",\"position\":3,\"name\":\"Verre simple\"}]},{\"@type\":\"WebSite\",\"@id\":\"https:\\\/\\\/pressdev1.pressglass.com\\\/#website\",\"url\":\"https:\\\/\\\/pressdev1.pressglass.com\\\/\",\"name\":\"Press Glass\",\"description\":\"\",\"potentialAction\":[{\"@type\":\"SearchAction\",\"target\":{\"@type\":\"EntryPoint\",\"urlTemplate\":\"https:\\\/\\\/pressdev1.pressglass.com\\\/?s={search_term_string}\"},\"query-input\":{\"@type\":\"PropertyValueSpecification\",\"valueRequired\":true,\"valueName\":\"search_term_string\"}}],\"inLanguage\":\"fr-FR\"}]}<\/script>\n<!-- \/ Yoast SEO plugin. -->","yoast_head_json":{"title":"Verre simple - Press Glass","robots":{"index":"noindex","follow":"follow","max-snippet":"max-snippet:-1","max-image-preview":"max-image-preview:large","max-video-preview":"max-video-preview:-1"},"og_locale":"fr_FR","og_type":"article","og_title":"Verre simple - Press Glass","og_description":"Le verre simple, qui est \u00e0 la base de tous les vitrages utilis\u00e9s dans la construction, est \u00e9galement propos\u00e9 sous une forme moins transform\u00e9e.","og_url":"https:\/\/pressdev1.pressglass.com\/fr\/offre\/verre-simple\/","og_site_name":"Press Glass","article_modified_time":"2026-03-16T14:15:06+00:00","og_image":[{"width":1920,"height":900,"url":"https:\/\/pressdev1.pressglass.com\/wp-content\/uploads\/sites\/3\/2025\/06\/hero_our_product_1.jpg","type":"image\/jpeg"}],"twitter_card":"summary_large_image","twitter_misc":{"Dur\u00e9e de lecture estim\u00e9e":"1 minute"},"schema":{"@context":"https:\/\/schema.org","@graph":[{"@type":"WebPage","@id":"https:\/\/pressdev1.pressglass.com\/fr\/offre\/verre-simple\/","url":"https:\/\/pressdev1.pressglass.com\/fr\/offre\/verre-simple\/","name":"Verre simple - Press Glass","isPartOf":{"@id":"https:\/\/pressdev1.pressglass.com\/#website"},"primaryImageOfPage":{"@id":"https:\/\/pressdev1.pressglass.com\/fr\/offre\/verre-simple\/#primaryimage"},"image":{"@id":"https:\/\/pressdev1.pressglass.com\/fr\/offre\/verre-simple\/#primaryimage"},"thumbnailUrl":"https:\/\/pressdev1.pressglass.com\/wp-content\/uploads\/sites\/3\/2025\/06\/hero_our_product_1.jpg","datePublished":"2025-08-19T11:11:41+00:00","dateModified":"2026-03-16T14:15:06+00:00","breadcrumb":{"@id":"https:\/\/pressdev1.pressglass.com\/fr\/offre\/verre-simple\/#breadcrumb"},"inLanguage":"fr-FR","potentialAction":[{"@type":"ReadAction","target":["https:\/\/pressdev1.pressglass.com\/fr\/offre\/verre-simple\/"]}]},{"@type":"ImageObject","inLanguage":"fr-FR","@id":"https:\/\/pressdev1.pressglass.com\/fr\/offre\/verre-simple\/#primaryimage","url":"https:\/\/pressdev1.pressglass.com\/wp-content\/uploads\/sites\/3\/2025\/06\/hero_our_product_1.jpg","contentUrl":"https:\/\/pressdev1.pressglass.com\/wp-content\/uploads\/sites\/3\/2025\/06\/hero_our_product_1.jpg","width":1920,"height":900},{"@type":"BreadcrumbList","@id":"https:\/\/pressdev1.pressglass.com\/fr\/offre\/verre-simple\/#breadcrumb","itemListElement":[{"@type":"ListItem","position":1,"name":"Strona g\u0142\u00f3wna","item":"https:\/\/pressdev1.pressglass.com\/fr\/"},{"@type":"ListItem","position":2,"name":"Offre","item":"https:\/\/pressdev1.pressglass.com\/fr\/offre\/"},{"@type":"ListItem","position":3,"name":"Verre simple"}]},{"@type":"WebSite","@id":"https:\/\/pressdev1.pressglass.com\/#website","url":"https:\/\/pressdev1.pressglass.com\/","name":"Press Glass","description":"","potentialAction":[{"@type":"SearchAction","target":{"@type":"EntryPoint","urlTemplate":"https:\/\/pressdev1.pressglass.com\/?s={search_term_string}"},"query-input":{"@type":"PropertyValueSpecification","valueRequired":true,"valueName":"search_term_string"}}],"inLanguage":"fr-FR"}]}},"_links":{"self":[{"href":"https:\/\/pressdev1.pressglass.com\/fr\/wp-json\/wp\/v2\/pages\/170596","targetHints":{"allow":["GET"]}}],"collection":[{"href":"https:\/\/pressdev1.pressglass.com\/fr\/wp-json\/wp\/v2\/pages"}],"about":[{"href":"https:\/\/pressdev1.pressglass.com\/fr\/wp-json\/wp\/v2\/types\/page"}],"author":[{"embeddable":true,"href":"https:\/\/pressdev1.pressglass.com\/fr\/wp-json\/wp\/v2\/users\/3"}],"replies":[{"embeddable":true,"href":"https:\/\/pressdev1.pressglass.com\/fr\/wp-json\/wp\/v2\/comments?post=170596"}],"version-history":[{"count":1,"href":"https:\/\/pressdev1.pressglass.com\/fr\/wp-json\/wp\/v2\/pages\/170596\/revisions"}],"predecessor-version":[{"id":170604,"href":"https:\/\/pressdev1.pressglass.com\/fr\/wp-json\/wp\/v2\/pages\/170596\/revisions\/170604"}],"up":[{"embeddable":true,"href":"https:\/\/pressdev1.pressglass.com\/fr\/wp-json\/wp\/v2\/pages\/170577"}],"wp:featuredmedia":[{"embeddable":true,"href":"https:\/\/pressdev1.pressglass.com\/fr\/wp-json\/wp\/v2\/media\/170578"}],"wp:attachment":[{"href":"https:\/\/pressdev1.pressglass.com\/fr\/wp-json\/wp\/v2\/media?parent=170596"}],"curies":[{"name":"wp","href":"https:\/\/api.w.org\/{rel}","templated":true}]}}