

{"id":170595,"date":"2025-08-19T13:11:41","date_gmt":"2025-08-19T11:11:41","guid":{"rendered":"https:\/\/pressdev1.pressglass.com\/offerta\/vetro-singolo\/"},"modified":"2026-03-16T15:15:06","modified_gmt":"2026-03-16T14:15:06","slug":"vetro-singolo","status":"publish","type":"page","link":"https:\/\/pressdev1.pressglass.com\/it\/offerta\/vetro-singolo\/","title":{"rendered":"Vetro singolo"},"content":{"rendered":"\n\n\n<section id=\"hero--carousel_block_619d960f6206daf1df8b1b8b0dcb5dae\" class=\"hero--section  bg-primary d-flex flex-column text-bg-primary justify-content-center position-relative\">\n        <div class=\"hero--carousel h-100\">\n                <div class=\"item h-100\" style=\"background-image: url(https:\/\/pressdev1.pressglass.com\/wp-content\/uploads\/sites\/3\/2025\/06\/hero_our_product_1.jpg);\">\n            <img decoding=\"async\" src=\"https:\/\/pressdev1.pressglass.com\/wp-content\/uploads\/sites\/3\/2025\/06\/hero_our_product_1.jpg\" alt=\"\" class=\"img-fluid opacity-0\">\n        <\/div>\n            <\/div>\n        <div class=\"container d-flex flex-column justify-content-center\">\n        <div class=\"row\">\n            <div class=\"col-md-10 col-12 offset-md-1\">\n                <div class=\"hero-headline text-uppercase mb-sm-5 mb-3 anim-in\">Costruzione di base<br \/>\r\nmateriale<\/div>\n                            <\/div>\n        <\/div>\n    <\/div>\n        <div id=\"jsSubNav\" class=\"container-fluid sub--navigation\">\n        <div class=\"d-flex w-100 justify-content-between align-items-center h-100\">\n            <nav aria-label=\"breadcrumb\" class=\"\"><ol class=\"breadcrumb mb-0 \"><li class=\"breadcrumb-item\"><a href=\"https:\/\/pressdev1.pressglass.com\/it\/\">Home page<\/a><\/li><\/ol><\/nav>\n                        <nav aria-label=\"subnav\" class=\"d-lg-flex d-noned-lg-flex d-none \">\n                <ul class=\"nav d-flex flex-row flex-nowrap text-nowrap\">\n                                        <li class=\"nav-item\">\n                        <a class=\"nav-link\" href=\"#overview\" title=\"Panoramica\" target=\"\">Panoramica<\/a>\n                    <\/li>\n                                        <li class=\"nav-item\">\n                        <a class=\"nav-link\" href=\"#benefits-and-applications\" title=\"Vantaggi e applicazioni\" target=\"\">Vantaggi e applicazioni<\/a>\n                    <\/li>\n                                        <li class=\"nav-item\">\n                        <a class=\"nav-link\" href=\"#specifications\" title=\"Specifiche\" target=\"\">Specifiche<\/a>\n                    <\/li>\n                                    <\/ul>\n            <\/nav>\n            \n            <div class=\"dropdown d-lg-none\">\n                <button class=\"btn btn-link dropdown-toggle text-white\" type=\"button\" data-bs-toggle=\"dropdown\" aria-expanded=\"false\">\n                    <svg width=\"32\" height=\"32\" fill=\"currentColor\" class=\"bi bi-three-dots-vertical\" viewBox=\"0 0 16 16\">\n                        <path d=\"M9.5 13a1.5 1.5 0 1 1-3 0 1.5 1.5 0 0 1 3 0m0-5a1.5 1.5 0 1 1-3 0 1.5 1.5 0 0 1 3 0m0-5a1.5 1.5 0 1 1-3 0 1.5 1.5 0 0 1 3 0\"\/>\n                    <\/svg>\n                <\/button>\n                <ul class=\"dropdown-menu dropdown-menu-end rounded-0 border-0 shadow \">\n                                        <li><a class=\"dropdown-item\" href=\"#overview\" title=\"Panoramica\" target=\"\">Panoramica<\/a><\/li>\n                                        <li><a class=\"dropdown-item\" href=\"#benefits-and-applications\" title=\"Vantaggi e applicazioni\" target=\"\">Vantaggi e applicazioni<\/a><\/li>\n                                        <li><a class=\"dropdown-item\" href=\"#specifications\" title=\"Specifiche\" target=\"\">Specifiche<\/a><\/li>\n                                    <\/ul>\n            <\/div>\n                    <\/div>\n    <\/div>\n    <\/section>\n\n<style type=\"text\/css\">\n    main > .hero--section:first-child {  \n        z-index: 10;\n    }\n    main > .hero--section:not(:first-child) {  \n        overflow: hidden;\n    }\n    \n    .hero--section.hero-size-medium {\n        max-height: 480px;\n    }\n    .hero--section.hero-size-small {\n        max-height: 400px;\n    }\n\n    .hero--section .hero-headline  {\n        font-size: clamp(2.1875rem, 1.25rem + 4.1667vw, 4.6875rem);\n        font-weight: 300;\n        line-height: 1;\n    }\n\n    .hero--section .sub--navigation {\n        position: absolute;\n        bottom:0;\n        left: 0;\n        width: 100%;\n        z-index: 100;\n        height: 60px;\n        background-color: rgba(20, 42, 82, .9);\n    }\n\n    .hero--section .sub--navigation.fixed-top {\n        position: fixed;\n        bottom:auto;\n    }\n\n    .hero--section .sub--navigation .breadcrumb .breadcrumb-item a, .hero--section .sub--navigation .breadcrumb .breadcrumb-item {\n        padding-top: 0.5rem;\n        padding-bottom: 0.5rem;\n    }\n\n    .hero--section .sub--navigation .breadcrumb .breadcrumb-item a, .hero--section .sub--navigation .breadcrumb .breadcrumb-item,\n    .hero--section .sub--navigation .nav .nav-item .nav-link, .hero--section .sub--navigation .nav .nav-item {\n        font-size: clamp(0.875rem, 0.7344rem + 0.625vw, 1.25rem);\n        font-weight: 300;\n        text-decoration: none;\n        color: #fff;\n    }\n    .hero--section .sub--navigation .breadcrumb .breadcrumb-item a:hover,\n    .hero--section .sub--navigation .nav .nav-item .nav-link:hover {\n        opacity: .75;\n    }\n    .hero--section .sub--navigation .breadcrumb-item + .breadcrumb-item::before {\n        color: #fff;\n    }\n<\/style>\n<script>\ndocument.addEventListener(\"DOMContentLoaded\", function () {\n    const subNav = document.getElementById(\"jsSubNav\");\n    const headerNav = document.querySelector(\"header > nav\");\n    const heroSection = document.querySelector(\".hero--section\");\n\n    if (!subNav || !headerNav || !heroSection) return; \/\/ Je\u015bli kt\u00f3ry\u015b element nie istnieje, zatrzymaj skrypt\n\n    function checkScroll() {\n        const headerHeight = headerNav.offsetHeight; \/\/ Wysoko\u015b\u0107 header > nav\n        const subNavHeight = subNav.offsetHeight; \/\/ Wysoko\u015b\u0107 jsSubNav\n        const heroBottom = heroSection.getBoundingClientRect().bottom; \/\/ Dolna cz\u0119\u015b\u0107 hero wzgl\u0119dem okna\n\n        if (heroBottom - subNavHeight <= headerHeight) {\n            \/\/ Gdy dolna cz\u0119\u015b\u0107 hero - wysoko\u015b\u0107 subNav jest <= wysoko\u015bci headera\n            subNav.classList.add(\"fixed-top\");\n            subNav.classList.remove(\"fixed-bottom\");\n            subNav.style.top = `${headerHeight}px`; \/\/ Ustawiamy top r\u00f3wny headerowi\n        } else {\n            \/\/ Gdy dolna cz\u0119\u015b\u0107 hero jest wy\u017cej ni\u017c header\n            subNav.classList.add(\"fixed-bottom\");\n            subNav.classList.remove(\"fixed-top\");\n            subNav.style.top = \"\"; \/\/ Resetujemy top, aby by\u0142 przyklejony do hero\n        }\n    }\n\n    window.addEventListener(\"scroll\", checkScroll);\n});\n\n<\/script>\n\n<div style=\"height:1px\" aria-hidden=\"true\" id=\"overview\" class=\"wp-block-spacer\"><\/div>\n\n<section class=\"section--page-title py-md-5 py-4\">\n    <div class=\"container\">\n        <h1 class=\"mb-md-5 md-3\">Vetro singolo<\/h1>        <p>Il vetro singolo, che \u00e8 la base di tutte le vetrate utilizzate in edilizia, viene offerto anche in una forma meno elaborata.<\/p>\n    <\/div>\n<\/section>\n\n<style type=\"text\/css\">\n    .section--page-title {\n        background-color: #fbfcfc;\n    }\n\n<\/style>\n<div style=\"height:100px\" aria-hidden=\"true\" class=\"wp-block-spacer\"><\/div>\n<div class=\"container\"><div class=\"row\"><div class=\"col-12\">\n<p>Tra tutti i tipi di vetro offerti da PRESS GLASS, in diversi settori c'\u00e8 anche la necessit\u00e0 di un vetro singolo. Si tratta di un prodotto meno lavorato rispetto al vetro isolante. PRESS GLASS offre vetro monolitico che viene tagliato nelle dimensioni richieste sulla base dei seguenti tipi: vetro float, vetro colorato, vetro riflettente e vetro duro, nonch\u00e9 trattato chimicamente. Il vetro singolo viene offerto senza lavorazione aggiuntiva dei bordi.   <\/p>\n<\/div><\/div><\/div>\n<div style=\"height:100px\" aria-hidden=\"true\" class=\"wp-block-spacer\"><\/div>\n\n<div id=\"benefits-and-applications\" class=\"wp-block-group has-blue-background-color has-background is-layout-constrained wp-block-group-is-layout-constrained\"><div class=\"container\">\n<div class=\"row alignwide has-blue-background-color has-background is-layout-flex wp-container-core-columns-is-layout-9d6595d7 row-is-layout-flex\">\n<div class=\"position-relative col-md has-blue-background-color has-background is-content-justification-left is-layout-constrained wp-container-core-column-is-layout-8c890d92 position-relative col-md-is-layout-constrained\">\n<div style=\"height:100px\" aria-hidden=\"true\" class=\"wp-block-spacer\"><\/div>\n\n\n<div class=\"container\"><div class=\"row\"><div class=\"col-12\">\n<h2 class=\"wp-block-heading has-light-color has-text-color has-link-color wp-elements-a0d1b33b96329d0527739e4e6f444264\">Vantaggi e applicazioni<br\/>vetro singolo<\/h2>\n<\/div><\/div><\/div>\n\n\n<div style=\"height:50px\" aria-hidden=\"true\" class=\"wp-block-spacer\"><\/div>\n<\/div>\n<\/div>\n<\/div>\n\n<div class=\"container\">\n<div class=\"row alignwide has-blue-background-color has-background is-layout-flex wp-container-core-columns-is-layout-9d6595d7 row-is-layout-flex\">\n<div class=\"position-relative col-md has-blue-background-color has-background is-content-justification-left is-layout-constrained wp-container-core-column-is-layout-8c890d92 position-relative col-md-is-layout-constrained\"><div class=\"container\"><div class=\"row\"><div class=\"col-12\">\n<h3 class=\"wp-block-heading has-light-color has-text-color has-link-color wp-elements-6981d60258eed3114127a244c478344c\">Vantaggi<\/h3>\n<\/div><\/div><\/div>\n\n<div class=\"container\"><div class=\"row\"><div class=\"col-12\">\n<hr class=\"wp-block-separator has-text-color has-light-color has-alpha-channel-opacity has-light-background-color has-background is-style-wide\" \/>\n<\/div><\/div><\/div>\n\n<div class=\"container\"><div class=\"row\"><div class=\"col-12\">\n<ul class=\"wp-block-list has-light-color has-text-color has-link-color wp-elements-f7f56f3cec386717b558e6b4c4164725\"><div class=\"container\"><div class=\"row\"><div class=\"col-12\">\n<li>Ampia gamma di applicazioni<\/li>\n<\/div><\/div><\/div>\n\n<div class=\"container\"><div class=\"row\"><div class=\"col-12\">\n<li class=\"has-light-color has-text-color has-link-color wp-elements-f1f8fd6fc4b8e9185905cc2f3ab11f70\">Pronto per un'ulteriore elaborazione<\/li>\n<\/div><\/div><\/div>\n\n<div class=\"container\"><div class=\"row\"><div class=\"col-12\">\n<li>Formati tagliabili<\/li>\n<\/div><\/div><\/div><\/ul>\n<\/div><\/div><\/div><\/div>\n\n\n\n<div class=\"position-relative col-md is-layout-flow position-relative col-md-is-layout-flow\"><div class=\"container\"><div class=\"row\"><div class=\"col-12\">\n<h3 class=\"wp-block-heading has-light-color has-text-color has-link-color wp-elements-3df4442b06d8375ae224622c34b432b1\">Esempi di applicazioni<\/h3>\n<\/div><\/div><\/div>\n\n<div class=\"container\"><div class=\"row\"><div class=\"col-12\">\n<hr class=\"wp-block-separator has-text-color has-light-color has-alpha-channel-opacity has-light-background-color has-background is-style-wide\" \/>\n<\/div><\/div><\/div>\n\n<div class=\"container\"><div class=\"row\"><div class=\"col-12\">\n<ul class=\"wp-block-list has-light-color has-text-color has-link-color wp-elements-82b3806ccf6f04fbfb8be3d9111b05d2\"><div class=\"container\"><div class=\"row\"><div class=\"col-12\">\n<li>Pareti divisorie<\/li>\n<\/div><\/div><\/div>\n\n<div class=\"container\"><div class=\"row\"><div class=\"col-12\">\n<li>Barriere di vetro<\/li>\n<\/div><\/div><\/div>\n\n<div class=\"container\"><div class=\"row\"><div class=\"col-12\">\n<li>Unit\u00e0 di vetro isolato<\/li>\n<\/div><\/div><\/div><\/ul>\n<\/div><\/div><\/div><\/div>\n<\/div>\n<\/div>\n\n<div class=\"container\">\n<div class=\"row alignwide has-blue-background-color has-background is-layout-flex wp-container-core-columns-is-layout-9d6595d7 row-is-layout-flex\">\n<div class=\"position-relative col-md has-blue-background-color has-background is-content-justification-left is-layout-constrained wp-container-core-column-is-layout-8c890d92 position-relative col-md-is-layout-constrained\">\n<div style=\"height:100px\" aria-hidden=\"true\" class=\"wp-block-spacer\"><\/div>\n<\/div>\n<\/div>\n<\/div><\/div>\n\n<div style=\"height:150px\" aria-hidden=\"true\" class=\"wp-block-spacer\"><\/div>\n<div class=\"container\"><div class=\"row\"><div class=\"col-12\">\n<h2 class=\"wp-block-heading\" id=\"specifications\">Specifiche<\/h2>\n<\/div><\/div><\/div>\n<div style=\"height:50px\" aria-hidden=\"true\" class=\"wp-block-spacer\"><\/div>\n<div class=\"container\"><div class=\"row\"><div class=\"col-12\">    <div class=\"accordion\" id=\"accordion-69e3aba5b399b\">\n                    <div class=\"accordion-item rounded-0 border-0\">\n                <h2 class=\"accordion-header\" id=\"heading-item-69e3aba5b8d58\">\n                    <button class=\"accordion-button px-0 border-bottom border-1 border-primary bg-transparent collapsed\" type=\"button\" data-bs-toggle=\"collapse\" \n                        data-bs-target=\"#collapse-item-69e3aba5b8d58\" \n                        aria-expanded=\"false\" aria-controls=\"collapse-item-69e3aba5b8d58\">\n                        Informazioni sulle capacit\u00e0 produttive                    <\/button>\n                <\/h2>\n                <div id=\"collapse-item-69e3aba5b8d58\" class=\"accordion-collapse collapse\" \n                    aria-labelledby=\"heading-item-69e3aba5b8d58\" \n                    data-bs-parent=\"#accordion-69e3aba5b399b\">\n                    <div class=\"accordion-body px-0 border-bottom border-1 border-primary\">\n                        <p>Per discutere i dettagli degli ordini di vetri singoli, contatta il tuo rappresentante commerciale.<\/p>\n                    <\/div>\n                <\/div>\n            <\/div>\n            <\/div>\n<\/div><\/div><\/div>\n<div style=\"height:100px\" aria-hidden=\"true\" class=\"wp-block-spacer\"><\/div>\n","protected":false},"excerpt":{"rendered":"<p>Il vetro singolo, che \u00e8 la base di tutte le vetrate utilizzate in edilizia, viene offerto anche in una forma meno elaborata.<\/p>\n","protected":false},"author":3,"featured_media":170584,"parent":170583,"menu_order":25,"comment_status":"closed","ping_status":"closed","template":"","meta":{"_acf_changed":false,"footnotes":""},"class_list":["post-170595","page","type-page","status-publish","has-post-thumbnail","hentry"],"acf":[],"yoast_head":"<!-- This site is optimized with the Yoast SEO plugin v27.3 - https:\/\/yoast.com\/product\/yoast-seo-wordpress\/ -->\n<title>Vetro singolo - Press Glass<\/title>\n<meta name=\"robots\" content=\"noindex, follow, max-snippet:-1, max-image-preview:large, max-video-preview:-1\" \/>\n<meta property=\"og:locale\" content=\"it_IT\" \/>\n<meta property=\"og:type\" content=\"article\" \/>\n<meta property=\"og:title\" content=\"Vetro singolo - Press Glass\" \/>\n<meta property=\"og:description\" content=\"Il vetro singolo, che \u00e8 la base di tutte le vetrate utilizzate in edilizia, viene offerto anche in una forma meno elaborata.\" \/>\n<meta property=\"og:url\" content=\"https:\/\/pressdev1.pressglass.com\/it\/offerta\/vetro-singolo\/\" \/>\n<meta property=\"og:site_name\" content=\"Press Glass\" \/>\n<meta property=\"article:modified_time\" content=\"2026-03-16T14:15:06+00:00\" \/>\n<meta property=\"og:image\" content=\"https:\/\/pressdev1.pressglass.com\/wp-content\/uploads\/sites\/3\/2025\/06\/hero_our_product_1.jpg\" \/>\n\t<meta property=\"og:image:width\" content=\"1920\" \/>\n\t<meta property=\"og:image:height\" content=\"900\" \/>\n\t<meta property=\"og:image:type\" content=\"image\/jpeg\" \/>\n<meta name=\"twitter:card\" content=\"summary_large_image\" \/>\n<script type=\"application\/ld+json\" class=\"yoast-schema-graph\">{\"@context\":\"https:\\\/\\\/schema.org\",\"@graph\":[{\"@type\":\"WebPage\",\"@id\":\"https:\\\/\\\/pressdev1.pressglass.com\\\/it\\\/offerta\\\/vetro-singolo\\\/\",\"url\":\"https:\\\/\\\/pressdev1.pressglass.com\\\/it\\\/offerta\\\/vetro-singolo\\\/\",\"name\":\"Vetro singolo - Press Glass\",\"isPartOf\":{\"@id\":\"https:\\\/\\\/pressdev1.pressglass.com\\\/#website\"},\"primaryImageOfPage\":{\"@id\":\"https:\\\/\\\/pressdev1.pressglass.com\\\/it\\\/offerta\\\/vetro-singolo\\\/#primaryimage\"},\"image\":{\"@id\":\"https:\\\/\\\/pressdev1.pressglass.com\\\/it\\\/offerta\\\/vetro-singolo\\\/#primaryimage\"},\"thumbnailUrl\":\"https:\\\/\\\/pressdev1.pressglass.com\\\/wp-content\\\/uploads\\\/sites\\\/3\\\/2025\\\/06\\\/hero_our_product_1.jpg\",\"datePublished\":\"2025-08-19T11:11:41+00:00\",\"dateModified\":\"2026-03-16T14:15:06+00:00\",\"breadcrumb\":{\"@id\":\"https:\\\/\\\/pressdev1.pressglass.com\\\/it\\\/offerta\\\/vetro-singolo\\\/#breadcrumb\"},\"inLanguage\":\"it-IT\",\"potentialAction\":[{\"@type\":\"ReadAction\",\"target\":[\"https:\\\/\\\/pressdev1.pressglass.com\\\/it\\\/offerta\\\/vetro-singolo\\\/\"]}]},{\"@type\":\"ImageObject\",\"inLanguage\":\"it-IT\",\"@id\":\"https:\\\/\\\/pressdev1.pressglass.com\\\/it\\\/offerta\\\/vetro-singolo\\\/#primaryimage\",\"url\":\"https:\\\/\\\/pressdev1.pressglass.com\\\/wp-content\\\/uploads\\\/sites\\\/3\\\/2025\\\/06\\\/hero_our_product_1.jpg\",\"contentUrl\":\"https:\\\/\\\/pressdev1.pressglass.com\\\/wp-content\\\/uploads\\\/sites\\\/3\\\/2025\\\/06\\\/hero_our_product_1.jpg\",\"width\":1920,\"height\":900},{\"@type\":\"BreadcrumbList\",\"@id\":\"https:\\\/\\\/pressdev1.pressglass.com\\\/it\\\/offerta\\\/vetro-singolo\\\/#breadcrumb\",\"itemListElement\":[{\"@type\":\"ListItem\",\"position\":1,\"name\":\"Strona g\u0142\u00f3wna\",\"item\":\"https:\\\/\\\/pressdev1.pressglass.com\\\/it\\\/\"},{\"@type\":\"ListItem\",\"position\":2,\"name\":\"Offerta\",\"item\":\"https:\\\/\\\/pressdev1.pressglass.com\\\/it\\\/offerta\\\/\"},{\"@type\":\"ListItem\",\"position\":3,\"name\":\"Vetro singolo\"}]},{\"@type\":\"WebSite\",\"@id\":\"https:\\\/\\\/pressdev1.pressglass.com\\\/#website\",\"url\":\"https:\\\/\\\/pressdev1.pressglass.com\\\/\",\"name\":\"Press Glass\",\"description\":\"\",\"potentialAction\":[{\"@type\":\"SearchAction\",\"target\":{\"@type\":\"EntryPoint\",\"urlTemplate\":\"https:\\\/\\\/pressdev1.pressglass.com\\\/?s={search_term_string}\"},\"query-input\":{\"@type\":\"PropertyValueSpecification\",\"valueRequired\":true,\"valueName\":\"search_term_string\"}}],\"inLanguage\":\"it-IT\"}]}<\/script>\n<!-- \/ Yoast SEO plugin. -->","yoast_head_json":{"title":"Vetro singolo - Press Glass","robots":{"index":"noindex","follow":"follow","max-snippet":"max-snippet:-1","max-image-preview":"max-image-preview:large","max-video-preview":"max-video-preview:-1"},"og_locale":"it_IT","og_type":"article","og_title":"Vetro singolo - Press Glass","og_description":"Il vetro singolo, che \u00e8 la base di tutte le vetrate utilizzate in edilizia, viene offerto anche in una forma meno elaborata.","og_url":"https:\/\/pressdev1.pressglass.com\/it\/offerta\/vetro-singolo\/","og_site_name":"Press Glass","article_modified_time":"2026-03-16T14:15:06+00:00","og_image":[{"width":1920,"height":900,"url":"https:\/\/pressdev1.pressglass.com\/wp-content\/uploads\/sites\/3\/2025\/06\/hero_our_product_1.jpg","type":"image\/jpeg"}],"twitter_card":"summary_large_image","schema":{"@context":"https:\/\/schema.org","@graph":[{"@type":"WebPage","@id":"https:\/\/pressdev1.pressglass.com\/it\/offerta\/vetro-singolo\/","url":"https:\/\/pressdev1.pressglass.com\/it\/offerta\/vetro-singolo\/","name":"Vetro singolo - Press Glass","isPartOf":{"@id":"https:\/\/pressdev1.pressglass.com\/#website"},"primaryImageOfPage":{"@id":"https:\/\/pressdev1.pressglass.com\/it\/offerta\/vetro-singolo\/#primaryimage"},"image":{"@id":"https:\/\/pressdev1.pressglass.com\/it\/offerta\/vetro-singolo\/#primaryimage"},"thumbnailUrl":"https:\/\/pressdev1.pressglass.com\/wp-content\/uploads\/sites\/3\/2025\/06\/hero_our_product_1.jpg","datePublished":"2025-08-19T11:11:41+00:00","dateModified":"2026-03-16T14:15:06+00:00","breadcrumb":{"@id":"https:\/\/pressdev1.pressglass.com\/it\/offerta\/vetro-singolo\/#breadcrumb"},"inLanguage":"it-IT","potentialAction":[{"@type":"ReadAction","target":["https:\/\/pressdev1.pressglass.com\/it\/offerta\/vetro-singolo\/"]}]},{"@type":"ImageObject","inLanguage":"it-IT","@id":"https:\/\/pressdev1.pressglass.com\/it\/offerta\/vetro-singolo\/#primaryimage","url":"https:\/\/pressdev1.pressglass.com\/wp-content\/uploads\/sites\/3\/2025\/06\/hero_our_product_1.jpg","contentUrl":"https:\/\/pressdev1.pressglass.com\/wp-content\/uploads\/sites\/3\/2025\/06\/hero_our_product_1.jpg","width":1920,"height":900},{"@type":"BreadcrumbList","@id":"https:\/\/pressdev1.pressglass.com\/it\/offerta\/vetro-singolo\/#breadcrumb","itemListElement":[{"@type":"ListItem","position":1,"name":"Strona g\u0142\u00f3wna","item":"https:\/\/pressdev1.pressglass.com\/it\/"},{"@type":"ListItem","position":2,"name":"Offerta","item":"https:\/\/pressdev1.pressglass.com\/it\/offerta\/"},{"@type":"ListItem","position":3,"name":"Vetro singolo"}]},{"@type":"WebSite","@id":"https:\/\/pressdev1.pressglass.com\/#website","url":"https:\/\/pressdev1.pressglass.com\/","name":"Press Glass","description":"","potentialAction":[{"@type":"SearchAction","target":{"@type":"EntryPoint","urlTemplate":"https:\/\/pressdev1.pressglass.com\/?s={search_term_string}"},"query-input":{"@type":"PropertyValueSpecification","valueRequired":true,"valueName":"search_term_string"}}],"inLanguage":"it-IT"}]}},"_links":{"self":[{"href":"https:\/\/pressdev1.pressglass.com\/it\/wp-json\/wp\/v2\/pages\/170595","targetHints":{"allow":["GET"]}}],"collection":[{"href":"https:\/\/pressdev1.pressglass.com\/it\/wp-json\/wp\/v2\/pages"}],"about":[{"href":"https:\/\/pressdev1.pressglass.com\/it\/wp-json\/wp\/v2\/types\/page"}],"author":[{"embeddable":true,"href":"https:\/\/pressdev1.pressglass.com\/it\/wp-json\/wp\/v2\/users\/3"}],"replies":[{"embeddable":true,"href":"https:\/\/pressdev1.pressglass.com\/it\/wp-json\/wp\/v2\/comments?post=170595"}],"version-history":[{"count":1,"href":"https:\/\/pressdev1.pressglass.com\/it\/wp-json\/wp\/v2\/pages\/170595\/revisions"}],"predecessor-version":[{"id":170602,"href":"https:\/\/pressdev1.pressglass.com\/it\/wp-json\/wp\/v2\/pages\/170595\/revisions\/170602"}],"up":[{"embeddable":true,"href":"https:\/\/pressdev1.pressglass.com\/it\/wp-json\/wp\/v2\/pages\/170583"}],"wp:featuredmedia":[{"embeddable":true,"href":"https:\/\/pressdev1.pressglass.com\/it\/wp-json\/wp\/v2\/media\/170584"}],"wp:attachment":[{"href":"https:\/\/pressdev1.pressglass.com\/it\/wp-json\/wp\/v2\/media?parent=170595"}],"curies":[{"name":"wp","href":"https:\/\/api.w.org\/{rel}","templated":true}]}}