

{"id":164807,"date":"2025-07-08T12:42:28","date_gmt":"2025-07-08T10:42:28","guid":{"rendered":"https:\/\/pressdev1.pressglass.com\/?page_id=164807"},"modified":"2026-03-15T08:45:24","modified_gmt":"2026-03-15T07:45:24","slug":"deklaracje-wlasciwosci","status":"publish","type":"page","link":"https:\/\/pressdev1.pressglass.com\/pl\/do-pobrania\/deklaracje-wlasciwosci\/","title":{"rendered":"Deklaracje w\u0142a\u015bciwo\u015bci"},"content":{"rendered":"\n\n\n<section id=\"hero--carousel_block_ff4817385703524807f85b47eecd6697\" class=\"hero--section hero-size-small bg-primary d-flex flex-column text-bg-primary justify-content-center position-relative\">\n        <div class=\"hero--carousel h-100\">\n                <div class=\"item h-100\" style=\"background-image: url(https:\/\/pressdev1.pressglass.com\/wp-content\/uploads\/sites\/3\/2025\/06\/5eb8b952-655c-448b-8e54-5f8c54a9bc9f.jpeg);\">\n            <img decoding=\"async\" src=\"https:\/\/pressdev1.pressglass.com\/wp-content\/uploads\/sites\/3\/2025\/06\/5eb8b952-655c-448b-8e54-5f8c54a9bc9f.jpeg\" alt=\"\" class=\"img-fluid opacity-0\">\n        <\/div>\n            <\/div>\n        <div class=\"container d-flex flex-column justify-content-center\">\n        <div class=\"row\">\n            <div class=\"col-md-10 col-12 offset-md-1\">\n                <div class=\"hero-headline text-uppercase mb-sm-5 mb-3 anim-in\"><\/div>\n                            <\/div>\n        <\/div>\n    <\/div>\n        <div id=\"jsSubNav\" class=\"container-fluid sub--navigation\">\n        <div class=\"d-flex w-100 justify-content-between align-items-center h-100\">\n            <nav aria-label=\"breadcrumb\" class=\"\"><ol class=\"breadcrumb mb-0 \"><li class=\"breadcrumb-item\"><a href=\"https:\/\/pressdev1.pressglass.com\/pl\/\">Strona g\u0142\u00f3wna<\/a><\/li><\/ol><\/nav>\n                        <nav aria-label=\"subnav\" class=\"d-lg-flex d-noned-lg-flex d-none \">\n                <ul class=\"nav d-flex flex-row flex-nowrap text-nowrap\">\n                                        <li class=\"nav-item\">\n                        <a class=\"nav-link\" href=\"https:\/\/pressglass.dash.app\/home?portal=downloads-1\" title=\"Portal Centrum Pobierania\" target=\"_blank\">Portal Centrum Pobierania<\/a>\n                    <\/li>\n                                        <li class=\"nav-item\">\n                        <a class=\"nav-link\" href=\"https:\/\/pressdev1.pressglass.com\/pl\/centrum-pobierania\/zestawienie-swiadectw-i-certyfikatow\/\" title=\"Certyfikaty\" target=\"\">Certyfikaty<\/a>\n                    <\/li>\n                                        <li class=\"nav-item\">\n                        <a class=\"nav-link\" href=\"https:\/\/pressdev1.pressglass.com\/pl\/centrum-pobierania\/deklaracje-wlasciwosci\/\" title=\"Deklaracje w\u0142a\u015bciwo\u015bci\" target=\"\">Deklaracje w\u0142a\u015bciwo\u015bci<\/a>\n                    <\/li>\n                                    <\/ul>\n            <\/nav>\n            \n            <div class=\"dropdown d-lg-none\">\n                <button class=\"btn btn-link dropdown-toggle text-white\" type=\"button\" data-bs-toggle=\"dropdown\" aria-expanded=\"false\">\n                    <svg width=\"32\" height=\"32\" fill=\"currentColor\" class=\"bi bi-three-dots-vertical\" viewBox=\"0 0 16 16\">\n                        <path d=\"M9.5 13a1.5 1.5 0 1 1-3 0 1.5 1.5 0 0 1 3 0m0-5a1.5 1.5 0 1 1-3 0 1.5 1.5 0 0 1 3 0m0-5a1.5 1.5 0 1 1-3 0 1.5 1.5 0 0 1 3 0\"\/>\n                    <\/svg>\n                <\/button>\n                <ul class=\"dropdown-menu dropdown-menu-end rounded-0 border-0 shadow \">\n                                        <li><a class=\"dropdown-item\" href=\"https:\/\/pressglass.dash.app\/home?portal=downloads-1\" title=\"Portal Centrum Pobierania\" target=\"_blank\">Portal Centrum Pobierania<\/a><\/li>\n                                        <li><a class=\"dropdown-item\" href=\"https:\/\/pressdev1.pressglass.com\/pl\/centrum-pobierania\/zestawienie-swiadectw-i-certyfikatow\/\" title=\"Certyfikaty\" target=\"\">Certyfikaty<\/a><\/li>\n                                        <li><a class=\"dropdown-item\" href=\"https:\/\/pressdev1.pressglass.com\/pl\/centrum-pobierania\/deklaracje-wlasciwosci\/\" title=\"Deklaracje w\u0142a\u015bciwo\u015bci\" target=\"\">Deklaracje w\u0142a\u015bciwo\u015bci<\/a><\/li>\n                                    <\/ul>\n            <\/div>\n                    <\/div>\n    <\/div>\n    <\/section>\n\n<style type=\"text\/css\">\n    main > .hero--section:first-child {  \n        z-index: 10;\n    }\n    main > .hero--section:not(:first-child) {  \n        overflow: hidden;\n    }\n    \n    .hero--section.hero-size-medium {\n        max-height: 480px;\n    }\n    .hero--section.hero-size-small {\n        max-height: 400px;\n    }\n\n    .hero--section .hero-headline  {\n        font-size: clamp(2.1875rem, 1.25rem + 4.1667vw, 4.6875rem);\n        font-weight: 300;\n        line-height: 1;\n    }\n\n    .hero--section .sub--navigation {\n        position: absolute;\n        bottom:0;\n        left: 0;\n        width: 100%;\n        z-index: 100;\n        height: 60px;\n        background-color: rgba(20, 42, 82, .9);\n    }\n\n    .hero--section .sub--navigation.fixed-top {\n        position: fixed;\n        bottom:auto;\n    }\n\n    .hero--section .sub--navigation .breadcrumb .breadcrumb-item a, .hero--section .sub--navigation .breadcrumb .breadcrumb-item {\n        padding-top: 0.5rem;\n        padding-bottom: 0.5rem;\n    }\n\n    .hero--section .sub--navigation .breadcrumb .breadcrumb-item a, .hero--section .sub--navigation .breadcrumb .breadcrumb-item,\n    .hero--section .sub--navigation .nav .nav-item .nav-link, .hero--section .sub--navigation .nav .nav-item {\n        font-size: clamp(0.875rem, 0.7344rem + 0.625vw, 1.25rem);\n        font-weight: 300;\n        text-decoration: none;\n        color: #fff;\n    }\n    .hero--section .sub--navigation .breadcrumb .breadcrumb-item a:hover,\n    .hero--section .sub--navigation .nav .nav-item .nav-link:hover {\n        opacity: .75;\n    }\n    .hero--section .sub--navigation .breadcrumb-item + .breadcrumb-item::before {\n        color: #fff;\n    }\n<\/style>\n<script>\ndocument.addEventListener(\"DOMContentLoaded\", function () {\n    const subNav = document.getElementById(\"jsSubNav\");\n    const headerNav = document.querySelector(\"header > nav\");\n    const heroSection = document.querySelector(\".hero--section\");\n\n    if (!subNav || !headerNav || !heroSection) return; \/\/ Je\u015bli kt\u00f3ry\u015b element nie istnieje, zatrzymaj skrypt\n\n    function checkScroll() {\n        const headerHeight = headerNav.offsetHeight; \/\/ Wysoko\u015b\u0107 header > nav\n        const subNavHeight = subNav.offsetHeight; \/\/ Wysoko\u015b\u0107 jsSubNav\n        const heroBottom = heroSection.getBoundingClientRect().bottom; \/\/ Dolna cz\u0119\u015b\u0107 hero wzgl\u0119dem okna\n\n        if (heroBottom - subNavHeight <= headerHeight) {\n            \/\/ Gdy dolna cz\u0119\u015b\u0107 hero - wysoko\u015b\u0107 subNav jest <= wysoko\u015bci headera\n            subNav.classList.add(\"fixed-top\");\n            subNav.classList.remove(\"fixed-bottom\");\n            subNav.style.top = `${headerHeight}px`; \/\/ Ustawiamy top r\u00f3wny headerowi\n        } else {\n            \/\/ Gdy dolna cz\u0119\u015b\u0107 hero jest wy\u017cej ni\u017c header\n            subNav.classList.add(\"fixed-bottom\");\n            subNav.classList.remove(\"fixed-top\");\n            subNav.style.top = \"\"; \/\/ Resetujemy top, aby by\u0142 przyklejony do hero\n        }\n    }\n\n    window.addEventListener(\"scroll\", checkScroll);\n});\n\n<\/script>\n\n\n\n<section class=\"section--page-title py-md-5 py-4\">\n    <div class=\"container\">\n        <h1 class=\"mb-md-5 md-3\">Deklaracje w\u0142a\u015bciwo\u015bci<\/h1>        <p>Tu znajdziesz deklaracje w\u0142a\u015bciwo\u015bci dla produkt\u00f3w<\/p>\n    <\/div>\n<\/section>\n\n<style type=\"text\/css\">\n    .section--page-title {\n        background-color: #fbfcfc;\n    }\n\n<\/style>\n\n\n<div style=\"height:50px\" aria-hidden=\"true\" class=\"wp-block-spacer\"><\/div>\n\n\n<div class=\"container\"><div class=\"row\"><div class=\"col-12\">\n<iframe loading=\"lazy\" src=\"https:\/\/ce.pressglass.com\/pl\/?option=ce&amp;optionHide=1\" width=\"100%\" height=\"800\"><\/iframe>\n<\/div><\/div><\/div>\n\n\n<div style=\"height:50px\" aria-hidden=\"true\" class=\"wp-block-spacer\"><\/div>\n\n\n<div class=\"container\"><div class=\"row\"><div class=\"col-12\">    <div class=\"accordion\" id=\"accordion-69e3ade3ab363\">\n                    <div class=\"accordion-item rounded-0 border-0\">\n                <h2 class=\"accordion-header\" id=\"heading-item-69e3ade3b0bb8\">\n                    <button class=\"accordion-button px-0 border-bottom border-1 border-primary bg-transparent collapsed\" type=\"button\" data-bs-toggle=\"collapse\" \n                        data-bs-target=\"#collapse-item-69e3ade3b0bb8\" \n                        aria-expanded=\"false\" aria-controls=\"collapse-item-69e3ade3b0bb8\">\n                        Instrukcja pobierania Deklaracji W\u0142a\u015bciwo\u015bci                    <\/button>\n                <\/h2>\n                <div id=\"collapse-item-69e3ade3b0bb8\" class=\"accordion-collapse collapse\" \n                    aria-labelledby=\"heading-item-69e3ade3b0bb8\" \n                    data-bs-parent=\"#accordion-69e3ade3ab363\">\n                    <div class=\"accordion-body px-0 border-bottom border-1 border-primary\">\n                        <div class=\"list-group list-group-flush\"><div class=\"list-group-item d-flex justify-content-between align-items-center px-0 py-3\"><div class=\"w-75\">Instrukcja pobierania DWU za pomoc\u0105 strony internetowej PRES GLASS<\/div><div class=\"\"><a href=\"https:\/\/www.pressglass.com\/wp-content\/uploads\/2021\/10\/Instrukcja_pobierania_DWU_ze_strony_internerowej_PRESS_GLASS_PL.pdf\" title=\"\" class=\"btn btn-outline-primary rounded-0 d-flex justify-content-center position-relative text-nowrap px-3 py-2\" target=\"_blank\">Pobierz PDF<img decoding=\"async\" src=\"https:\/\/pressdev1.pressglass.com\/wp-content\/uploads\/sites\/3\/2025\/07\/file-arrow-down-sharp-thin.svg\" alt=\"\" class=\"ms-3\"><\/a><\/div><\/div><\/div>                    <\/div>\n                <\/div>\n            <\/div>\n            <\/div>\n<\/div><\/div><\/div>\n\n\n<div style=\"height:100px\" aria-hidden=\"true\" class=\"wp-block-spacer\"><\/div>\n","protected":false},"excerpt":{"rendered":"<p>Tu znajdziesz deklaracje w\u0142a\u015bciwo\u015bci dla produkt\u00f3w<\/p>\n","protected":false},"author":2,"featured_media":307,"parent":291,"menu_order":2,"comment_status":"closed","ping_status":"closed","template":"","meta":{"_acf_changed":false,"footnotes":""},"class_list":["post-164807","page","type-page","status-publish","has-post-thumbnail","hentry"],"acf":[],"yoast_head":"<!-- This site is optimized with the Yoast SEO plugin v27.3 - https:\/\/yoast.com\/product\/yoast-seo-wordpress\/ -->\n<title>Deklaracje w\u0142a\u015bciwo\u015bci - Press Glass<\/title>\n<meta name=\"robots\" content=\"noindex, follow, max-snippet:-1, max-image-preview:large, max-video-preview:-1\" \/>\n<meta property=\"og:locale\" content=\"pl_PL\" \/>\n<meta property=\"og:type\" content=\"article\" \/>\n<meta property=\"og:title\" content=\"Deklaracje w\u0142a\u015bciwo\u015bci - Press Glass\" \/>\n<meta property=\"og:description\" content=\"Tu znajdziesz deklaracje w\u0142a\u015bciwo\u015bci dla produkt\u00f3w\" \/>\n<meta property=\"og:url\" content=\"https:\/\/pressdev1.pressglass.com\/pl\/do-pobrania\/deklaracje-wlasciwosci\/\" \/>\n<meta property=\"og:site_name\" content=\"Press Glass\" \/>\n<meta property=\"article:modified_time\" content=\"2026-03-15T07:45:24+00:00\" \/>\n<meta property=\"og:image\" content=\"https:\/\/pressdev1.pressglass.com\/wp-content\/uploads\/sites\/3\/2025\/06\/5eb8b952-655c-448b-8e54-5f8c54a9bc9f.jpeg\" \/>\n\t<meta property=\"og:image:width\" content=\"1920\" \/>\n\t<meta property=\"og:image:height\" content=\"1269\" \/>\n\t<meta property=\"og:image:type\" content=\"image\/jpeg\" \/>\n<meta name=\"twitter:card\" content=\"summary_large_image\" \/>\n<meta name=\"twitter:label1\" content=\"Szacowany czas czytania\" \/>\n\t<meta name=\"twitter:data1\" content=\"1 minuta\" \/>\n<script type=\"application\/ld+json\" class=\"yoast-schema-graph\">{\"@context\":\"https:\\\/\\\/schema.org\",\"@graph\":[{\"@type\":\"WebPage\",\"@id\":\"https:\\\/\\\/pressdev1.pressglass.com\\\/pl\\\/do-pobrania\\\/deklaracje-wlasciwosci\\\/\",\"url\":\"https:\\\/\\\/pressdev1.pressglass.com\\\/pl\\\/do-pobrania\\\/deklaracje-wlasciwosci\\\/\",\"name\":\"Deklaracje w\u0142a\u015bciwo\u015bci - Press Glass\",\"isPartOf\":{\"@id\":\"https:\\\/\\\/pressdev1.pressglass.com\\\/#website\"},\"primaryImageOfPage\":{\"@id\":\"https:\\\/\\\/pressdev1.pressglass.com\\\/pl\\\/do-pobrania\\\/deklaracje-wlasciwosci\\\/#primaryimage\"},\"image\":{\"@id\":\"https:\\\/\\\/pressdev1.pressglass.com\\\/pl\\\/do-pobrania\\\/deklaracje-wlasciwosci\\\/#primaryimage\"},\"thumbnailUrl\":\"https:\\\/\\\/pressdev1.pressglass.com\\\/wp-content\\\/uploads\\\/sites\\\/3\\\/2025\\\/06\\\/5eb8b952-655c-448b-8e54-5f8c54a9bc9f.jpeg\",\"datePublished\":\"2025-07-08T10:42:28+00:00\",\"dateModified\":\"2026-03-15T07:45:24+00:00\",\"breadcrumb\":{\"@id\":\"https:\\\/\\\/pressdev1.pressglass.com\\\/pl\\\/do-pobrania\\\/deklaracje-wlasciwosci\\\/#breadcrumb\"},\"inLanguage\":\"pl-PL\",\"potentialAction\":[{\"@type\":\"ReadAction\",\"target\":[\"https:\\\/\\\/pressdev1.pressglass.com\\\/pl\\\/do-pobrania\\\/deklaracje-wlasciwosci\\\/\"]}]},{\"@type\":\"ImageObject\",\"inLanguage\":\"pl-PL\",\"@id\":\"https:\\\/\\\/pressdev1.pressglass.com\\\/pl\\\/do-pobrania\\\/deklaracje-wlasciwosci\\\/#primaryimage\",\"url\":\"https:\\\/\\\/pressdev1.pressglass.com\\\/wp-content\\\/uploads\\\/sites\\\/3\\\/2025\\\/06\\\/5eb8b952-655c-448b-8e54-5f8c54a9bc9f.jpeg\",\"contentUrl\":\"https:\\\/\\\/pressdev1.pressglass.com\\\/wp-content\\\/uploads\\\/sites\\\/3\\\/2025\\\/06\\\/5eb8b952-655c-448b-8e54-5f8c54a9bc9f.jpeg\",\"width\":1920,\"height\":1269},{\"@type\":\"BreadcrumbList\",\"@id\":\"https:\\\/\\\/pressdev1.pressglass.com\\\/pl\\\/do-pobrania\\\/deklaracje-wlasciwosci\\\/#breadcrumb\",\"itemListElement\":[{\"@type\":\"ListItem\",\"position\":1,\"name\":\"Strona g\u0142\u00f3wna\",\"item\":\"https:\\\/\\\/pressdev1.pressglass.com\\\/pl\\\/\"},{\"@type\":\"ListItem\",\"position\":2,\"name\":\"Do pobrania\",\"item\":\"https:\\\/\\\/pressdev1.pressglass.com\\\/pl\\\/do-pobrania\\\/\"},{\"@type\":\"ListItem\",\"position\":3,\"name\":\"Deklaracje w\u0142a\u015bciwo\u015bci\"}]},{\"@type\":\"WebSite\",\"@id\":\"https:\\\/\\\/pressdev1.pressglass.com\\\/#website\",\"url\":\"https:\\\/\\\/pressdev1.pressglass.com\\\/\",\"name\":\"Press Glass\",\"description\":\"\",\"potentialAction\":[{\"@type\":\"SearchAction\",\"target\":{\"@type\":\"EntryPoint\",\"urlTemplate\":\"https:\\\/\\\/pressdev1.pressglass.com\\\/?s={search_term_string}\"},\"query-input\":{\"@type\":\"PropertyValueSpecification\",\"valueRequired\":true,\"valueName\":\"search_term_string\"}}],\"inLanguage\":\"pl-PL\"}]}<\/script>\n<!-- \/ Yoast SEO plugin. -->","yoast_head_json":{"title":"Deklaracje w\u0142a\u015bciwo\u015bci - Press Glass","robots":{"index":"noindex","follow":"follow","max-snippet":"max-snippet:-1","max-image-preview":"max-image-preview:large","max-video-preview":"max-video-preview:-1"},"og_locale":"pl_PL","og_type":"article","og_title":"Deklaracje w\u0142a\u015bciwo\u015bci - Press Glass","og_description":"Tu znajdziesz deklaracje w\u0142a\u015bciwo\u015bci dla produkt\u00f3w","og_url":"https:\/\/pressdev1.pressglass.com\/pl\/do-pobrania\/deklaracje-wlasciwosci\/","og_site_name":"Press Glass","article_modified_time":"2026-03-15T07:45:24+00:00","og_image":[{"width":1920,"height":1269,"url":"https:\/\/pressdev1.pressglass.com\/wp-content\/uploads\/sites\/3\/2025\/06\/5eb8b952-655c-448b-8e54-5f8c54a9bc9f.jpeg","type":"image\/jpeg"}],"twitter_card":"summary_large_image","twitter_misc":{"Szacowany czas czytania":"1 minuta"},"schema":{"@context":"https:\/\/schema.org","@graph":[{"@type":"WebPage","@id":"https:\/\/pressdev1.pressglass.com\/pl\/do-pobrania\/deklaracje-wlasciwosci\/","url":"https:\/\/pressdev1.pressglass.com\/pl\/do-pobrania\/deklaracje-wlasciwosci\/","name":"Deklaracje w\u0142a\u015bciwo\u015bci - Press Glass","isPartOf":{"@id":"https:\/\/pressdev1.pressglass.com\/#website"},"primaryImageOfPage":{"@id":"https:\/\/pressdev1.pressglass.com\/pl\/do-pobrania\/deklaracje-wlasciwosci\/#primaryimage"},"image":{"@id":"https:\/\/pressdev1.pressglass.com\/pl\/do-pobrania\/deklaracje-wlasciwosci\/#primaryimage"},"thumbnailUrl":"https:\/\/pressdev1.pressglass.com\/wp-content\/uploads\/sites\/3\/2025\/06\/5eb8b952-655c-448b-8e54-5f8c54a9bc9f.jpeg","datePublished":"2025-07-08T10:42:28+00:00","dateModified":"2026-03-15T07:45:24+00:00","breadcrumb":{"@id":"https:\/\/pressdev1.pressglass.com\/pl\/do-pobrania\/deklaracje-wlasciwosci\/#breadcrumb"},"inLanguage":"pl-PL","potentialAction":[{"@type":"ReadAction","target":["https:\/\/pressdev1.pressglass.com\/pl\/do-pobrania\/deklaracje-wlasciwosci\/"]}]},{"@type":"ImageObject","inLanguage":"pl-PL","@id":"https:\/\/pressdev1.pressglass.com\/pl\/do-pobrania\/deklaracje-wlasciwosci\/#primaryimage","url":"https:\/\/pressdev1.pressglass.com\/wp-content\/uploads\/sites\/3\/2025\/06\/5eb8b952-655c-448b-8e54-5f8c54a9bc9f.jpeg","contentUrl":"https:\/\/pressdev1.pressglass.com\/wp-content\/uploads\/sites\/3\/2025\/06\/5eb8b952-655c-448b-8e54-5f8c54a9bc9f.jpeg","width":1920,"height":1269},{"@type":"BreadcrumbList","@id":"https:\/\/pressdev1.pressglass.com\/pl\/do-pobrania\/deklaracje-wlasciwosci\/#breadcrumb","itemListElement":[{"@type":"ListItem","position":1,"name":"Strona g\u0142\u00f3wna","item":"https:\/\/pressdev1.pressglass.com\/pl\/"},{"@type":"ListItem","position":2,"name":"Do pobrania","item":"https:\/\/pressdev1.pressglass.com\/pl\/do-pobrania\/"},{"@type":"ListItem","position":3,"name":"Deklaracje w\u0142a\u015bciwo\u015bci"}]},{"@type":"WebSite","@id":"https:\/\/pressdev1.pressglass.com\/#website","url":"https:\/\/pressdev1.pressglass.com\/","name":"Press Glass","description":"","potentialAction":[{"@type":"SearchAction","target":{"@type":"EntryPoint","urlTemplate":"https:\/\/pressdev1.pressglass.com\/?s={search_term_string}"},"query-input":{"@type":"PropertyValueSpecification","valueRequired":true,"valueName":"search_term_string"}}],"inLanguage":"pl-PL"}]}},"_links":{"self":[{"href":"https:\/\/pressdev1.pressglass.com\/pl\/wp-json\/wp\/v2\/pages\/164807","targetHints":{"allow":["GET"]}}],"collection":[{"href":"https:\/\/pressdev1.pressglass.com\/pl\/wp-json\/wp\/v2\/pages"}],"about":[{"href":"https:\/\/pressdev1.pressglass.com\/pl\/wp-json\/wp\/v2\/types\/page"}],"author":[{"embeddable":true,"href":"https:\/\/pressdev1.pressglass.com\/pl\/wp-json\/wp\/v2\/users\/2"}],"replies":[{"embeddable":true,"href":"https:\/\/pressdev1.pressglass.com\/pl\/wp-json\/wp\/v2\/comments?post=164807"}],"version-history":[{"count":10,"href":"https:\/\/pressdev1.pressglass.com\/pl\/wp-json\/wp\/v2\/pages\/164807\/revisions"}],"predecessor-version":[{"id":170410,"href":"https:\/\/pressdev1.pressglass.com\/pl\/wp-json\/wp\/v2\/pages\/164807\/revisions\/170410"}],"up":[{"embeddable":true,"href":"https:\/\/pressdev1.pressglass.com\/pl\/wp-json\/wp\/v2\/pages\/291"}],"wp:featuredmedia":[{"embeddable":true,"href":"https:\/\/pressdev1.pressglass.com\/pl\/wp-json\/wp\/v2\/media\/307"}],"wp:attachment":[{"href":"https:\/\/pressdev1.pressglass.com\/pl\/wp-json\/wp\/v2\/media?parent=164807"}],"curies":[{"name":"wp","href":"https:\/\/api.w.org\/{rel}","templated":true}]}}