

{"id":165407,"date":"2025-07-23T12:33:34","date_gmt":"2025-07-23T10:33:34","guid":{"rendered":"https:\/\/pressdev1.pressglass.com\/?page_id=165407"},"modified":"2026-03-15T08:28:06","modified_gmt":"2026-03-15T07:28:06","slug":"oferty-pracy-konopiska","status":"publish","type":"page","link":"https:\/\/pressdev1.pressglass.com\/pl\/kariera-w-polsce\/oferty-pracy-konopiska\/","title":{"rendered":"Oferty pracy Konopiska"},"content":{"rendered":"\n\n\n<section id=\"hero--carousel_block_7110ceec97dbd0b57f51eaa42bb8bafc\" class=\"hero--section hero-size-medium bg-primary d-flex flex-column text-bg-primary justify-content-center position-relative\">\n        <div class=\"hero--carousel h-100\">\n                <div class=\"item h-100\" style=\"background-image: url(https:\/\/pressdev1.pressglass.com\/wp-content\/uploads\/sites\/3\/2025\/07\/slider_hero_kariera_konopiska.jpg);\">\n            <img decoding=\"async\" src=\"https:\/\/pressdev1.pressglass.com\/wp-content\/uploads\/sites\/3\/2025\/07\/slider_hero_kariera_konopiska.jpg\" alt=\"\" class=\"img-fluid opacity-0\">\n        <\/div>\n            <\/div>\n        <div class=\"container d-flex flex-column justify-content-center\">\n        <div class=\"row\">\n            <div class=\"col-md-10 col-12 offset-md-1\">\n                <div class=\"hero-headline text-uppercase mb-sm-5 mb-3 anim-in\">Kariera w Polsce<\/div>\n                            <\/div>\n        <\/div>\n    <\/div>\n        <div id=\"jsSubNav\" class=\"container-fluid sub--navigation\">\n        <div class=\"d-flex w-100 justify-content-between align-items-center h-100\">\n            <nav aria-label=\"breadcrumb\" class=\"\"><ol class=\"breadcrumb mb-0 \"><li class=\"breadcrumb-item\"><a href=\"https:\/\/pressdev1.pressglass.com\/pl\/\">Strona g\u0142\u00f3wna<\/a><\/li><\/ol><\/nav>\n                        <nav aria-label=\"subnav\" class=\"d-lg-flex d-noned-lg-flex d-none \">\n                <ul class=\"nav d-flex flex-row flex-nowrap text-nowrap\">\n                                        <li class=\"nav-item\">\n                        <a class=\"nav-link\" href=\"https:\/\/pressdev1.pressglass.com\/pl\/kariera-w-polsce#oferty-pracy\" title=\"Oferty pracy\" target=\"\">Oferty pracy<\/a>\n                    <\/li>\n                                        <li class=\"nav-item\">\n                        <a class=\"nav-link\" href=\"https:\/\/pressdev1.pressglass.com\/pl\/kariera-w-polsce#benefity\" title=\"Benefity\" target=\"\">Benefity<\/a>\n                    <\/li>\n                                        <li class=\"nav-item\">\n                        <a class=\"nav-link\" href=\"https:\/\/pressdev1.pressglass.com\/pl\/kariera-w-polsce\/proces-rekrutacji\/\" title=\"Proces rekrutacji\" target=\"\">Proces rekrutacji<\/a>\n                    <\/li>\n                                        <li class=\"nav-item\">\n                        <a class=\"nav-link\" href=\"https:\/\/pressdev1.pressglass.com\/pl\/kariera-w-polsce#pytania-odpowiedzi\" title=\"Pytania i odpowiedzi\" target=\"\">Pytania i odpowiedzi<\/a>\n                    <\/li>\n                                        <li class=\"nav-item\">\n                        <a class=\"nav-link\" href=\"https:\/\/pressdev1.pressglass.com\/pl\/kariera-w-polsce\/nasze-wartosci\/\" title=\"Nasze warto\u015bci\" target=\"\">Nasze warto\u015bci<\/a>\n                    <\/li>\n                                        <li class=\"nav-item\">\n                        <a class=\"nav-link\" href=\"https:\/\/pressdev1.pressglass.com\/pl\/kariera-w-polsce\/opinie\/\" title=\"Opinie\" target=\"\">Opinie<\/a>\n                    <\/li>\n                                    <\/ul>\n            <\/nav>\n            \n            <div class=\"dropdown d-lg-none\">\n                <button class=\"btn btn-link dropdown-toggle text-white\" type=\"button\" data-bs-toggle=\"dropdown\" aria-expanded=\"false\">\n                    <svg width=\"32\" height=\"32\" fill=\"currentColor\" class=\"bi bi-three-dots-vertical\" viewBox=\"0 0 16 16\">\n                        <path d=\"M9.5 13a1.5 1.5 0 1 1-3 0 1.5 1.5 0 0 1 3 0m0-5a1.5 1.5 0 1 1-3 0 1.5 1.5 0 0 1 3 0m0-5a1.5 1.5 0 1 1-3 0 1.5 1.5 0 0 1 3 0\"\/>\n                    <\/svg>\n                <\/button>\n                <ul class=\"dropdown-menu dropdown-menu-end rounded-0 border-0 shadow \">\n                                        <li><a class=\"dropdown-item\" href=\"https:\/\/pressdev1.pressglass.com\/pl\/kariera-w-polsce#oferty-pracy\" title=\"Oferty pracy\" target=\"\">Oferty pracy<\/a><\/li>\n                                        <li><a class=\"dropdown-item\" href=\"https:\/\/pressdev1.pressglass.com\/pl\/kariera-w-polsce#benefity\" title=\"Benefity\" target=\"\">Benefity<\/a><\/li>\n                                        <li><a class=\"dropdown-item\" href=\"https:\/\/pressdev1.pressglass.com\/pl\/kariera-w-polsce\/proces-rekrutacji\/\" title=\"Proces rekrutacji\" target=\"\">Proces rekrutacji<\/a><\/li>\n                                        <li><a class=\"dropdown-item\" href=\"https:\/\/pressdev1.pressglass.com\/pl\/kariera-w-polsce#pytania-odpowiedzi\" title=\"Pytania i odpowiedzi\" target=\"\">Pytania i odpowiedzi<\/a><\/li>\n                                        <li><a class=\"dropdown-item\" href=\"https:\/\/pressdev1.pressglass.com\/pl\/kariera-w-polsce\/nasze-wartosci\/\" title=\"Nasze warto\u015bci\" target=\"\">Nasze warto\u015bci<\/a><\/li>\n                                        <li><a class=\"dropdown-item\" href=\"https:\/\/pressdev1.pressglass.com\/pl\/kariera-w-polsce\/opinie\/\" title=\"Opinie\" target=\"\">Opinie<\/a><\/li>\n                                    <\/ul>\n            <\/div>\n                    <\/div>\n    <\/div>\n    <\/section>\n\n<style type=\"text\/css\">\n    main > .hero--section:first-child {  \n        z-index: 10;\n    }\n    main > .hero--section:not(:first-child) {  \n        overflow: hidden;\n    }\n    \n    .hero--section.hero-size-medium {\n        max-height: 480px;\n    }\n    .hero--section.hero-size-small {\n        max-height: 400px;\n    }\n\n    .hero--section .hero-headline  {\n        font-size: clamp(2.1875rem, 1.25rem + 4.1667vw, 4.6875rem);\n        font-weight: 300;\n        line-height: 1;\n    }\n\n    .hero--section .sub--navigation {\n        position: absolute;\n        bottom:0;\n        left: 0;\n        width: 100%;\n        z-index: 100;\n        height: 60px;\n        background-color: rgba(20, 42, 82, .9);\n    }\n\n    .hero--section .sub--navigation.fixed-top {\n        position: fixed;\n        bottom:auto;\n    }\n\n    .hero--section .sub--navigation .breadcrumb .breadcrumb-item a, .hero--section .sub--navigation .breadcrumb .breadcrumb-item {\n        padding-top: 0.5rem;\n        padding-bottom: 0.5rem;\n    }\n\n    .hero--section .sub--navigation .breadcrumb .breadcrumb-item a, .hero--section .sub--navigation .breadcrumb .breadcrumb-item,\n    .hero--section .sub--navigation .nav .nav-item .nav-link, .hero--section .sub--navigation .nav .nav-item {\n        font-size: clamp(0.875rem, 0.7344rem + 0.625vw, 1.25rem);\n        font-weight: 300;\n        text-decoration: none;\n        color: #fff;\n    }\n    .hero--section .sub--navigation .breadcrumb .breadcrumb-item a:hover,\n    .hero--section .sub--navigation .nav .nav-item .nav-link:hover {\n        opacity: .75;\n    }\n    .hero--section .sub--navigation .breadcrumb-item + .breadcrumb-item::before {\n        color: #fff;\n    }\n<\/style>\n<script>\ndocument.addEventListener(\"DOMContentLoaded\", function () {\n    const subNav = document.getElementById(\"jsSubNav\");\n    const headerNav = document.querySelector(\"header > nav\");\n    const heroSection = document.querySelector(\".hero--section\");\n\n    if (!subNav || !headerNav || !heroSection) return; \/\/ Je\u015bli kt\u00f3ry\u015b element nie istnieje, zatrzymaj skrypt\n\n    function checkScroll() {\n        const headerHeight = headerNav.offsetHeight; \/\/ Wysoko\u015b\u0107 header > nav\n        const subNavHeight = subNav.offsetHeight; \/\/ Wysoko\u015b\u0107 jsSubNav\n        const heroBottom = heroSection.getBoundingClientRect().bottom; \/\/ Dolna cz\u0119\u015b\u0107 hero wzgl\u0119dem okna\n\n        if (heroBottom - subNavHeight <= headerHeight) {\n            \/\/ Gdy dolna cz\u0119\u015b\u0107 hero - wysoko\u015b\u0107 subNav jest <= wysoko\u015bci headera\n            subNav.classList.add(\"fixed-top\");\n            subNav.classList.remove(\"fixed-bottom\");\n            subNav.style.top = `${headerHeight}px`; \/\/ Ustawiamy top r\u00f3wny headerowi\n        } else {\n            \/\/ Gdy dolna cz\u0119\u015b\u0107 hero jest wy\u017cej ni\u017c header\n            subNav.classList.add(\"fixed-bottom\");\n            subNav.classList.remove(\"fixed-top\");\n            subNav.style.top = \"\"; \/\/ Resetujemy top, aby by\u0142 przyklejony do hero\n        }\n    }\n\n    window.addEventListener(\"scroll\", checkScroll);\n});\n\n<\/script>\n\n\n\n<div style=\"height:50px\" aria-hidden=\"true\" class=\"wp-block-spacer\"><\/div>\n\n\n<div class=\"container\"><div class=\"row\"><div class=\"col-12\">\n<h1 class=\"wp-block-heading\" id=\"oferty-pracy\">Oferty pracy<br>Konopiska<\/h1>\n<\/div><\/div><\/div>\n\n\n<div style=\"height:50px\" aria-hidden=\"true\" class=\"wp-block-spacer\"><\/div>\n\n\n\n    <div class=\"career-tabs\">\n        <div class=\"container\">\n            <div class=\"row\">\n                <div class=\"col-12\">\n\n                    <div class=\"row row-cols-1 row-cols-md-2 row-cols-lg-4 g-4\">\n                                                    \n                                <div class=\"card--section pb-md-4 pb-3\">\n                                    <div class=\"card--headline border-bottom border-primary pb-md-4 pb-2\">\n                                        <div class=\"fw-semibold\">Specjalista ds. Obs\u0142ugi Sprzeda\u017cy<\/div>\n                                        <div class=\"small\">KO\/853<\/div>\n                                    <\/div>\n\n                                    <div class=\"card--content pt-2 pb-md-4 pb-2\">\n                                        <div>Polska, Konopiska<\/div>\n                                        <div class=\"small\">Opublikowano 20.01.2026<\/div>\n                                    <\/div>\n\n                                    <div class=\"card--button\">\n                                        <div>\n                                            <a href=\"https:\/\/pressdev1.pressglass.com\/pl\/kariera\/specjalista-ds-obslugi-sprzedazy-konopiska\/\" class=\"btn px-5 py-2 btn-outline-primary wp-element-button rounded-0 w-100\">Zobacz ofert\u0119<\/a>\n                                        <\/div>\n                                    <\/div>\n                                <\/div>\n\n                            \n                                <div class=\"card--section pb-md-4 pb-3\">\n                                    <div class=\"card--headline border-bottom border-primary pb-md-4 pb-2\">\n                                        <div class=\"fw-semibold\">Specjalista SAP SD\/CPQ<\/div>\n                                        <div class=\"small\">KO\/664<\/div>\n                                    <\/div>\n\n                                    <div class=\"card--content pt-2 pb-md-4 pb-2\">\n                                        <div>Polska, Konopiska<\/div>\n                                        <div class=\"small\">Opublikowano 20.01.2026<\/div>\n                                    <\/div>\n\n                                    <div class=\"card--button\">\n                                        <div>\n                                            <a href=\"https:\/\/pressdev1.pressglass.com\/pl\/kariera\/specjalista-sap-sd-cpq-konopiska\/\" class=\"btn px-5 py-2 btn-outline-primary wp-element-button rounded-0 w-100\">Zobacz ofert\u0119<\/a>\n                                        <\/div>\n                                    <\/div>\n                                <\/div>\n\n                                                                        <\/div>\n                                    <\/div>\n            <\/div>\n        <\/div>\n    <\/div>\n\n    \n\n\n<div style=\"height:100px\" aria-hidden=\"true\" class=\"wp-block-spacer\"><\/div>\n\n\n\n<section id=\"single--mapblock_50c01f05926288007ad06f99869d2b42\" class=\"position-relative py-md-0 py-4 overflow-hidden map-section\">\n        <div class=\"w-100 h-100 map-wrapper \" id=\"\">\n        <div id=\"singleMap\" class=\"h-100\" data-cords='[{\"code\":\"pl\",\"markers_group_id\":\"#\",\"area_name\":\"Polska\",\"area_subname\":\"PRESS GLASS SP. Z O.O.\",\"lat\":52.12537054504512,\"lng\":19.180555967572847,\"locations\":[{\"lat\":50.744342695851394,\"lng\":18.99775723999665,\"headline\":\"Konopiska\",\"content\":\"Biuro Zarz\\u0105du\",\"show_info\":true}]}]'><\/div>\n    <\/div>\n    <script>\n        var markesrs = [];\n\n        var cords = document.getElementById('singleMap').getAttribute('data-cords');\n\n        if(cords) {\n            markesrs = JSON.parse(cords);\n\n            console.log(markesrs);\n        }\n\n        let singleMap;\n        let featureLayer2;\n        var markersArr = [];\n        async function initMap() {\n            const { Map } = await google.maps.importLibrary('maps');\n            const { AdvancedMarkerElement, PinElement } = await google.maps.importLibrary('marker');\n\n            singleMap = new Map(document.getElementById('singleMap'), {\n                center: { lat: markesrs[0]['lat'], lng: markesrs[0]['lng'] },\n                zoom: 5,\n                mapTypeControl: false,\n                mapId: 'c0a27bee380909a456228c2a',\n                streetViewControl: false\n            });\n\n            const styleControl = document.getElementById(\"style-selector-control\");\n\n            singleMap.controls[google.maps.ControlPosition.TOP_LEFT].push(styleControl);\n\n            featureLayer = singleMap.getFeatureLayer(\"COUNTRY\");\n\n            const featureStyleOptions = {\n                strokeColor: \"#d5d9e0\",\n                strokeOpacity: 1.0,\n                strokeWeight: 3.0,\n                fillColor: \"#d5d9e0\",\n                fillOpacity: 1,\n            };\n\n            var groups = [];\n                markesrs.forEach(areas => {\n                    groups.push(areas['markers_group_id']);\n                })\n\n\n            featureLayer.style = (options) => {\n                if (groups.includes(options.feature.placeId)) {\n                    return featureStyleOptions;\n                }\n            };\n            \n            \n            addMarkers(singleMap, AdvancedMarkerElement, markesrs);\n        }\n\n        initMap();\n\n\n        function addMarkers(map, AdvancedMarkerElement, markesrs) {\n            var activeInfoWindow;\n\n            let i = 0;\n            console.log(markesrs);\n            markesrs[0]['locations'].forEach(loc => {\n\n                console.log(loc);\n\n                const contentString = '<div id=\"content\"><div id=\"siteNotice\"><\/div><div class=\"fs-5 pb-1\">' + loc.headline + '<\/div><div class=\" pb-1\">' + loc.content + '<\/div><\/div>';\n\n                const infowindow = new google.maps.InfoWindow({\n                    content: contentString,\n                    ariaLabel: \"PRESS GLASS\",\n                });\n\n                const customMarkers = document.createElement(\"div\");\n\n                customMarkers.className = \"marker-tag\";\n                customMarkers.textContent = \"\";\n\n                const marker = new AdvancedMarkerElement({\n                    position: {lat: loc.lat, lng: loc.lng},\n                    map,\n                    content: customMarkers\n                });\n\n                if(loc.show_info) {\n                    infowindow.open({\n                        anchor: marker,\n                        map,\n                    });\n                }\n\n                marker.addListener(\"click\", () => {\n                    if (activeInfoWindow) { activeInfoWindow.close();}\n                    infowindow.open({\n                        anchor: marker,\n                        map,\n                    });\n\n                    activeInfoWindow = infowindow;\n                }); \n\n                markersArr.push(marker);\n                i++;\n            });\n\n            $('body').on('click', '.jsShowInfoWindow', function() {\n                var target = $(this).data('target');\n                google.maps.event.trigger(markersArr[target], 'click');\n\n                $.each($('.jsShowInfoWindow'), function() {\n                    $(this).removeClass('selected')\n                })\n                $(this).addClass('selected');\n            })\n        }\n\n    <\/script>\n<\/section>\n\n\n\n<div style=\"height:100px\" aria-hidden=\"true\" class=\"wp-block-spacer\"><\/div>\n\n\n<div class=\"container\"><div class=\"row\"><div class=\"col-12\">    <div class=\"accordion\" id=\"accordion-69e3ab765be04\">\n                    <div class=\"accordion-item rounded-0 border-0\">\n                <h2 class=\"accordion-header\" id=\"heading-item-69e3ab7661672\">\n                    <button class=\"accordion-button px-0 border-bottom border-1 border-primary bg-transparent collapsed\" type=\"button\" data-bs-toggle=\"collapse\" \n                        data-bs-target=\"#collapse-item-69e3ab7661672\" \n                        aria-expanded=\"false\" aria-controls=\"collapse-item-69e3ab7661672\">\n                        Zobacz oferty pracy w innych zak\u0142adach Press Glass                    <\/button>\n                <\/h2>\n                <div id=\"collapse-item-69e3ab7661672\" class=\"accordion-collapse collapse\" \n                    aria-labelledby=\"heading-item-69e3ab7661672\" \n                    data-bs-parent=\"#accordion-69e3ab765be04\">\n                    <div class=\"accordion-body px-0 border-bottom border-1 border-primary\">\n                        <div class=\"list-group list-group-flush\"><div class=\"list-group-item d-flex justify-content-between align-items-center px-0 py-3\"><div class=\"w-75\">Oferty pracy Mi\u0119tno<\/div><div class=\"\"><a href=\"https:\/\/pressdev1.pressglass.com\/pl\/kariera-w-polsce\/oferty-pracy-mietno\/\" title=\"\" class=\"btn btn-outline-primary rounded-0 d-flex justify-content-center position-relative text-nowrap px-5 py-2\" target=\"_self\">Wi\u0119cej<\/a><\/div><\/div><div class=\"list-group-item d-flex justify-content-between align-items-center px-0 py-3\"><div class=\"w-75\">Oferty pracy Radomsko<\/div><div class=\"\"><a href=\"https:\/\/pressdev1.pressglass.com\/pl\/kariera-w-polsce\/oferty-pracy-radomsko\/\" title=\"\" class=\"btn btn-outline-primary rounded-0 d-flex justify-content-center position-relative text-nowrap px-5 py-2\" target=\"_self\">Wi\u0119cej<\/a><\/div><\/div><div class=\"list-group-item d-flex justify-content-between align-items-center px-0 py-3\"><div class=\"w-75\">Oferty pracy Tczew<\/div><div class=\"\"><a href=\"https:\/\/pressdev1.pressglass.com\/pl\/kariera-w-polsce\/oferty-pracy-tczew\/\" title=\"\" class=\"btn btn-outline-primary rounded-0 d-flex justify-content-center position-relative text-nowrap px-5 py-2\" target=\"_self\">Wi\u0119cej<\/a><\/div><\/div><div class=\"list-group-item d-flex justify-content-between align-items-center px-0 py-3\"><div class=\"w-75\">Oferty pracy Tychy<\/div><div class=\"\"><a href=\"https:\/\/pressdev1.pressglass.com\/pl\/kariera-w-polsce\/oferty-pracy-tychy\/\" title=\"\" class=\"btn btn-outline-primary rounded-0 d-flex justify-content-center position-relative text-nowrap px-5 py-2\" target=\"_self\">Wi\u0119cej<\/a><\/div><\/div><\/div>                    <\/div>\n                <\/div>\n            <\/div>\n            <\/div>\n<\/div><\/div><\/div>\n\n\n<div style=\"height:100px\" aria-hidden=\"true\" class=\"wp-block-spacer\"><\/div>\n","protected":false},"excerpt":{"rendered":"<p>Oferty pracyKonopiska<\/p>\n","protected":false},"author":1,"featured_media":0,"parent":286,"menu_order":11,"comment_status":"closed","ping_status":"closed","template":"","meta":{"_acf_changed":false,"footnotes":""},"class_list":["post-165407","page","type-page","status-publish","hentry"],"acf":[],"yoast_head":"<!-- This site is optimized with the Yoast SEO plugin v27.3 - https:\/\/yoast.com\/product\/yoast-seo-wordpress\/ -->\n<title>Oferty pracy Konopiska - Press Glass<\/title>\n<meta name=\"robots\" content=\"noindex, follow, max-snippet:-1, max-image-preview:large, max-video-preview:-1\" \/>\n<meta property=\"og:locale\" content=\"pl_PL\" \/>\n<meta property=\"og:type\" content=\"article\" \/>\n<meta property=\"og:title\" content=\"Oferty pracy Konopiska - Press Glass\" \/>\n<meta property=\"og:description\" content=\"Oferty pracyKonopiska\" \/>\n<meta property=\"og:url\" content=\"https:\/\/pressdev1.pressglass.com\/pl\/kariera-w-polsce\/oferty-pracy-konopiska\/\" \/>\n<meta property=\"og:site_name\" content=\"Press Glass\" \/>\n<meta property=\"article:modified_time\" content=\"2026-03-15T07:28:06+00:00\" \/>\n<meta name=\"twitter:card\" content=\"summary_large_image\" \/>\n<meta name=\"twitter:label1\" content=\"Szacowany czas czytania\" \/>\n\t<meta name=\"twitter:data1\" content=\"1 minuta\" \/>\n<script type=\"application\/ld+json\" class=\"yoast-schema-graph\">{\"@context\":\"https:\\\/\\\/schema.org\",\"@graph\":[{\"@type\":\"WebPage\",\"@id\":\"https:\\\/\\\/pressdev1.pressglass.com\\\/pl\\\/kariera-w-polsce\\\/oferty-pracy-konopiska\\\/\",\"url\":\"https:\\\/\\\/pressdev1.pressglass.com\\\/pl\\\/kariera-w-polsce\\\/oferty-pracy-konopiska\\\/\",\"name\":\"Oferty pracy Konopiska - Press Glass\",\"isPartOf\":{\"@id\":\"https:\\\/\\\/pressdev1.pressglass.com\\\/#website\"},\"datePublished\":\"2025-07-23T10:33:34+00:00\",\"dateModified\":\"2026-03-15T07:28:06+00:00\",\"breadcrumb\":{\"@id\":\"https:\\\/\\\/pressdev1.pressglass.com\\\/pl\\\/kariera-w-polsce\\\/oferty-pracy-konopiska\\\/#breadcrumb\"},\"inLanguage\":\"pl-PL\",\"potentialAction\":[{\"@type\":\"ReadAction\",\"target\":[\"https:\\\/\\\/pressdev1.pressglass.com\\\/pl\\\/kariera-w-polsce\\\/oferty-pracy-konopiska\\\/\"]}]},{\"@type\":\"BreadcrumbList\",\"@id\":\"https:\\\/\\\/pressdev1.pressglass.com\\\/pl\\\/kariera-w-polsce\\\/oferty-pracy-konopiska\\\/#breadcrumb\",\"itemListElement\":[{\"@type\":\"ListItem\",\"position\":1,\"name\":\"Strona g\u0142\u00f3wna\",\"item\":\"https:\\\/\\\/pressdev1.pressglass.com\\\/pl\\\/\"},{\"@type\":\"ListItem\",\"position\":2,\"name\":\"Kariera w Polsce\",\"item\":\"https:\\\/\\\/pressdev1.pressglass.com\\\/pl\\\/kariera-w-polsce\\\/\"},{\"@type\":\"ListItem\",\"position\":3,\"name\":\"Oferty pracy Konopiska\"}]},{\"@type\":\"WebSite\",\"@id\":\"https:\\\/\\\/pressdev1.pressglass.com\\\/#website\",\"url\":\"https:\\\/\\\/pressdev1.pressglass.com\\\/\",\"name\":\"Press Glass\",\"description\":\"\",\"potentialAction\":[{\"@type\":\"SearchAction\",\"target\":{\"@type\":\"EntryPoint\",\"urlTemplate\":\"https:\\\/\\\/pressdev1.pressglass.com\\\/?s={search_term_string}\"},\"query-input\":{\"@type\":\"PropertyValueSpecification\",\"valueRequired\":true,\"valueName\":\"search_term_string\"}}],\"inLanguage\":\"pl-PL\"}]}<\/script>\n<!-- \/ Yoast SEO plugin. -->","yoast_head_json":{"title":"Oferty pracy Konopiska - Press Glass","robots":{"index":"noindex","follow":"follow","max-snippet":"max-snippet:-1","max-image-preview":"max-image-preview:large","max-video-preview":"max-video-preview:-1"},"og_locale":"pl_PL","og_type":"article","og_title":"Oferty pracy Konopiska - Press Glass","og_description":"Oferty pracyKonopiska","og_url":"https:\/\/pressdev1.pressglass.com\/pl\/kariera-w-polsce\/oferty-pracy-konopiska\/","og_site_name":"Press Glass","article_modified_time":"2026-03-15T07:28:06+00:00","twitter_card":"summary_large_image","twitter_misc":{"Szacowany czas czytania":"1 minuta"},"schema":{"@context":"https:\/\/schema.org","@graph":[{"@type":"WebPage","@id":"https:\/\/pressdev1.pressglass.com\/pl\/kariera-w-polsce\/oferty-pracy-konopiska\/","url":"https:\/\/pressdev1.pressglass.com\/pl\/kariera-w-polsce\/oferty-pracy-konopiska\/","name":"Oferty pracy Konopiska - Press Glass","isPartOf":{"@id":"https:\/\/pressdev1.pressglass.com\/#website"},"datePublished":"2025-07-23T10:33:34+00:00","dateModified":"2026-03-15T07:28:06+00:00","breadcrumb":{"@id":"https:\/\/pressdev1.pressglass.com\/pl\/kariera-w-polsce\/oferty-pracy-konopiska\/#breadcrumb"},"inLanguage":"pl-PL","potentialAction":[{"@type":"ReadAction","target":["https:\/\/pressdev1.pressglass.com\/pl\/kariera-w-polsce\/oferty-pracy-konopiska\/"]}]},{"@type":"BreadcrumbList","@id":"https:\/\/pressdev1.pressglass.com\/pl\/kariera-w-polsce\/oferty-pracy-konopiska\/#breadcrumb","itemListElement":[{"@type":"ListItem","position":1,"name":"Strona g\u0142\u00f3wna","item":"https:\/\/pressdev1.pressglass.com\/pl\/"},{"@type":"ListItem","position":2,"name":"Kariera w Polsce","item":"https:\/\/pressdev1.pressglass.com\/pl\/kariera-w-polsce\/"},{"@type":"ListItem","position":3,"name":"Oferty pracy Konopiska"}]},{"@type":"WebSite","@id":"https:\/\/pressdev1.pressglass.com\/#website","url":"https:\/\/pressdev1.pressglass.com\/","name":"Press Glass","description":"","potentialAction":[{"@type":"SearchAction","target":{"@type":"EntryPoint","urlTemplate":"https:\/\/pressdev1.pressglass.com\/?s={search_term_string}"},"query-input":{"@type":"PropertyValueSpecification","valueRequired":true,"valueName":"search_term_string"}}],"inLanguage":"pl-PL"}]}},"_links":{"self":[{"href":"https:\/\/pressdev1.pressglass.com\/pl\/wp-json\/wp\/v2\/pages\/165407","targetHints":{"allow":["GET"]}}],"collection":[{"href":"https:\/\/pressdev1.pressglass.com\/pl\/wp-json\/wp\/v2\/pages"}],"about":[{"href":"https:\/\/pressdev1.pressglass.com\/pl\/wp-json\/wp\/v2\/types\/page"}],"author":[{"embeddable":true,"href":"https:\/\/pressdev1.pressglass.com\/pl\/wp-json\/wp\/v2\/users\/1"}],"replies":[{"embeddable":true,"href":"https:\/\/pressdev1.pressglass.com\/pl\/wp-json\/wp\/v2\/comments?post=165407"}],"version-history":[{"count":24,"href":"https:\/\/pressdev1.pressglass.com\/pl\/wp-json\/wp\/v2\/pages\/165407\/revisions"}],"predecessor-version":[{"id":170394,"href":"https:\/\/pressdev1.pressglass.com\/pl\/wp-json\/wp\/v2\/pages\/165407\/revisions\/170394"}],"up":[{"embeddable":true,"href":"https:\/\/pressdev1.pressglass.com\/pl\/wp-json\/wp\/v2\/pages\/286"}],"wp:attachment":[{"href":"https:\/\/pressdev1.pressglass.com\/pl\/wp-json\/wp\/v2\/media?parent=165407"}],"curies":[{"name":"wp","href":"https:\/\/api.w.org\/{rel}","templated":true}]}}