

{"id":165701,"date":"2025-07-24T12:42:06","date_gmt":"2025-07-24T10:42:06","guid":{"rendered":"https:\/\/pressdev1.pressglass.com\/?page_id=165701"},"modified":"2026-01-20T16:42:59","modified_gmt":"2026-01-20T15:42:59","slug":"obowiazek-informacyjny-rodo","status":"publish","type":"page","link":"https:\/\/pressdev1.pressglass.com\/pl\/obowiazek-informacyjny-rodo\/","title":{"rendered":"Obowi\u0105zek informacyjny &#8211; RODO"},"content":{"rendered":"\n<section class=\"section--page-title py-md-5 py-4\">\n    <div class=\"container\">\n        <h1 class=\"mb-md-5 md-3\">Obowi\u0105zek informacyjny &#8211; RODO<\/h1>        <p>Informacje dotycz\u0105ce przetwarzania danych osobowych zgodnie z rozporz\u0105dzeniem Parlamentu Europejskiego i Rady (UE) 2016\/679 z dnia 27 kwietnia 2016 r. w sprawie ochrony os\u00f3b fizycznych w zwi\u0105zku z przetwarzaniem danych osobowych i w sprawie swobodnego przep\u0142ywu takich danych oraz uchylenia dyrektywy 95\/46\/WE &#8211; og\u00f3lne rozporz\u0105dzenie o ochronie danych &#8211; (Dz.U. UE, L z 2016, nr 119, poz. 1), zwanym dalej \u201eRODO\u201d pragniemy poinformowa\u0107, \u017ce:<\/p>\n    <\/div>\n<\/section>\n\n<style type=\"text\/css\">\n    .section--page-title {\n        background-color: #fbfcfc;\n    }\n\n<\/style>\n\n\n<div style=\"height:50px\" aria-hidden=\"true\" class=\"wp-block-spacer\"><\/div>\n\n\n<div class=\"container\"><div class=\"row\"><div class=\"col-12\">\n<p><strong>Administrator Twoich danych osobowych<\/strong><\/p>\n<\/div><\/div><\/div>\n\n<div class=\"container\"><div class=\"row\"><div class=\"col-12\">\n<p>Administratorem\u00a0danych osobowych u\u017cytkownika jest:\u00a0Press Glass Holding S.A.\u00a0z siedzib\u0105 w Konopiskach, przy ul. Golfowej 19, 42-274 Konopiska, gmina Konopiska, wpisana do Krajowego Rejestru S\u0105dowego przez S\u0105d Rejonowy w Cz\u0119stochowie, XVII Wydzia\u0142 Gospodarczy KRS, pod numerem KRS 0000131477, pos\u0142uguj\u0105ca si\u0119 numerami NIP 574 000 74 96 i REGON 150021158, posiadaj\u0105ca kapita\u0142 zak\u0142adowy 502 000 z\u0142 (s\u0142ownie: pi\u0119\u0107set dwa tysi\u0105ce z\u0142otych 00\/100) op\u0142acony w ca\u0142o\u015bci, zwana dalej &#8222;Administratorem&#8221; i\/lub \u201ePress Glass\u201d.<\/p>\n<\/div><\/div><\/div>\n\n<div class=\"container\"><div class=\"row\"><div class=\"col-12\">\n<p><strong>Dane kontaktowe<\/strong><\/p>\n<\/div><\/div><\/div>\n\n<div class=\"container\"><div class=\"row\"><div class=\"col-12\">\n<p>We wszystkich sprawach dotycz\u0105cych przetwarzania danych osobowych przez Press Glass oraz korzystania z praw zwi\u0105zanych z przetwarzaniem danych u\u017cytkownik mo\u017ce kontaktowa\u0107 si\u0119 z Administratorem w drodze korespondencji elektronicznej na adres e-mail: gdpr@pressglass.com lub pisemnie na adres: Press Glass Holding S.A. z siedzib\u0105 w Konopiskach, przy ul. Golfowej 19, 42-272 Konopiska, z dopiskiem \u201eDane osobowe\u201d.<\/p>\n<\/div><\/div><\/div>\n\n<div class=\"container\"><div class=\"row\"><div class=\"col-12\">\n<p><strong>Inspektor Ochrony Danych<\/strong><\/p>\n<\/div><\/div><\/div>\n\n<div class=\"container\"><div class=\"row\"><div class=\"col-12\">\n<p>Administrator wyznaczy\u0142 Inspektora Ochrony Danych.<br>Z Inspektorem Ochrony Danych mo\u017cna skontaktowa\u0107 si\u0119 bezpo\u015brednio w drodze korespondencji elektronicznej na adres e-mail:\u00a0iod@pressglass.com\u00a0lub telefonicznie na numer tel.: +48 602 638 231.<\/p>\n<\/div><\/div><\/div>\n\n<div class=\"container\"><div class=\"row\"><div class=\"col-12\">\n<p><strong>Cel przetwarzania danych osobowych i podstawa prawna<\/strong><\/p>\n<\/div><\/div><\/div>\n\n<div class=\"container\"><div class=\"row\"><div class=\"col-12\">\n<p>Administrator przetwarza dane osobowe u\u017cytkownika w celu:\u00a0<\/p>\n<\/div><\/div><\/div>\n\n<div class=\"container\"><div class=\"row\"><div class=\"col-12\">\n<ul class=\"wp-block-list\"><div class=\"container\"><div class=\"row\"><div class=\"col-12\">\n<li>nawi\u0105zania kontaktu z u\u017cytkownikiem za po\u015brednictwem strony internetowej&nbsp;www.pressglass.com&nbsp;lub aplikacji mobilnej Press Glass Mobile, m. in. w celu przed\u0142o\u017cenia \u017c\u0105danej informacji handlowej &#8211; na podstawie&nbsp;art. 6 ust 1 lit. a) i f) RODO,<\/li>\n<\/div><\/div><\/div>\n\n<div class=\"container\"><div class=\"row\"><div class=\"col-12\">\n<li>wykonania obowi\u0105zk\u00f3w prawnych ci\u0105\u017c\u0105cych na Administratorze \u2013 na podstawie&nbsp;art. 6 ust. 1 lit c) RODO,<\/li>\n<\/div><\/div><\/div>\n\n<div class=\"container\"><div class=\"row\"><div class=\"col-12\">\n<li>ustalenia, obrony i dochodzenia roszcze\u0144 w ramach realizacji prawnie uzasadnionego interesu Administratora &#8211; na podstawie&nbsp;art. 6 ust. 1 lit f) RODO,<\/li>\n<\/div><\/div><\/div><\/ul>\n<\/div><\/div><\/div>\n\n<div class=\"container\"><div class=\"row\"><div class=\"col-12\">\n<p><strong>Czas przechowywania Twoich danych osobowych<\/strong><\/p>\n<\/div><\/div><\/div>\n\n<div class=\"container\"><div class=\"row\"><div class=\"col-12\">\n<p>Dane osobowe u\u017cytkownika b\u0119d\u0105 przechowywane przez okres niezb\u0119dny do realizacji cel\u00f3w, o kt\u00f3rych mowa powy\u017cej, b\u0105d\u017a do chwili skutecznego cofni\u0119cia przez u\u017cytkownika zgody na przetwarzanie danych, albo pozytywnie rozpatrzonego sprzeciwu wniesionego przez u\u017cytkownika.\u00a0<br>Dane osobowe u\u017cytkownika mog\u0105 by\u0107 przetwarzane przez czas niezb\u0119dny do ustalenia, dochodzenia lub obrony roszcze\u0144 wynikaj\u0105cych z powszechnie obowi\u0105zuj\u0105cych przepis\u00f3w prawa, nie d\u0142u\u017cej jednak ni\u017c do momentu ich przedawnienia.\u00a0<br>Po up\u0142ywie wy\u017cej wskazanych okres\u00f3w retencji, dane osobowe u\u017cytkownika zostan\u0105 trwale usuni\u0119te lub poddawane anonimizacji, tj. nieodwracalnemu procesowi szyfrowania danych osobowych, prowadz\u0105cemu do braku mo\u017cliwo\u015bci zidentyfikowanie osoby, kt\u00f3rej dane dotycz\u0105.\u00a0<\/p>\n<\/div><\/div><\/div>\n\n<div class=\"container\"><div class=\"row\"><div class=\"col-12\">\n<p><strong>Odbiorcy Twoich danych osobowych<\/strong><\/p>\n<\/div><\/div><\/div>\n\n<div class=\"container\"><div class=\"row\"><div class=\"col-12\">\n<p>Dane osobowe mog\u0105 by\u0107 przekazywane podmiotom przetwarzaj\u0105cym dane na zlecenie Administratora, w tym podmiotom zapewniaj\u0105cym Press Glass wsparcie IT, partnerom handlowym Administratora, firmom \u015bwiadcz\u0105cym us\u0142ugi doradcze oraz agencjom marketingowym w celu prowadzenia w imieniu Press Glass kampanii reklamowych i promocyjnych. Administrator gwarantuje, \u017ce podmioty te posiadaj\u0105 prawo do przetwarzania danych osobowych na polecenie i w imieniu Administratora i mog\u0105 je przetwarza\u0107 wy\u0142\u0105cznie na podstawie umowy zawartej z Press Glass oraz wy\u0142\u0105cznie w celach i w zakresie okre\u015blonym tak\u0105 umow\u0105.<\/p>\n<\/div><\/div><\/div>\n\n<div class=\"container\"><div class=\"row\"><div class=\"col-12\">\n<p><strong>Prawa osoby, kt\u00f3re dane osobowe dotycz\u0105<\/strong><\/p>\n<\/div><\/div><\/div>\n\n<div class=\"container\"><div class=\"row\"><div class=\"col-12\">\n<p>U\u017cytkownikowi przys\u0142uguj\u0105 nast\u0119puj\u0105ce uprawnienia:<\/p>\n<\/div><\/div><\/div>\n\n<div class=\"container\"><div class=\"row\"><div class=\"col-12\">\n<ul class=\"wp-block-list\"><div class=\"container\"><div class=\"row\"><div class=\"col-12\">\n<li>prawo dost\u0119pu do danych osobowych oraz prawo do \u017c\u0105dania wydania ich kopii,<\/li>\n<\/div><\/div><\/div>\n\n<div class=\"container\"><div class=\"row\"><div class=\"col-12\">\n<li>prawo do sprostowania (poprawienia) danych,<\/li>\n<\/div><\/div><\/div>\n\n<div class=\"container\"><div class=\"row\"><div class=\"col-12\">\n<li>prawo do ograniczenia przetwarzania,<\/li>\n<\/div><\/div><\/div>\n\n<div class=\"container\"><div class=\"row\"><div class=\"col-12\">\n<li>prawo do usuni\u0119cia danych, o ile nie zaistniej\u0105 przes\u0142anki wy\u0142\u0105czaj\u0105ce okre\u015blone w art. 17 ust. 3 RODO,<\/li>\n<\/div><\/div><\/div>\n\n<div class=\"container\"><div class=\"row\"><div class=\"col-12\">\n<li>prawo do wniesienia sprzeciwu wobec przetwarzania \u2013 wobec danych przetwarzanych na podstawie zgody u\u017cytkownika, b\u0105d\u017a prawnie uzasadnionego interesu Administratora, w tym profilowania,<\/li>\n<\/div><\/div><\/div>\n\n<div class=\"container\"><div class=\"row\"><div class=\"col-12\">\n<li>prawo do cofni\u0119cia zgody &#8211; w zakresie, w jakim podstaw\u0105 przetwarzania danych osobowych jest zgoda u\u017cytkownika przy czym cofni\u0119cie zgody nie ma wp\u0142ywu na zgodno\u015b\u0107 z prawem przetwarzania, kt\u00f3rego dokonano na podstawie zgody przed jej wycofaniem,<\/li>\n<\/div><\/div><\/div>\n\n<div class=\"container\"><div class=\"row\"><div class=\"col-12\">\n<li>prawo do przenoszenia danych osobowych &#8211; w zakresie, w jakim dane osobowe s\u0105 przetwarzane na podstawie zgody lub na podstawie umowy, b\u0105d\u017a w przypadku gdy przetwarzanie odbywa si\u0119 w spos\u00f3b zautomatyzowany,<\/li>\n<\/div><\/div><\/div>\n\n<div class=\"container\"><div class=\"row\"><div class=\"col-12\">\n<li>prawo do wniesienia skargi do organu nadzorczego. &#8211; Prezesa Urz\u0119du Ochrony Danych Osobowych.<\/li>\n<\/div><\/div><\/div><\/ul>\n<\/div><\/div><\/div>\n\n<div class=\"container\"><div class=\"row\"><div class=\"col-12\">\n<p><strong>\u0179r\u00f3d\u0142o pochodzenia danych osobowych<\/strong><\/p>\n<\/div><\/div><\/div>\n\n<div class=\"container\"><div class=\"row\"><div class=\"col-12\">\n<ul class=\"wp-block-list\"><div class=\"container\"><div class=\"row\"><div class=\"col-12\">\n<li>Internet (w szczeg\u00f3lno\u015bci: baza Centralnej Ewidencji i Informacji o Dzia\u0142alno\u015bci Gospodarczej, baza wyszukiwarki Krajowego Rejestru S\u0105dowego, formularze kontaktowe znajduj\u0105ce si\u0119 na&nbsp;www.pressglass.com),<\/li>\n<\/div><\/div><\/div>\n\n<div class=\"container\"><div class=\"row\"><div class=\"col-12\">\n<li>partnerzy handlowi Administratora.<\/li>\n<\/div><\/div><\/div><\/ul>\n<\/div><\/div><\/div>\n\n<div class=\"container\"><div class=\"row\"><div class=\"col-12\">\n<p><strong>Profilowanie<\/strong><\/p>\n<\/div><\/div><\/div>\n\n<div class=\"container\"><div class=\"row\"><div class=\"col-12\">\n<ul class=\"wp-block-list\"><div class=\"container\"><div class=\"row\"><div class=\"col-12\">\n<li>U\u017cytkownik mo\u017ce wyrazi\u0107 dobrowoln\u0105 zgod\u0119 na przetwarzanie jego danych osobowych obejmuj\u0105ce zautomatyzowan\u0105 analiz\u0119 jego aktywno\u015bci w serwisie internetowym&nbsp;www.pressglass.comi w aplikacji mobilnej Press Glass Mobile, w celu ustalenia jego potencjalnych zainteresowa\u0144 oraz dla dostosowania do jego preferencji reklam i ofert handlowych.<\/li>\n<\/div><\/div><\/div>\n\n<div class=\"container\"><div class=\"row\"><div class=\"col-12\">\n<li>U\u017cytkownik mo\u017ce w ka\u017cdym czasie wycofa\u0107 zgod\u0119 na profilowanie korzystaj\u0105c z zak\u0142adki RODO Friendly (Ustawie\u0144 zaawansowanych).&nbsp;<\/li>\n<\/div><\/div><\/div><\/ul>\n<\/div><\/div><\/div>\n\n<div class=\"container\"><div class=\"row\"><div class=\"col-12\">\n<p><strong>Przekazywanie danych poza EOG<\/strong><\/p>\n<\/div><\/div><\/div>\n\n<div class=\"container\"><div class=\"row\"><div class=\"col-12\">\n<p>Dane osobowe przetwarzane przez Administratora s\u0105 przekazywane poza EOG. W zwi\u0105zku z podj\u0119t\u0105 przez Press Glass wsp\u00f3\u0142prac\u0105 z podmiotami powi\u0105zanymi i us\u0142ugodawcami maj\u0105cymi siedzib\u0119 poza EOG, dane osobowe u\u017cytkownika mog\u0105 by\u0107 przekazane do nast\u0119puj\u0105cych pa\u0144stw nieb\u0119d\u0105cych cz\u0142onkami EOG: Wielk\u0105 Brytani\u0119 i USA.\u00a0<br>Komisja Europejska w dniu 12 lipca 2016 r. przyj\u0119\u0142a decyzj\u0119 w sprawie odpowiedniej ochrony danych osobowych (Program Tarcza Prywatno\u015bci UE-USA), kt\u00f3ra umo\u017cliwia przekazywanie danych osobowych obywateli UE, zapewniaj\u0105c przy tym odpowiedni standard bezpiecze\u0144stwa danych.<\/p>\n<\/div><\/div><\/div>\n\n\n<div style=\"height:100px\" aria-hidden=\"true\" class=\"wp-block-spacer\"><\/div>\n\n\n<div class=\"container\"><div class=\"row\"><div class=\"col-12\">\n<div class=\"wp-block-buttons is-content-justification-center is-layout-flex wp-container-core-buttons-is-layout-16018d1d wp-block-buttons-is-layout-flex\">\n<div class=\"wp-block-button is-style-outline is-style-outline--1\"><a class=\"btn px-5 py-2 btn-outline-primary has-text-align-center wp-element-button\" href=\"https:\/\/pressdev1.pressglass.com\/\" style=\"border-radius:0px\">Strona g\u0142\u00f3wna<\/a><\/div>\n<\/div>\n<\/div><\/div><\/div>\n\n\n<div style=\"height:100px\" aria-hidden=\"true\" class=\"wp-block-spacer\"><\/div>\n","protected":false},"excerpt":{"rendered":"<p>Informacje dotycz\u0105ce przetwarzania danych osobowych zgodnie z rozporz\u0105dzeniem Parlamentu Europejskiego i Rady (UE) 2016\/679 z dnia 27 kwietnia 2016 r. w sprawie ochrony os\u00f3b fizycznych w zwi\u0105zku z przetwarzaniem danych osobowych i w sprawie swobodnego przep\u0142ywu takich danych oraz uchylenia dyrektywy 95\/46\/WE &#8211; og\u00f3lne rozporz\u0105dzenie o ochronie danych &#8211; (Dz.U. UE, L z 2016, nr 119, poz. 1), zwanym dalej \u201eRODO\u201d pragniemy poinformowa\u0107, \u017ce:<\/p>\n","protected":false},"author":2,"featured_media":246,"parent":0,"menu_order":23,"comment_status":"closed","ping_status":"closed","template":"","meta":{"_acf_changed":false,"footnotes":""},"class_list":["post-165701","page","type-page","status-publish","has-post-thumbnail","hentry"],"acf":[],"yoast_head":"<!-- This site is optimized with the Yoast SEO plugin v27.3 - https:\/\/yoast.com\/product\/yoast-seo-wordpress\/ -->\n<title>Obowi\u0105zek informacyjny - RODO - Press Glass<\/title>\n<meta name=\"robots\" content=\"noindex, follow, max-snippet:-1, max-image-preview:large, max-video-preview:-1\" \/>\n<meta property=\"og:locale\" content=\"pl_PL\" \/>\n<meta property=\"og:type\" content=\"article\" \/>\n<meta property=\"og:title\" content=\"Obowi\u0105zek informacyjny - RODO - Press Glass\" \/>\n<meta property=\"og:description\" content=\"Informacje dotycz\u0105ce przetwarzania danych osobowych zgodnie z rozporz\u0105dzeniem Parlamentu Europejskiego i Rady (UE) 2016\/679 z dnia 27 kwietnia 2016 r. w sprawie ochrony os\u00f3b fizycznych w zwi\u0105zku z przetwarzaniem danych osobowych i w sprawie swobodnego przep\u0142ywu takich danych oraz uchylenia dyrektywy 95\/46\/WE - og\u00f3lne rozporz\u0105dzenie o ochronie danych - (Dz.U. UE, L z 2016, nr 119, poz. 1), zwanym dalej \u201eRODO\u201d pragniemy poinformowa\u0107, \u017ce:\" \/>\n<meta property=\"og:url\" content=\"https:\/\/pressdev1.pressglass.com\/obowiazek-informacyjny-rodo\/\" \/>\n<meta property=\"og:site_name\" content=\"Press Glass\" \/>\n<meta property=\"article:modified_time\" content=\"2026-01-20T15:42:59+00:00\" \/>\n<meta property=\"og:image\" content=\"https:\/\/pressdev1.pressglass.com\/wp-content\/uploads\/sites\/3\/2025\/06\/slide2.jpg\" \/>\n\t<meta property=\"og:image:width\" content=\"1920\" \/>\n\t<meta property=\"og:image:height\" content=\"974\" \/>\n\t<meta property=\"og:image:type\" content=\"image\/jpeg\" \/>\n<meta name=\"twitter:card\" content=\"summary_large_image\" \/>\n<meta name=\"twitter:label1\" content=\"Szacowany czas czytania\" \/>\n\t<meta name=\"twitter:data1\" content=\"5 minut\" \/>\n<script type=\"application\/ld+json\" class=\"yoast-schema-graph\">{\"@context\":\"https:\\\/\\\/schema.org\",\"@graph\":[{\"@type\":\"WebPage\",\"@id\":\"https:\\\/\\\/pressdev1.pressglass.com\\\/obowiazek-informacyjny-rodo\\\/\",\"url\":\"https:\\\/\\\/pressdev1.pressglass.com\\\/obowiazek-informacyjny-rodo\\\/\",\"name\":\"Obowi\u0105zek informacyjny - RODO - Press Glass\",\"isPartOf\":{\"@id\":\"https:\\\/\\\/pressdev1.pressglass.com\\\/#website\"},\"primaryImageOfPage\":{\"@id\":\"https:\\\/\\\/pressdev1.pressglass.com\\\/obowiazek-informacyjny-rodo\\\/#primaryimage\"},\"image\":{\"@id\":\"https:\\\/\\\/pressdev1.pressglass.com\\\/obowiazek-informacyjny-rodo\\\/#primaryimage\"},\"thumbnailUrl\":\"https:\\\/\\\/pressdev1.pressglass.com\\\/wp-content\\\/uploads\\\/sites\\\/3\\\/2025\\\/06\\\/slide2.jpg\",\"datePublished\":\"2025-07-24T10:42:06+00:00\",\"dateModified\":\"2026-01-20T15:42:59+00:00\",\"breadcrumb\":{\"@id\":\"https:\\\/\\\/pressdev1.pressglass.com\\\/obowiazek-informacyjny-rodo\\\/#breadcrumb\"},\"inLanguage\":\"pl-PL\",\"potentialAction\":[{\"@type\":\"ReadAction\",\"target\":[\"https:\\\/\\\/pressdev1.pressglass.com\\\/obowiazek-informacyjny-rodo\\\/\"]}]},{\"@type\":\"ImageObject\",\"inLanguage\":\"pl-PL\",\"@id\":\"https:\\\/\\\/pressdev1.pressglass.com\\\/obowiazek-informacyjny-rodo\\\/#primaryimage\",\"url\":\"https:\\\/\\\/pressdev1.pressglass.com\\\/wp-content\\\/uploads\\\/sites\\\/3\\\/2025\\\/06\\\/slide2.jpg\",\"contentUrl\":\"https:\\\/\\\/pressdev1.pressglass.com\\\/wp-content\\\/uploads\\\/sites\\\/3\\\/2025\\\/06\\\/slide2.jpg\",\"width\":1920,\"height\":974},{\"@type\":\"BreadcrumbList\",\"@id\":\"https:\\\/\\\/pressdev1.pressglass.com\\\/obowiazek-informacyjny-rodo\\\/#breadcrumb\",\"itemListElement\":[{\"@type\":\"ListItem\",\"position\":1,\"name\":\"Strona g\u0142\u00f3wna\",\"item\":\"https:\\\/\\\/pressdev1.pressglass.com\\\/pl\\\/\"},{\"@type\":\"ListItem\",\"position\":2,\"name\":\"Obowi\u0105zek informacyjny &#8211; RODO\"}]},{\"@type\":\"WebSite\",\"@id\":\"https:\\\/\\\/pressdev1.pressglass.com\\\/#website\",\"url\":\"https:\\\/\\\/pressdev1.pressglass.com\\\/\",\"name\":\"Press Glass\",\"description\":\"\",\"potentialAction\":[{\"@type\":\"SearchAction\",\"target\":{\"@type\":\"EntryPoint\",\"urlTemplate\":\"https:\\\/\\\/pressdev1.pressglass.com\\\/?s={search_term_string}\"},\"query-input\":{\"@type\":\"PropertyValueSpecification\",\"valueRequired\":true,\"valueName\":\"search_term_string\"}}],\"inLanguage\":\"pl-PL\"}]}<\/script>\n<!-- \/ Yoast SEO plugin. -->","yoast_head_json":{"title":"Obowi\u0105zek informacyjny - RODO - Press Glass","robots":{"index":"noindex","follow":"follow","max-snippet":"max-snippet:-1","max-image-preview":"max-image-preview:large","max-video-preview":"max-video-preview:-1"},"og_locale":"pl_PL","og_type":"article","og_title":"Obowi\u0105zek informacyjny - RODO - Press Glass","og_description":"Informacje dotycz\u0105ce przetwarzania danych osobowych zgodnie z rozporz\u0105dzeniem Parlamentu Europejskiego i Rady (UE) 2016\/679 z dnia 27 kwietnia 2016 r. w sprawie ochrony os\u00f3b fizycznych w zwi\u0105zku z przetwarzaniem danych osobowych i w sprawie swobodnego przep\u0142ywu takich danych oraz uchylenia dyrektywy 95\/46\/WE - og\u00f3lne rozporz\u0105dzenie o ochronie danych - (Dz.U. UE, L z 2016, nr 119, poz. 1), zwanym dalej \u201eRODO\u201d pragniemy poinformowa\u0107, \u017ce:","og_url":"https:\/\/pressdev1.pressglass.com\/obowiazek-informacyjny-rodo\/","og_site_name":"Press Glass","article_modified_time":"2026-01-20T15:42:59+00:00","og_image":[{"width":1920,"height":974,"url":"https:\/\/pressdev1.pressglass.com\/wp-content\/uploads\/sites\/3\/2025\/06\/slide2.jpg","type":"image\/jpeg"}],"twitter_card":"summary_large_image","twitter_misc":{"Szacowany czas czytania":"5 minut"},"schema":{"@context":"https:\/\/schema.org","@graph":[{"@type":"WebPage","@id":"https:\/\/pressdev1.pressglass.com\/obowiazek-informacyjny-rodo\/","url":"https:\/\/pressdev1.pressglass.com\/obowiazek-informacyjny-rodo\/","name":"Obowi\u0105zek informacyjny - RODO - Press Glass","isPartOf":{"@id":"https:\/\/pressdev1.pressglass.com\/#website"},"primaryImageOfPage":{"@id":"https:\/\/pressdev1.pressglass.com\/obowiazek-informacyjny-rodo\/#primaryimage"},"image":{"@id":"https:\/\/pressdev1.pressglass.com\/obowiazek-informacyjny-rodo\/#primaryimage"},"thumbnailUrl":"https:\/\/pressdev1.pressglass.com\/wp-content\/uploads\/sites\/3\/2025\/06\/slide2.jpg","datePublished":"2025-07-24T10:42:06+00:00","dateModified":"2026-01-20T15:42:59+00:00","breadcrumb":{"@id":"https:\/\/pressdev1.pressglass.com\/obowiazek-informacyjny-rodo\/#breadcrumb"},"inLanguage":"pl-PL","potentialAction":[{"@type":"ReadAction","target":["https:\/\/pressdev1.pressglass.com\/obowiazek-informacyjny-rodo\/"]}]},{"@type":"ImageObject","inLanguage":"pl-PL","@id":"https:\/\/pressdev1.pressglass.com\/obowiazek-informacyjny-rodo\/#primaryimage","url":"https:\/\/pressdev1.pressglass.com\/wp-content\/uploads\/sites\/3\/2025\/06\/slide2.jpg","contentUrl":"https:\/\/pressdev1.pressglass.com\/wp-content\/uploads\/sites\/3\/2025\/06\/slide2.jpg","width":1920,"height":974},{"@type":"BreadcrumbList","@id":"https:\/\/pressdev1.pressglass.com\/obowiazek-informacyjny-rodo\/#breadcrumb","itemListElement":[{"@type":"ListItem","position":1,"name":"Strona g\u0142\u00f3wna","item":"https:\/\/pressdev1.pressglass.com\/pl\/"},{"@type":"ListItem","position":2,"name":"Obowi\u0105zek informacyjny &#8211; RODO"}]},{"@type":"WebSite","@id":"https:\/\/pressdev1.pressglass.com\/#website","url":"https:\/\/pressdev1.pressglass.com\/","name":"Press Glass","description":"","potentialAction":[{"@type":"SearchAction","target":{"@type":"EntryPoint","urlTemplate":"https:\/\/pressdev1.pressglass.com\/?s={search_term_string}"},"query-input":{"@type":"PropertyValueSpecification","valueRequired":true,"valueName":"search_term_string"}}],"inLanguage":"pl-PL"}]}},"_links":{"self":[{"href":"https:\/\/pressdev1.pressglass.com\/pl\/wp-json\/wp\/v2\/pages\/165701","targetHints":{"allow":["GET"]}}],"collection":[{"href":"https:\/\/pressdev1.pressglass.com\/pl\/wp-json\/wp\/v2\/pages"}],"about":[{"href":"https:\/\/pressdev1.pressglass.com\/pl\/wp-json\/wp\/v2\/types\/page"}],"author":[{"embeddable":true,"href":"https:\/\/pressdev1.pressglass.com\/pl\/wp-json\/wp\/v2\/users\/2"}],"replies":[{"embeddable":true,"href":"https:\/\/pressdev1.pressglass.com\/pl\/wp-json\/wp\/v2\/comments?post=165701"}],"version-history":[{"count":5,"href":"https:\/\/pressdev1.pressglass.com\/pl\/wp-json\/wp\/v2\/pages\/165701\/revisions"}],"predecessor-version":[{"id":168881,"href":"https:\/\/pressdev1.pressglass.com\/pl\/wp-json\/wp\/v2\/pages\/165701\/revisions\/168881"}],"wp:featuredmedia":[{"embeddable":true,"href":"https:\/\/pressdev1.pressglass.com\/pl\/wp-json\/wp\/v2\/media\/246"}],"wp:attachment":[{"href":"https:\/\/pressdev1.pressglass.com\/pl\/wp-json\/wp\/v2\/media?parent=165701"}],"curies":[{"name":"wp","href":"https:\/\/api.w.org\/{rel}","templated":true}]}}