

{"id":165855,"date":"2025-07-25T09:29:07","date_gmt":"2025-07-25T07:29:07","guid":{"rendered":"https:\/\/pressdev1.pressglass.com\/?page_id=165855"},"modified":"2026-02-20T13:38:34","modified_gmt":"2026-02-20T12:38:34","slug":"kodeks-postepowania","status":"publish","type":"page","link":"https:\/\/pressdev1.pressglass.com\/pl\/o-firmie\/kodeks-postepowania\/","title":{"rendered":"Kodeks Post\u0119powania"},"content":{"rendered":"\n\n\n<section id=\"hero--carousel_block_e003429dc114387b118bdc554e0f2a57\" class=\"hero--section  bg-primary d-flex flex-column text-bg-primary justify-content-center position-relative\">\n        <div class=\"hero--carousel h-100\">\n                <div class=\"item h-100\" style=\"background-image: url(https:\/\/pressdev1.pressglass.com\/wp-content\/uploads\/sites\/3\/2025\/07\/pg_hero_praca.jpeg);\">\n            <img decoding=\"async\" src=\"https:\/\/pressdev1.pressglass.com\/wp-content\/uploads\/sites\/3\/2025\/07\/pg_hero_praca.jpeg\" alt=\"\" class=\"img-fluid opacity-0\">\n        <\/div>\n            <\/div>\n        <div class=\"container d-flex flex-column justify-content-center\">\n        <div class=\"row\">\n            <div class=\"col-md-10 col-12 offset-md-1\">\n                <div class=\"hero-headline text-uppercase mb-sm-5 mb-3 anim-in\"><\/div>\n                            <\/div>\n        <\/div>\n    <\/div>\n        <div id=\"jsSubNav\" class=\"container-fluid sub--navigation\">\n        <div class=\"d-flex w-100 justify-content-between align-items-center h-100\">\n            <nav aria-label=\"breadcrumb\" class=\"\"><ol class=\"breadcrumb mb-0 \"><li class=\"breadcrumb-item\"><a href=\"https:\/\/pressdev1.pressglass.com\/pl\/\">Strona g\u0142\u00f3wna<\/a><\/li><\/ol><\/nav>\n                    <\/div>\n    <\/div>\n    <\/section>\n\n<style type=\"text\/css\">\n    main > .hero--section:first-child {  \n        z-index: 10;\n    }\n    main > .hero--section:not(:first-child) {  \n        overflow: hidden;\n    }\n    \n    .hero--section.hero-size-medium {\n        max-height: 480px;\n    }\n    .hero--section.hero-size-small {\n        max-height: 400px;\n    }\n\n    .hero--section .hero-headline  {\n        font-size: clamp(2.1875rem, 1.25rem + 4.1667vw, 4.6875rem);\n        font-weight: 300;\n        line-height: 1;\n    }\n\n    .hero--section .sub--navigation {\n        position: absolute;\n        bottom:0;\n        left: 0;\n        width: 100%;\n        z-index: 100;\n        height: 60px;\n        background-color: rgba(20, 42, 82, .9);\n    }\n\n    .hero--section .sub--navigation.fixed-top {\n        position: fixed;\n        bottom:auto;\n    }\n\n    .hero--section .sub--navigation .breadcrumb .breadcrumb-item a, .hero--section .sub--navigation .breadcrumb .breadcrumb-item {\n        padding-top: 0.5rem;\n        padding-bottom: 0.5rem;\n    }\n\n    .hero--section .sub--navigation .breadcrumb .breadcrumb-item a, .hero--section .sub--navigation .breadcrumb .breadcrumb-item,\n    .hero--section .sub--navigation .nav .nav-item .nav-link, .hero--section .sub--navigation .nav .nav-item {\n        font-size: clamp(0.875rem, 0.7344rem + 0.625vw, 1.25rem);\n        font-weight: 300;\n        text-decoration: none;\n        color: #fff;\n    }\n    .hero--section .sub--navigation .breadcrumb .breadcrumb-item a:hover,\n    .hero--section .sub--navigation .nav .nav-item .nav-link:hover {\n        opacity: .75;\n    }\n    .hero--section .sub--navigation .breadcrumb-item + .breadcrumb-item::before {\n        color: #fff;\n    }\n<\/style>\n<script>\ndocument.addEventListener(\"DOMContentLoaded\", function () {\n    const subNav = document.getElementById(\"jsSubNav\");\n    const headerNav = document.querySelector(\"header > nav\");\n    const heroSection = document.querySelector(\".hero--section\");\n\n    if (!subNav || !headerNav || !heroSection) return; \/\/ Je\u015bli kt\u00f3ry\u015b element nie istnieje, zatrzymaj skrypt\n\n    function checkScroll() {\n        const headerHeight = headerNav.offsetHeight; \/\/ Wysoko\u015b\u0107 header > nav\n        const subNavHeight = subNav.offsetHeight; \/\/ Wysoko\u015b\u0107 jsSubNav\n        const heroBottom = heroSection.getBoundingClientRect().bottom; \/\/ Dolna cz\u0119\u015b\u0107 hero wzgl\u0119dem okna\n\n        if (heroBottom - subNavHeight <= headerHeight) {\n            \/\/ Gdy dolna cz\u0119\u015b\u0107 hero - wysoko\u015b\u0107 subNav jest <= wysoko\u015bci headera\n            subNav.classList.add(\"fixed-top\");\n            subNav.classList.remove(\"fixed-bottom\");\n            subNav.style.top = `${headerHeight}px`; \/\/ Ustawiamy top r\u00f3wny headerowi\n        } else {\n            \/\/ Gdy dolna cz\u0119\u015b\u0107 hero jest wy\u017cej ni\u017c header\n            subNav.classList.add(\"fixed-bottom\");\n            subNav.classList.remove(\"fixed-top\");\n            subNav.style.top = \"\"; \/\/ Resetujemy top, aby by\u0142 przyklejony do hero\n        }\n    }\n\n    window.addEventListener(\"scroll\", checkScroll);\n});\n\n<\/script>\n\n\n\n<section class=\"section--page-title py-md-5 py-4\">\n    <div class=\"container\">\n        <h1 class=\"mb-md-5 md-3\">Kodeks Post\u0119powania<\/h1>        <p>Dbamy o jako\u015b\u0107 naszej pracy opieraj\u0105c si\u0119 o fundamentalne zasady etyki, kt\u00f3re opisane s\u0105 przez nasze warto\u015bci. Stanowi\u0105 one dla nas drogowskaz, dzi\u0119ki kt\u00f3remu realizujemy nasz\u0105 misj\u0119 oraz wizj\u0119.<\/p>\n<p>Kodeks post\u0119powania stanowi o naszych przekonaniach i zachowaniach zar\u00f3wno jako partnera biznesowego, pracodawcy czy pracownika.<\/p>\n    <\/div>\n<\/section>\n\n<style type=\"text\/css\">\n    .section--page-title {\n        background-color: #fbfcfc;\n    }\n\n<\/style>\n\n\n<div style=\"height:50px\" aria-hidden=\"true\" class=\"wp-block-spacer\"><\/div>\n\n\n<div class=\"container\"><div class=\"row\"><div class=\"col-12\">    <div class=\"accordion\" id=\"accordion-69e3a92ee13db\">\n                    <div class=\"accordion-item rounded-0 border-0\">\n                <h2 class=\"accordion-header\" id=\"heading-item-69e3a92ee6285\">\n                    <button class=\"accordion-button px-0 border-bottom border-1 border-primary bg-transparent collapsed\" type=\"button\" data-bs-toggle=\"collapse\" \n                        data-bs-target=\"#collapse-item-69e3a92ee6285\" \n                        aria-expanded=\"false\" aria-controls=\"collapse-item-69e3a92ee6285\">\n                        Do pobrania                    <\/button>\n                <\/h2>\n                <div id=\"collapse-item-69e3a92ee6285\" class=\"accordion-collapse collapse\" \n                    aria-labelledby=\"heading-item-69e3a92ee6285\" \n                    data-bs-parent=\"#accordion-69e3a92ee13db\">\n                    <div class=\"accordion-body px-0 border-bottom border-1 border-primary\">\n                        <div class=\"list-group list-group-flush\"><div class=\"list-group-item d-flex justify-content-between align-items-center px-0 py-3\"><div class=\"w-75\">Kodeks Post\u0119powania<\/div><div class=\"\"><a href=\"https:\/\/link.assetfile.io\/3RbhikodqHYIsdh8jOhT3L\/Kodeks-poste%CC%A8powania-PRESS-GLASS.pdf\" title=\"\" class=\"btn btn-outline-primary rounded-0 d-flex justify-content-center position-relative text-nowrap px-3 py-2\" target=\"_blank\">Pobierz PDF<img decoding=\"async\" src=\"https:\/\/pressdev1.pressglass.com\/wp-content\/uploads\/sites\/3\/2025\/07\/file-arrow-down-sharp-thin.svg\" alt=\"\" class=\"ms-3\"><\/a><\/div><\/div><\/div>                    <\/div>\n                <\/div>\n            <\/div>\n            <\/div>\n<\/div><\/div><\/div>\n\n\n<div style=\"height:100px\" aria-hidden=\"true\" class=\"wp-block-spacer\"><\/div>\n\n\n<div class=\"container\"><div class=\"row\"><div class=\"col-12\">\n<h2 class=\"wp-block-heading\">Zg\u0142aszanie nieprawid\u0142owo\u015bci<\/h2>\n<\/div><\/div><\/div>\n\n\n<div style=\"height:50px\" aria-hidden=\"true\" class=\"wp-block-spacer\"><\/div>\n\n\n<div class=\"container\"><div class=\"row\"><div class=\"col-12\">\n<p>Ponosimy odpowiedzialno\u015b\u0107 za nasze dzia\u0142ania, dlatego powo\u0142ali\u015bmy Komisj\u0119 Etyki, kt\u00f3ra weryfikuje wszelkie nieprawid\u0142owo\u015bci wynikaj\u0105ce z prowadzonego przez nas biznesu.<\/p>\n<\/div><\/div><\/div>\n\n<div class=\"container\"><div class=\"row\"><div class=\"col-12\">\n<p>Je\u015bli chcia\u0142by\u015b zg\u0142osi\u0107 podejrzenie naruszenia naszego Kodeksu post\u0119powania oraz zasad etycznych skontaktuj si\u0119 z nami wype\u0142niaj\u0105c poni\u017cszy formularz.<\/p>\n<\/div><\/div><\/div>\n\n\n<div style=\"height:100px\" aria-hidden=\"true\" class=\"wp-block-spacer\"><\/div>\n\n\n<div class=\"container\">\n<div class=\"row is-layout-flex wp-container-core-columns-is-layout-9d6595d7 row-is-layout-flex\">\n<div class=\"position-relative col-md-3 is-layout-flow position-relative col-md-3-is-layout-flow\" style=\"flex-basis:25%\"><\/div>\n\n\n\n<div class=\"position-relative col-md-6 is-layout-flow position-relative col-md-6-is-layout-flow\" style=\"flex-basis:50%\"><div class=\"container\"><div class=\"row\"><div class=\"col-12\">\n<div class=\"wp-block-contact-form-7-contact-form-selector\">\n<div class=\"wpcf7 no-js\" id=\"wpcf7-f165861-o1\" lang=\"pl-PL\" dir=\"ltr\" data-wpcf7-id=\"165861\">\n<div class=\"screen-reader-response\"><p role=\"status\" aria-live=\"polite\" aria-atomic=\"true\"><\/p> <ul><\/ul><\/div>\n<form action=\"\/pl\/wp-json\/wp\/v2\/pages\/165855#wpcf7-f165861-o1\" method=\"post\" class=\"wpcf7-form init\" aria-label=\"Formularz kontaktowy\" enctype=\"multipart\/form-data\" novalidate=\"novalidate\" data-status=\"init\">\n<fieldset class=\"hidden-fields-container\"><input type=\"hidden\" name=\"_wpcf7\" value=\"165861\" \/><input type=\"hidden\" name=\"_wpcf7_version\" value=\"6.1.5\" \/><input type=\"hidden\" name=\"_wpcf7_locale\" value=\"pl_PL\" \/><input type=\"hidden\" name=\"_wpcf7_unit_tag\" value=\"wpcf7-f165861-o1\" \/><input type=\"hidden\" name=\"_wpcf7_container_post\" value=\"0\" \/><input type=\"hidden\" name=\"_wpcf7_posted_data_hash\" value=\"\" \/>\n<\/fieldset>\n<h3>1. Dane Og\u00f3lne\n<\/h3>\n<div class=\"form-floating\">\n\t<p><label>Dane oddzia\u0142u, kt\u00f3rego dotyczy zg\u0142oszenie:<\/label>\n\t<\/p>\n<\/div>\n<div style=\"margin-bottom: 20px;\">\n<\/div>\n<p><span class=\"wpcf7-form-control-wrap\" data-name=\"include_blank\"><select class=\"wpcf7-form-control wpcf7-select wpcf7-validates-as-required kodeks-region\" aria-required=\"true\" aria-invalid=\"false\" name=\"include_blank\"><option value=\"\">&#8212;Prosz\u0119 wybra\u0107 opcj\u0119&#8212;<\/option><option value=\"Press Glass Holding SA The Head Office of the Company and Press Glass Sp. z o.o., ul. Golfowa 19, 42-274 Konopiska, Poland\">Press Glass Holding SA The Head Office of the Company and Press Glass Sp. z o.o., ul. Golfowa 19, 42-274 Konopiska, Poland<\/option><option value=\"PRESS GLASS Sp. z.o.o The Division in Radomsko, ul. Geodet\u00f3w 4, 97-500 Radomsko, Poland\">PRESS GLASS Sp. z.o.o The Division in Radomsko, ul. Geodet\u00f3w 4, 97-500 Radomsko, Poland<\/option><option value=\"PRESS GLASS Sp. z.o.o The Division in Tczew, ul. Skarszewska 11, 83-110 Tczew, Poland\">PRESS GLASS Sp. z.o.o The Division in Tczew, ul. Skarszewska 11, 83-110 Tczew, Poland<\/option><option value=\"PRESS GLASS Sp. z.o.o The Division in Tychy, ul. Cielmicka 44, 43-100 Tychy, Poland\">PRESS GLASS Sp. z.o.o The Division in Tychy, ul. Cielmicka 44, 43-100 Tychy, Poland<\/option><option value=\"PRESS GLASS Sp. z.o.o The Division in Mi\u0119tno, Mi\u0119tno 40, 72-200 Nowogard, Poland\">PRESS GLASS Sp. z.o.o The Division in Mi\u0119tno, Mi\u0119tno 40, 72-200 Nowogard, Poland<\/option><option value=\"PRESS GLASS d.o.o. The Head Office of the Company, Ulica dr. Marijana Mlinari\u0107a 5, 42203, Jal\u017eabet, Croatia\">PRESS GLASS d.o.o. The Head Office of the Company, Ulica dr. Marijana Mlinari\u0107a 5, 42203, Jal\u017eabet, Croatia<\/option><option value=\"PRESS GLASS, Inc., Commonwealth Crossing 1000, Commonwealth Crossing Parkway, Ridgeway, VA 2414, United States\">PRESS GLASS, Inc., Commonwealth Crossing 1000, Commonwealth Crossing Parkway, Ridgeway, VA 2414, United States<\/option><option value=\"PRESS GLASS, Inc. The Headquarters of the Company, 8901 US Hwy 220, Stoneville, NC 27048, United States\">PRESS GLASS, Inc. The Headquarters of the Company, 8901 US Hwy 220, Stoneville, NC 27048, United States<\/option><option value=\"PRESS GLASS UAB, Aviacijos g. 3, Sergei\u010dikai l k. Karm\u0117lavos sen. LT-54462 Kaunas, Lithuania\">PRESS GLASS UAB, Aviacijos g. 3, Sergei\u010dikai l k. Karm\u0117lavos sen. LT-54462 Kaunas, Lithuania<\/option><\/select><\/span>\n<\/p>\n<div style=\"margin-bottom: 50px;\">\n<\/div>\n<h3>2. Przedmiot zg\u0142oszenia\n<\/h3>\n<p class=\"has-medium-font-size\">Prosimy szczeg\u00f3\u0142owo opisa\u0107 nieprawid\u0142owe zachowanie ze wskazaniem os\u00f3b, czasu, miejsca i okoliczno\u015bci zdarzenia wraz z informacj\u0105 o osobach, kt\u00f3re posiadaj\u0105 lub mog\u0105 posiada\u0107 wiedz\u0119 w tej sprawie np.: o \u015bwiadkach zdarzenia.\n<\/p>\n<div class=\"form-floating\">\n\t<p><span class=\"wpcf7-form-control-wrap\" data-name=\"textarea-735\"><textarea cols=\"40\" rows=\"10\" maxlength=\"2000\" class=\"wpcf7-form-control wpcf7-textarea wpcf7-validates-as-required\" aria-required=\"true\" aria-invalid=\"false\" name=\"textarea-735\"><\/textarea><\/span><label>Szczeg\u00f3\u0142owy opis zdarzenia:<\/label>\n\t<\/p>\n<\/div>\n<div class=\"form-floating\">\n\t<p><label>Dokumenty wskazuj\u0105ce na nieprawid\u0142owe zachowanie *opcjonalne:<\/label>\n\t<\/p>\n<\/div>\n<div style=\"margin-bottom: 20px;\">\n<\/div>\n<p><span class=\"wpcf7-form-control-wrap\" data-name=\"file-368\"><input size=\"40\" class=\"wpcf7-form-control wpcf7-file btn btn-outline-primary rounded-0\" accept=\"audio\/*,video\/*,image\/*\" aria-invalid=\"false\" type=\"file\" name=\"file-368\" \/><\/span><br \/>\n<span class=\"wpcf7-form-control-wrap\" data-name=\"file-369\"><input size=\"40\" class=\"wpcf7-form-control wpcf7-file btn btn-outline-primary rounded-0\" accept=\"audio\/*,video\/*,image\/*\" aria-invalid=\"false\" type=\"file\" name=\"file-369\" \/><\/span><br \/>\n<span class=\"wpcf7-form-control-wrap\" data-name=\"file-370\"><input size=\"40\" class=\"wpcf7-form-control wpcf7-file btn btn-outline-primary rounded-0\" accept=\"audio\/*,video\/*,image\/*\" aria-invalid=\"false\" type=\"file\" name=\"file-370\" \/><\/span><br \/>\n<span class=\"wpcf7-form-control-wrap\" data-name=\"file-371\"><input size=\"40\" class=\"wpcf7-form-control wpcf7-file btn btn-outline-primary rounded-0\" accept=\"audio\/*,video\/*,image\/*\" aria-invalid=\"false\" type=\"file\" name=\"file-371\" \/><\/span><br \/>\n<span class=\"wpcf7-form-control-wrap\" data-name=\"file-372\"><input size=\"40\" class=\"wpcf7-form-control wpcf7-file btn btn-outline-primary rounded-0\" accept=\"audio\/*,video\/*,image\/*\" aria-invalid=\"false\" type=\"file\" name=\"file-372\" \/><\/span>\n<\/p>\n<div style=\"margin-bottom: 50px;\">\n<\/div>\n<h3>3. Dane zg\u0142aszaj\u0105cego\n<\/h3>\n<div style=\"margin-bottom: 20px;\">\n<\/div>\n<div class=\"form-floating\">\n\t<p><label>Czy chce Pani\/Pan pozosta\u0107 anonimowy?<\/label>\n\t<\/p>\n<\/div>\n<p><input type=\"radio\" name=\"tab\" value=\"igotnone\" onclick=\"show1();\" \/><label> Tak<\/label><br \/>\n<input type=\"radio\" name=\"tab\" value=\"igottwo\" onclick=\"show2();\" \/><label> Nie<\/label>\n<\/p>\n<div id=\"div1\" class=\"hide\">\n\t<div class=\"form-floating\">\n\t\t<p><span class=\"wpcf7-form-control-wrap\" data-name=\"imie\"><input size=\"40\" maxlength=\"400\" class=\"wpcf7-form-control wpcf7-text\" aria-invalid=\"false\" value=\"\" type=\"text\" name=\"imie\" \/><\/span><label>Imi\u0119:<\/label>\n\t\t<\/p>\n\t<\/div>\n\t<div class=\"form-floating\">\n\t\t<p><span class=\"wpcf7-form-control-wrap\" data-name=\"nazwisko\"><input size=\"40\" maxlength=\"400\" class=\"wpcf7-form-control wpcf7-text\" aria-invalid=\"false\" value=\"\" type=\"text\" name=\"nazwisko\" \/><\/span><label>Nazwisko:<\/label>\n\t\t<\/p>\n\t<\/div>\n\t<div class=\"form-floating\">\n\t\t<p><span class=\"wpcf7-form-control-wrap\" data-name=\"numer\"><input size=\"40\" maxlength=\"400\" class=\"wpcf7-form-control wpcf7-tel wpcf7-text wpcf7-validates-as-tel\" aria-invalid=\"false\" value=\"\" type=\"tel\" name=\"numer\" \/><\/span><label>Numer telefonu:<\/label>\n\t\t<\/p>\n\t<\/div>\n\t<div class=\"form-floating\">\n\t\t<p><span class=\"wpcf7-form-control-wrap\" data-name=\"email\"><input size=\"40\" maxlength=\"400\" class=\"wpcf7-form-control wpcf7-email wpcf7-text wpcf7-validates-as-email\" aria-invalid=\"false\" value=\"\" type=\"email\" name=\"email\" \/><\/span><label>E-Mail:<\/label>\n\t\t<\/p>\n\t<\/div>\n\t<div class=\"form-floating\">\n\t\t<p><span class=\"wpcf7-form-control-wrap\" data-name=\"kraj\"><input size=\"40\" maxlength=\"400\" class=\"wpcf7-form-control wpcf7-text\" aria-invalid=\"false\" value=\"\" type=\"text\" name=\"kraj\" \/><\/span><label>Kraj zamieszkania:<\/label>\n\t\t<\/p>\n\t<\/div>\n\t<p><script>\nfunction show1(){\n document.getElementById('div1').style.display ='none';\n}\nfunction show2(){\n document.getElementById('div1').style.display = 'block';\n}\n<\/script>\n\t<\/p>\n\t<div style=\"margin-bottom: 50px;\">\n\t<\/div>\n\t<h3>4. Klauzula Informacyjna\n\t<\/h3>\n\t<p class=\"has-medium-font-size\">* W przypadku anonimowych zg\u00f3d, nie przetwarzamy Pani\/Pana danych. Wype\u0142nienie formularza wi\u0105\u017ce si\u0119 z przetwarzaniem Twoich danych osobowych przez PRESS GLASS Holding S.A.\n\t<\/p>\n\t<p><span class=\"wpcf7-form-control-wrap\" data-name=\"acceptance-949\"><span class=\"wpcf7-form-control wpcf7-acceptance\"><span class=\"wpcf7-list-item\"><label><input type=\"checkbox\" name=\"acceptance-949\" value=\"1\" aria-invalid=\"false\" \/><span class=\"wpcf7-list-item-label\">O\u015bwiadczam, \u017ce zapozna\u0142em si\u0119 z tre\u015bci\u0105 klauzuli informacyjnej <a href=\"https:\/\/pressdev1.pressglass.com\/pl\/obowiazek-informacyjny-rodo\/\" target=\"_blank\" rel=\"noopener noreferrer\">wi\u0119cej<\/a><\/span><\/label><\/span><\/span><\/span>\n\t<\/p>\n\t<p><input class=\"wpcf7-form-control wpcf7-submit has-spinner btn btn-outline-primary rounded-0\" type=\"submit\" value=\"Wy\u015blij\" \/>\n\t<\/p>\n<\/div><div class=\"wpcf7-response-output\" aria-hidden=\"true\"><\/div>\n<\/form>\n<\/div>\n<\/div>\n<\/div><\/div><\/div><\/div>\n\n\n\n<div class=\"position-relative col-md-3 is-layout-flow position-relative col-md-3-is-layout-flow\" style=\"flex-basis:25%\"><\/div>\n<\/div>\n<\/div>\n\n\n<div style=\"height:50px\" aria-hidden=\"true\" class=\"wp-block-spacer\"><\/div>\n","protected":false},"excerpt":{"rendered":"<p>Dbamy o jako\u015b\u0107 naszej pracy opieraj\u0105c si\u0119 o fundamentalne zasady etyki, kt\u00f3re opisane s\u0105 przez nasze warto\u015bci. Stanowi\u0105 one dla nas drogowskaz, dzi\u0119ki kt\u00f3remu realizujemy nasz\u0105 misj\u0119 oraz wizj\u0119.<\/p>\n<p>Kodeks post\u0119powania stanowi o naszych przekonaniach i zachowaniach zar\u00f3wno jako partnera biznesowego, pracodawcy czy pracownika.<\/p>\n","protected":false},"author":2,"featured_media":0,"parent":284,"menu_order":21,"comment_status":"closed","ping_status":"closed","template":"","meta":{"_acf_changed":false,"footnotes":""},"class_list":["post-165855","page","type-page","status-publish","hentry"],"acf":[],"yoast_head":"<!-- This site is optimized with the Yoast SEO plugin v27.3 - https:\/\/yoast.com\/product\/yoast-seo-wordpress\/ -->\n<title>Kodeks Post\u0119powania - Press Glass<\/title>\n<meta name=\"robots\" content=\"noindex, follow, max-snippet:-1, max-image-preview:large, max-video-preview:-1\" \/>\n<meta property=\"og:locale\" content=\"pl_PL\" \/>\n<meta property=\"og:type\" content=\"article\" \/>\n<meta property=\"og:title\" content=\"Kodeks Post\u0119powania - Press Glass\" \/>\n<meta property=\"og:description\" content=\"Dbamy o jako\u015b\u0107 naszej pracy opieraj\u0105c si\u0119 o fundamentalne zasady etyki, kt\u00f3re opisane s\u0105 przez nasze warto\u015bci. Stanowi\u0105 one dla nas drogowskaz, dzi\u0119ki kt\u00f3remu realizujemy nasz\u0105 misj\u0119 oraz wizj\u0119. Kodeks post\u0119powania stanowi o naszych przekonaniach i zachowaniach zar\u00f3wno jako partnera biznesowego, pracodawcy czy pracownika.\" \/>\n<meta property=\"og:url\" content=\"https:\/\/pressdev1.pressglass.com\/pl\/o-firmie\/kodeks-postepowania\/\" \/>\n<meta property=\"og:site_name\" content=\"Press Glass\" \/>\n<meta property=\"article:modified_time\" content=\"2026-02-20T12:38:34+00:00\" \/>\n<meta name=\"twitter:card\" content=\"summary_large_image\" \/>\n<meta name=\"twitter:label1\" content=\"Szacowany czas czytania\" \/>\n\t<meta name=\"twitter:data1\" content=\"1 minuta\" \/>\n<script type=\"application\/ld+json\" class=\"yoast-schema-graph\">{\"@context\":\"https:\\\/\\\/schema.org\",\"@graph\":[{\"@type\":\"WebPage\",\"@id\":\"https:\\\/\\\/pressdev1.pressglass.com\\\/pl\\\/o-firmie\\\/kodeks-postepowania\\\/\",\"url\":\"https:\\\/\\\/pressdev1.pressglass.com\\\/pl\\\/o-firmie\\\/kodeks-postepowania\\\/\",\"name\":\"Kodeks Post\u0119powania - Press Glass\",\"isPartOf\":{\"@id\":\"https:\\\/\\\/pressdev1.pressglass.com\\\/#website\"},\"datePublished\":\"2025-07-25T07:29:07+00:00\",\"dateModified\":\"2026-02-20T12:38:34+00:00\",\"breadcrumb\":{\"@id\":\"https:\\\/\\\/pressdev1.pressglass.com\\\/pl\\\/o-firmie\\\/kodeks-postepowania\\\/#breadcrumb\"},\"inLanguage\":\"pl-PL\",\"potentialAction\":[{\"@type\":\"ReadAction\",\"target\":[\"https:\\\/\\\/pressdev1.pressglass.com\\\/pl\\\/o-firmie\\\/kodeks-postepowania\\\/\"]}]},{\"@type\":\"BreadcrumbList\",\"@id\":\"https:\\\/\\\/pressdev1.pressglass.com\\\/pl\\\/o-firmie\\\/kodeks-postepowania\\\/#breadcrumb\",\"itemListElement\":[{\"@type\":\"ListItem\",\"position\":1,\"name\":\"Strona g\u0142\u00f3wna\",\"item\":\"https:\\\/\\\/pressdev1.pressglass.com\\\/pl\\\/\"},{\"@type\":\"ListItem\",\"position\":2,\"name\":\"O firmie\",\"item\":\"https:\\\/\\\/pressdev1.pressglass.com\\\/pl\\\/o-firmie\\\/\"},{\"@type\":\"ListItem\",\"position\":3,\"name\":\"Kodeks Post\u0119powania\"}]},{\"@type\":\"WebSite\",\"@id\":\"https:\\\/\\\/pressdev1.pressglass.com\\\/#website\",\"url\":\"https:\\\/\\\/pressdev1.pressglass.com\\\/\",\"name\":\"Press Glass\",\"description\":\"\",\"potentialAction\":[{\"@type\":\"SearchAction\",\"target\":{\"@type\":\"EntryPoint\",\"urlTemplate\":\"https:\\\/\\\/pressdev1.pressglass.com\\\/?s={search_term_string}\"},\"query-input\":{\"@type\":\"PropertyValueSpecification\",\"valueRequired\":true,\"valueName\":\"search_term_string\"}}],\"inLanguage\":\"pl-PL\"}]}<\/script>\n<!-- \/ Yoast SEO plugin. -->","yoast_head_json":{"title":"Kodeks Post\u0119powania - Press Glass","robots":{"index":"noindex","follow":"follow","max-snippet":"max-snippet:-1","max-image-preview":"max-image-preview:large","max-video-preview":"max-video-preview:-1"},"og_locale":"pl_PL","og_type":"article","og_title":"Kodeks Post\u0119powania - Press Glass","og_description":"Dbamy o jako\u015b\u0107 naszej pracy opieraj\u0105c si\u0119 o fundamentalne zasady etyki, kt\u00f3re opisane s\u0105 przez nasze warto\u015bci. Stanowi\u0105 one dla nas drogowskaz, dzi\u0119ki kt\u00f3remu realizujemy nasz\u0105 misj\u0119 oraz wizj\u0119. Kodeks post\u0119powania stanowi o naszych przekonaniach i zachowaniach zar\u00f3wno jako partnera biznesowego, pracodawcy czy pracownika.","og_url":"https:\/\/pressdev1.pressglass.com\/pl\/o-firmie\/kodeks-postepowania\/","og_site_name":"Press Glass","article_modified_time":"2026-02-20T12:38:34+00:00","twitter_card":"summary_large_image","twitter_misc":{"Szacowany czas czytania":"1 minuta"},"schema":{"@context":"https:\/\/schema.org","@graph":[{"@type":"WebPage","@id":"https:\/\/pressdev1.pressglass.com\/pl\/o-firmie\/kodeks-postepowania\/","url":"https:\/\/pressdev1.pressglass.com\/pl\/o-firmie\/kodeks-postepowania\/","name":"Kodeks Post\u0119powania - Press Glass","isPartOf":{"@id":"https:\/\/pressdev1.pressglass.com\/#website"},"datePublished":"2025-07-25T07:29:07+00:00","dateModified":"2026-02-20T12:38:34+00:00","breadcrumb":{"@id":"https:\/\/pressdev1.pressglass.com\/pl\/o-firmie\/kodeks-postepowania\/#breadcrumb"},"inLanguage":"pl-PL","potentialAction":[{"@type":"ReadAction","target":["https:\/\/pressdev1.pressglass.com\/pl\/o-firmie\/kodeks-postepowania\/"]}]},{"@type":"BreadcrumbList","@id":"https:\/\/pressdev1.pressglass.com\/pl\/o-firmie\/kodeks-postepowania\/#breadcrumb","itemListElement":[{"@type":"ListItem","position":1,"name":"Strona g\u0142\u00f3wna","item":"https:\/\/pressdev1.pressglass.com\/pl\/"},{"@type":"ListItem","position":2,"name":"O firmie","item":"https:\/\/pressdev1.pressglass.com\/pl\/o-firmie\/"},{"@type":"ListItem","position":3,"name":"Kodeks Post\u0119powania"}]},{"@type":"WebSite","@id":"https:\/\/pressdev1.pressglass.com\/#website","url":"https:\/\/pressdev1.pressglass.com\/","name":"Press Glass","description":"","potentialAction":[{"@type":"SearchAction","target":{"@type":"EntryPoint","urlTemplate":"https:\/\/pressdev1.pressglass.com\/?s={search_term_string}"},"query-input":{"@type":"PropertyValueSpecification","valueRequired":true,"valueName":"search_term_string"}}],"inLanguage":"pl-PL"}]}},"_links":{"self":[{"href":"https:\/\/pressdev1.pressglass.com\/pl\/wp-json\/wp\/v2\/pages\/165855","targetHints":{"allow":["GET"]}}],"collection":[{"href":"https:\/\/pressdev1.pressglass.com\/pl\/wp-json\/wp\/v2\/pages"}],"about":[{"href":"https:\/\/pressdev1.pressglass.com\/pl\/wp-json\/wp\/v2\/types\/page"}],"author":[{"embeddable":true,"href":"https:\/\/pressdev1.pressglass.com\/pl\/wp-json\/wp\/v2\/users\/2"}],"replies":[{"embeddable":true,"href":"https:\/\/pressdev1.pressglass.com\/pl\/wp-json\/wp\/v2\/comments?post=165855"}],"version-history":[{"count":12,"href":"https:\/\/pressdev1.pressglass.com\/pl\/wp-json\/wp\/v2\/pages\/165855\/revisions"}],"predecessor-version":[{"id":169770,"href":"https:\/\/pressdev1.pressglass.com\/pl\/wp-json\/wp\/v2\/pages\/165855\/revisions\/169770"}],"up":[{"embeddable":true,"href":"https:\/\/pressdev1.pressglass.com\/pl\/wp-json\/wp\/v2\/pages\/284"}],"wp:attachment":[{"href":"https:\/\/pressdev1.pressglass.com\/pl\/wp-json\/wp\/v2\/media?parent=165855"}],"curies":[{"name":"wp","href":"https:\/\/api.w.org\/{rel}","templated":true}]}}