

{"id":166167,"date":"2025-07-31T15:59:00","date_gmt":"2025-07-31T13:59:00","guid":{"rendered":"https:\/\/pressdev1.pressglass.com\/?page_id=166167"},"modified":"2025-12-09T11:34:07","modified_gmt":"2025-12-09T10:34:07","slug":"system-ewidencji-dostaw","status":"publish","type":"page","link":"https:\/\/pressdev1.pressglass.com\/pl\/narzedzia-press-glass\/system-ewidencji-dostaw\/","title":{"rendered":"System ewidencji dostaw"},"content":{"rendered":"\n\n\n<section id=\"hero--carousel_block_98d48ff281c39d4d44da68991134660d\" class=\"hero--section hero-size-medium bg-primary d-flex flex-column text-bg-primary justify-content-center position-relative\">\n        <div class=\"hero--carousel h-100\">\n                <div class=\"item h-100\" style=\"background-image: url(https:\/\/pressdev1.pressglass.com\/wp-content\/uploads\/sites\/3\/2025\/12\/1920x690_pg_hero-6-.jpeg);\">\n            <img decoding=\"async\" src=\"https:\/\/pressdev1.pressglass.com\/wp-content\/uploads\/sites\/3\/2025\/12\/1920x690_pg_hero-6-.jpeg\" alt=\"\" class=\"img-fluid opacity-0\">\n        <\/div>\n            <\/div>\n        <div class=\"container d-flex flex-column justify-content-center\">\n        <div class=\"row\">\n            <div class=\"col-md-10 col-12 offset-md-1\">\n                <div class=\"hero-headline text-uppercase mb-sm-5 mb-3 anim-in\"><\/div>\n                            <\/div>\n        <\/div>\n    <\/div>\n        <div id=\"jsSubNav\" class=\"container-fluid sub--navigation\">\n        <div class=\"d-flex w-100 justify-content-between align-items-center h-100\">\n            <nav aria-label=\"breadcrumb\" class=\"\"><ol class=\"breadcrumb mb-0 \"><li class=\"breadcrumb-item\"><a href=\"https:\/\/pressdev1.pressglass.com\/pl\/\">Strona g\u0142\u00f3wna<\/a><\/li><\/ol><\/nav>\n                    <\/div>\n    <\/div>\n    <\/section>\n\n<style type=\"text\/css\">\n    main > .hero--section:first-child {  \n        z-index: 10;\n    }\n    main > .hero--section:not(:first-child) {  \n        overflow: hidden;\n    }\n    \n    .hero--section.hero-size-medium {\n        max-height: 480px;\n    }\n    .hero--section.hero-size-small {\n        max-height: 400px;\n    }\n\n    .hero--section .hero-headline  {\n        font-size: clamp(2.1875rem, 1.25rem + 4.1667vw, 4.6875rem);\n        font-weight: 300;\n        line-height: 1;\n    }\n\n    .hero--section .sub--navigation {\n        position: absolute;\n        bottom:0;\n        left: 0;\n        width: 100%;\n        z-index: 100;\n        height: 60px;\n        background-color: rgba(20, 42, 82, .9);\n    }\n\n    .hero--section .sub--navigation.fixed-top {\n        position: fixed;\n        bottom:auto;\n    }\n\n    .hero--section .sub--navigation .breadcrumb .breadcrumb-item a, .hero--section .sub--navigation .breadcrumb .breadcrumb-item {\n        padding-top: 0.5rem;\n        padding-bottom: 0.5rem;\n    }\n\n    .hero--section .sub--navigation .breadcrumb .breadcrumb-item a, .hero--section .sub--navigation .breadcrumb .breadcrumb-item,\n    .hero--section .sub--navigation .nav .nav-item .nav-link, .hero--section .sub--navigation .nav .nav-item {\n        font-size: clamp(0.875rem, 0.7344rem + 0.625vw, 1.25rem);\n        font-weight: 300;\n        text-decoration: none;\n        color: #fff;\n    }\n    .hero--section .sub--navigation .breadcrumb .breadcrumb-item a:hover,\n    .hero--section .sub--navigation .nav .nav-item .nav-link:hover {\n        opacity: .75;\n    }\n    .hero--section .sub--navigation .breadcrumb-item + .breadcrumb-item::before {\n        color: #fff;\n    }\n<\/style>\n<script>\ndocument.addEventListener(\"DOMContentLoaded\", function () {\n    const subNav = document.getElementById(\"jsSubNav\");\n    const headerNav = document.querySelector(\"header > nav\");\n    const heroSection = document.querySelector(\".hero--section\");\n\n    if (!subNav || !headerNav || !heroSection) return; \/\/ Je\u015bli kt\u00f3ry\u015b element nie istnieje, zatrzymaj skrypt\n\n    function checkScroll() {\n        const headerHeight = headerNav.offsetHeight; \/\/ Wysoko\u015b\u0107 header > nav\n        const subNavHeight = subNav.offsetHeight; \/\/ Wysoko\u015b\u0107 jsSubNav\n        const heroBottom = heroSection.getBoundingClientRect().bottom; \/\/ Dolna cz\u0119\u015b\u0107 hero wzgl\u0119dem okna\n\n        if (heroBottom - subNavHeight <= headerHeight) {\n            \/\/ Gdy dolna cz\u0119\u015b\u0107 hero - wysoko\u015b\u0107 subNav jest <= wysoko\u015bci headera\n            subNav.classList.add(\"fixed-top\");\n            subNav.classList.remove(\"fixed-bottom\");\n            subNav.style.top = `${headerHeight}px`; \/\/ Ustawiamy top r\u00f3wny headerowi\n        } else {\n            \/\/ Gdy dolna cz\u0119\u015b\u0107 hero jest wy\u017cej ni\u017c header\n            subNav.classList.add(\"fixed-bottom\");\n            subNav.classList.remove(\"fixed-top\");\n            subNav.style.top = \"\"; \/\/ Resetujemy top, aby by\u0142 przyklejony do hero\n        }\n    }\n\n    window.addEventListener(\"scroll\", checkScroll);\n});\n\n<\/script>\n\n\n\n<section class=\"section--page-title py-md-5 py-4\">\n    <div class=\"container\">\n        <h1 class=\"mb-md-5 md-3\">System ewidencji dostaw<\/h1>        <p>System Ewidencji Dostaw (SED) to internetowa platforma s\u0142u\u017c\u0105ca do szybkiego sprawdzania stanu zam\u00f3wie\u0144 z\u0142o\u017conych do realizacji w firmie PRESS GLASS i pobierania dokument\u00f3w dostaw oraz faktur przez przegl\u0105dark\u0119 www. SED przeznaczony jest wy\u0142\u0105cznie dla Klient\u00f3w firmy PRESS GLASS.<\/p>\n    <\/div>\n<\/section>\n\n<style type=\"text\/css\">\n    .section--page-title {\n        background-color: #fbfcfc;\n    }\n\n<\/style>\n\n\n<div style=\"height:100px\" aria-hidden=\"true\" class=\"wp-block-spacer\"><\/div>\n\n\n<div class=\"container\">\n<div class=\"row is-layout-flex wp-container-core-columns-is-layout-9d6595d7 row-is-layout-flex\">\n<div class=\"position-relative col-md is-layout-flow position-relative col-md-is-layout-flow\"><div class=\"container\"><div class=\"row\"><div class=\"col-12\">\n<ul class=\"wp-block-list\"><div class=\"container\"><div class=\"row\"><div class=\"col-12\">\n<li>Kontroluj swoje zlecenie przez stron\u0119 WWW<\/li>\n<\/div><\/div><\/div><\/ul>\n<\/div><\/div><\/div>\n\n<div class=\"container\"><div class=\"row\"><div class=\"col-12\">\n<ul class=\"wp-block-list\"><div class=\"container\"><div class=\"row\"><div class=\"col-12\">\n<li>Sprawdzaj faktury chwil\u0119 po ich wystawieniu<\/li>\n<\/div><\/div><\/div><\/ul>\n<\/div><\/div><\/div>\n\n<div class=\"container\"><div class=\"row\"><div class=\"col-12\">\n<ul class=\"wp-block-list\"><div class=\"container\"><div class=\"row\"><div class=\"col-12\">\n<li>Pobieraj specyfikacje stojakowe i przygotuj si\u0119 na odbi\u00f3r dostawy<\/li>\n<\/div><\/div><\/div><\/ul>\n<\/div><\/div><\/div>\n\n\n<div style=\"height:50px\" aria-hidden=\"true\" class=\"wp-block-spacer\"><\/div>\n\n\n<div class=\"container\"><div class=\"row\"><div class=\"col-12\">\n<p>Mo\u017cliwy jest podgl\u0105d stanu produkcji i pobranie dokument\u00f3w z informacjami o szczeg\u00f3\u0142ach zaplanowanych dostaw (tak\u017ce przed ich przyjazdem). Dzi\u0119ki temu mo\u017cna zaplanowa\u0107 spos\u00f3b roz\u0142adunku. Stojaki ze szk\u0142em mog\u0105 by\u0107 w trakcie roz\u0142adunku ustawiane w kolejno\u015bci zgodnej z kolejno\u015bci\u0105 u\u017cycia w procesie produkcyjnym.<\/p>\n<\/div><\/div><\/div><\/div>\n<\/div>\n<\/div>\n\n\n<div style=\"height:50px\" aria-hidden=\"true\" class=\"wp-block-spacer\"><\/div>\n\n\n<div class=\"container\"><div class=\"row\"><div class=\"col-12\">\n<p>Do planu produkcji mo\u017cna wpisa\u0107 numer stojaka, na kt\u00f3rym znajduje si\u0119 szyba potrzebna do wykonania konkretnego produktu. Informacje te pozwalaj\u0105 na znaczne przyspieszenie planowania i realizacji produkcji oraz unikni\u0119cie pomy\u0142ek. W efekcie zmniejszeniu ulegaj\u0105 te\u017c koszty produkcji.<\/p>\n<\/div><\/div><\/div>\n\n<div class=\"container\"><div class=\"row\"><div class=\"col-12\">\n<p>Mo\u017cliwo\u015b\u0107 pobrania faktur w chwil\u0119 po ich wystawieniu daje wi\u0119cej czasu na ich sprawdzenie i zaplanowanie p\u0142atno\u015bci. U\u0142atwia zarz\u0105dzanie wszystkimi p\u0142atno\u015bciami.<\/p>\n<\/div><\/div><\/div>\n\n\n<div style=\"height:100px\" aria-hidden=\"true\" class=\"wp-block-spacer\"><\/div>\n\n\n<div class=\"container\">\n<div class=\"row is-layout-flex wp-container-core-columns-is-layout-9d6595d7 row-is-layout-flex\">\n<div class=\"position-relative col-md-3 is-vertically-aligned-bottom is-layout-flow position-relative col-md-3-is-layout-flow\" style=\"flex-basis:25%\"><div class=\"container\"><div class=\"row\"><div class=\"col-12\">\n<h2 class=\"wp-block-heading\">Napisz do nas<\/h2>\n<\/div><\/div><\/div><\/div>\n\n\n\n<div class=\"position-relative col-md-9 is-vertically-aligned-bottom is-layout-flow position-relative col-md-9-is-layout-flow\" style=\"flex-basis:75%\"><div class=\"container\"><div class=\"row\"><div class=\"col-12\">\n<p>Je\u015bli chcesz wygodnie sprawdza\u0107 swoje zam\u00f3wienia przez internet, skontaktuj si\u0119 ze swoim opiekunem handlowym lub wype\u0142nij formularz.<\/p>\n<\/div><\/div><\/div><\/div>\n<\/div>\n<\/div>\n\n\n<div style=\"height:50px\" aria-hidden=\"true\" class=\"wp-block-spacer\"><\/div>\n\n\n<div class=\"container\">\n<div class=\"row is-layout-flex wp-container-core-columns-is-layout-9d6595d7 row-is-layout-flex\">\n<div class=\"position-relative col-md-3 is-layout-flow position-relative col-md-3-is-layout-flow\" style=\"flex-basis:25%\"><\/div>\n\n\n\n<div class=\"position-relative col-md-6 is-layout-flow position-relative col-md-6-is-layout-flow\" style=\"flex-basis:50%\"><div class=\"container\"><div class=\"row\"><div class=\"col-12\">\n<div class=\"wp-block-contact-form-7-contact-form-selector\">\n<div class=\"wpcf7 no-js\" id=\"wpcf7-f166348-o1\" lang=\"pl-PL\" dir=\"ltr\" data-wpcf7-id=\"166348\">\n<div class=\"screen-reader-response\"><p role=\"status\" aria-live=\"polite\" aria-atomic=\"true\"><\/p> <ul><\/ul><\/div>\n<form action=\"\/pl\/wp-json\/wp\/v2\/pages\/166167#wpcf7-f166348-o1\" method=\"post\" class=\"wpcf7-form init\" aria-label=\"Formularz kontaktowy\" novalidate=\"novalidate\" data-status=\"init\">\n<fieldset class=\"hidden-fields-container\"><input type=\"hidden\" name=\"_wpcf7\" value=\"166348\" \/><input type=\"hidden\" name=\"_wpcf7_version\" value=\"6.1.5\" \/><input type=\"hidden\" name=\"_wpcf7_locale\" value=\"pl_PL\" \/><input type=\"hidden\" name=\"_wpcf7_unit_tag\" value=\"wpcf7-f166348-o1\" \/><input type=\"hidden\" name=\"_wpcf7_container_post\" value=\"0\" \/><input type=\"hidden\" name=\"_wpcf7_posted_data_hash\" value=\"\" \/>\n<\/fieldset>\n<div class=\"form-floating\">\n\t<p><span class=\"wpcf7-form-control-wrap\" data-name=\"your-name\"><input size=\"40\" maxlength=\"400\" class=\"wpcf7-form-control wpcf7-text wpcf7-validates-as-required\" autocomplete=\"name\" aria-required=\"true\" aria-invalid=\"false\" value=\"\" type=\"text\" name=\"your-name\" \/><\/span><label>Imi\u0119 nazwisko *<\/label>\n\t<\/p>\n<\/div>\n<div>\n<\/div>\n<div class=\"form-floating\">\n\t<p><span class=\"wpcf7-form-control-wrap\" data-name=\"text-499\"><input size=\"40\" maxlength=\"400\" class=\"wpcf7-form-control wpcf7-text wpcf7-validates-as-required\" aria-required=\"true\" aria-invalid=\"false\" value=\"\" type=\"text\" name=\"text-499\" \/><\/span><label>Nazwa firmy*<\/label>\n\t<\/p>\n<\/div>\n<div class=\"form-floating\">\n\t<p><span class=\"wpcf7-form-control-wrap\" data-name=\"text-501\"><input size=\"40\" maxlength=\"400\" class=\"wpcf7-form-control wpcf7-text wpcf7-validates-as-required\" aria-required=\"true\" aria-invalid=\"false\" value=\"\" type=\"text\" name=\"text-501\" \/><\/span><label>Adres firmy*<\/label>\n\t<\/p>\n<\/div>\n<div class=\"form-floating\">\n\t<p><span class=\"wpcf7-form-control-wrap\" data-name=\"your-email\"><input size=\"40\" maxlength=\"400\" class=\"wpcf7-form-control wpcf7-email wpcf7-validates-as-required wpcf7-text wpcf7-validates-as-email\" autocomplete=\"email\" aria-required=\"true\" aria-invalid=\"false\" value=\"\" type=\"email\" name=\"your-email\" \/><\/span><label>Adres email *<\/label>\n\t<\/p>\n<\/div>\n<div class=\"form-floating\">\n\t<p><span class=\"wpcf7-form-control-wrap\" data-name=\"tel-167\"><input size=\"40\" maxlength=\"400\" class=\"wpcf7-form-control wpcf7-tel wpcf7-text wpcf7-validates-as-tel\" aria-invalid=\"false\" value=\"\" type=\"tel\" name=\"tel-167\" \/><\/span><label>Telefon *<\/label>\n\t<\/p>\n<\/div>\n<div class=\"form-floating\">\n\t<p><span class=\"wpcf7-form-control-wrap\" data-name=\"your-message\"><textarea cols=\"40\" rows=\"10\" maxlength=\"2000\" class=\"wpcf7-form-control wpcf7-textarea wpcf7-validates-as-required\" aria-required=\"true\" aria-invalid=\"false\" name=\"your-message\"><\/textarea><\/span><label for=\"your-message\">Wiadomo\u015b\u0107 *<\/label>\n\t<\/p>\n<\/div>\n<p><span class=\"wpcf7-form-control-wrap\" data-name=\"acceptance-896\"><span class=\"wpcf7-form-control wpcf7-acceptance\"><span class=\"wpcf7-list-item\"><label><input type=\"checkbox\" name=\"acceptance-896\" value=\"1\" aria-invalid=\"false\" \/><span class=\"wpcf7-list-item-label\">Administratorem danych osobowych u\u017cytkownika jest: sp\u00f3\u0142ka Press Glass Holding S.A. z siedzib\u0105 przy ul. Golfowej 19, 42-274 Konopiska, gmina Konopiska, wpisana do Krajowego Rejestru S\u0105dowego przez S\u0105d Rejonowy w Cz\u0119stochowie, XVII Wydzia\u0142 Gospodarczy KRS, pod numerem 0000131477, pos\u0142uguj\u0105ca si\u0119 numerami NIP 574 000 74 96 i REGON 150021158, kapita\u0142 zak\u0142adowy 502 000 z\u0142 (s\u0142ownie: pi\u0119\u0107set dwa tysi\u0105ce z\u0142otych 00\/100) op\u0142acony w ca\u0142o\u015bci, reprezentowana przez Zarz\u0105d - zgodnie z obowi\u0105zuj\u0105cym umocowaniem prawnym, zwan\u0105 dalej \"Administratorem\" lub\/oraz \u201ePress Glass... <a href=\"https:\/\/pressdev1.pressglass.com\/pl\/obowiazek-informacyjny-rodo\/\" target=\"_blank\" rel=\"noopener noreferrer\">wi\u0119cej<\/a><\/span><\/label><\/span><\/span><\/span>\n<\/p>\n<p><input class=\"wpcf7-form-control wpcf7-submit has-spinner btn btn-outline-primary rounded-0\" type=\"submit\" value=\"Wy\u015blij\" \/>\n<\/p><div class=\"wpcf7-response-output\" aria-hidden=\"true\"><\/div>\n<\/form>\n<\/div>\n<\/div>\n<\/div><\/div><\/div><\/div>\n\n\n\n<div class=\"position-relative col-md-3 is-layout-flow position-relative col-md-3-is-layout-flow\" style=\"flex-basis:25%\"><\/div>\n<\/div>\n<\/div>\n\n\n<div style=\"height:100px\" aria-hidden=\"true\" class=\"wp-block-spacer\"><\/div>\n","protected":false},"excerpt":{"rendered":"<p>System Ewidencji Dostaw (SED) to internetowa platforma s\u0142u\u017c\u0105ca do szybkiego sprawdzania stanu zam\u00f3wie\u0144 z\u0142o\u017conych do realizacji w firmie PRESS GLASS i pobierania dokument\u00f3w dostaw oraz faktur przez przegl\u0105dark\u0119 www. SED przeznaczony jest wy\u0142\u0105cznie dla Klient\u00f3w firmy PRESS GLASS.<\/p>\n","protected":false},"author":3,"featured_media":165917,"parent":165883,"menu_order":0,"comment_status":"closed","ping_status":"closed","template":"","meta":{"_acf_changed":false,"footnotes":""},"class_list":["post-166167","page","type-page","status-publish","has-post-thumbnail","hentry"],"acf":[],"yoast_head":"<!-- This site is optimized with the Yoast SEO plugin v27.3 - https:\/\/yoast.com\/product\/yoast-seo-wordpress\/ -->\n<title>System ewidencji dostaw - Press Glass<\/title>\n<meta name=\"robots\" content=\"noindex, follow, max-snippet:-1, max-image-preview:large, max-video-preview:-1\" \/>\n<meta property=\"og:locale\" content=\"pl_PL\" \/>\n<meta property=\"og:type\" content=\"article\" \/>\n<meta property=\"og:title\" content=\"System ewidencji dostaw - Press Glass\" \/>\n<meta property=\"og:description\" content=\"System Ewidencji Dostaw (SED) to internetowa platforma s\u0142u\u017c\u0105ca do szybkiego sprawdzania stanu zam\u00f3wie\u0144 z\u0142o\u017conych do realizacji w firmie PRESS GLASS i pobierania dokument\u00f3w dostaw oraz faktur przez przegl\u0105dark\u0119 www. SED przeznaczony jest wy\u0142\u0105cznie dla Klient\u00f3w firmy PRESS GLASS.\" \/>\n<meta property=\"og:url\" content=\"https:\/\/pressdev1.pressglass.com\/pl\/narzedzia-press-glass\/system-ewidencji-dostaw\/\" \/>\n<meta property=\"og:site_name\" content=\"Press Glass\" \/>\n<meta property=\"article:modified_time\" content=\"2025-12-09T10:34:07+00:00\" \/>\n<meta property=\"og:image\" content=\"https:\/\/pressdev1.pressglass.com\/wp-content\/uploads\/sites\/3\/2025\/07\/slider_hero_tools.jpg\" \/>\n\t<meta property=\"og:image:width\" content=\"1921\" \/>\n\t<meta property=\"og:image:height\" content=\"691\" \/>\n\t<meta property=\"og:image:type\" content=\"image\/jpeg\" \/>\n<meta name=\"twitter:card\" content=\"summary_large_image\" \/>\n<meta name=\"twitter:label1\" content=\"Szacowany czas czytania\" \/>\n\t<meta name=\"twitter:data1\" content=\"2 minuty\" \/>\n<script type=\"application\/ld+json\" class=\"yoast-schema-graph\">{\"@context\":\"https:\\\/\\\/schema.org\",\"@graph\":[{\"@type\":\"WebPage\",\"@id\":\"https:\\\/\\\/pressdev1.pressglass.com\\\/pl\\\/narzedzia-press-glass\\\/system-ewidencji-dostaw\\\/\",\"url\":\"https:\\\/\\\/pressdev1.pressglass.com\\\/pl\\\/narzedzia-press-glass\\\/system-ewidencji-dostaw\\\/\",\"name\":\"System ewidencji dostaw - Press Glass\",\"isPartOf\":{\"@id\":\"https:\\\/\\\/pressdev1.pressglass.com\\\/#website\"},\"primaryImageOfPage\":{\"@id\":\"https:\\\/\\\/pressdev1.pressglass.com\\\/pl\\\/narzedzia-press-glass\\\/system-ewidencji-dostaw\\\/#primaryimage\"},\"image\":{\"@id\":\"https:\\\/\\\/pressdev1.pressglass.com\\\/pl\\\/narzedzia-press-glass\\\/system-ewidencji-dostaw\\\/#primaryimage\"},\"thumbnailUrl\":\"https:\\\/\\\/pressdev1.pressglass.com\\\/wp-content\\\/uploads\\\/sites\\\/3\\\/2025\\\/07\\\/slider_hero_tools.jpg\",\"datePublished\":\"2025-07-31T13:59:00+00:00\",\"dateModified\":\"2025-12-09T10:34:07+00:00\",\"breadcrumb\":{\"@id\":\"https:\\\/\\\/pressdev1.pressglass.com\\\/pl\\\/narzedzia-press-glass\\\/system-ewidencji-dostaw\\\/#breadcrumb\"},\"inLanguage\":\"pl-PL\",\"potentialAction\":[{\"@type\":\"ReadAction\",\"target\":[\"https:\\\/\\\/pressdev1.pressglass.com\\\/pl\\\/narzedzia-press-glass\\\/system-ewidencji-dostaw\\\/\"]}]},{\"@type\":\"ImageObject\",\"inLanguage\":\"pl-PL\",\"@id\":\"https:\\\/\\\/pressdev1.pressglass.com\\\/pl\\\/narzedzia-press-glass\\\/system-ewidencji-dostaw\\\/#primaryimage\",\"url\":\"https:\\\/\\\/pressdev1.pressglass.com\\\/wp-content\\\/uploads\\\/sites\\\/3\\\/2025\\\/07\\\/slider_hero_tools.jpg\",\"contentUrl\":\"https:\\\/\\\/pressdev1.pressglass.com\\\/wp-content\\\/uploads\\\/sites\\\/3\\\/2025\\\/07\\\/slider_hero_tools.jpg\",\"width\":1921,\"height\":691},{\"@type\":\"BreadcrumbList\",\"@id\":\"https:\\\/\\\/pressdev1.pressglass.com\\\/pl\\\/narzedzia-press-glass\\\/system-ewidencji-dostaw\\\/#breadcrumb\",\"itemListElement\":[{\"@type\":\"ListItem\",\"position\":1,\"name\":\"Strona g\u0142\u00f3wna\",\"item\":\"https:\\\/\\\/pressdev1.pressglass.com\\\/pl\\\/\"},{\"@type\":\"ListItem\",\"position\":2,\"name\":\"Narz\u0119dzia\",\"item\":\"https:\\\/\\\/pressdev1.pressglass.com\\\/pl\\\/narzedzia-press-glass\\\/\"},{\"@type\":\"ListItem\",\"position\":3,\"name\":\"System ewidencji dostaw\"}]},{\"@type\":\"WebSite\",\"@id\":\"https:\\\/\\\/pressdev1.pressglass.com\\\/#website\",\"url\":\"https:\\\/\\\/pressdev1.pressglass.com\\\/\",\"name\":\"Press Glass\",\"description\":\"\",\"potentialAction\":[{\"@type\":\"SearchAction\",\"target\":{\"@type\":\"EntryPoint\",\"urlTemplate\":\"https:\\\/\\\/pressdev1.pressglass.com\\\/?s={search_term_string}\"},\"query-input\":{\"@type\":\"PropertyValueSpecification\",\"valueRequired\":true,\"valueName\":\"search_term_string\"}}],\"inLanguage\":\"pl-PL\"}]}<\/script>\n<!-- \/ Yoast SEO plugin. -->","yoast_head_json":{"title":"System ewidencji dostaw - Press Glass","robots":{"index":"noindex","follow":"follow","max-snippet":"max-snippet:-1","max-image-preview":"max-image-preview:large","max-video-preview":"max-video-preview:-1"},"og_locale":"pl_PL","og_type":"article","og_title":"System ewidencji dostaw - Press Glass","og_description":"System Ewidencji Dostaw (SED) to internetowa platforma s\u0142u\u017c\u0105ca do szybkiego sprawdzania stanu zam\u00f3wie\u0144 z\u0142o\u017conych do realizacji w firmie PRESS GLASS i pobierania dokument\u00f3w dostaw oraz faktur przez przegl\u0105dark\u0119 www. SED przeznaczony jest wy\u0142\u0105cznie dla Klient\u00f3w firmy PRESS GLASS.","og_url":"https:\/\/pressdev1.pressglass.com\/pl\/narzedzia-press-glass\/system-ewidencji-dostaw\/","og_site_name":"Press Glass","article_modified_time":"2025-12-09T10:34:07+00:00","og_image":[{"width":1921,"height":691,"url":"https:\/\/pressdev1.pressglass.com\/wp-content\/uploads\/sites\/3\/2025\/07\/slider_hero_tools.jpg","type":"image\/jpeg"}],"twitter_card":"summary_large_image","twitter_misc":{"Szacowany czas czytania":"2 minuty"},"schema":{"@context":"https:\/\/schema.org","@graph":[{"@type":"WebPage","@id":"https:\/\/pressdev1.pressglass.com\/pl\/narzedzia-press-glass\/system-ewidencji-dostaw\/","url":"https:\/\/pressdev1.pressglass.com\/pl\/narzedzia-press-glass\/system-ewidencji-dostaw\/","name":"System ewidencji dostaw - Press Glass","isPartOf":{"@id":"https:\/\/pressdev1.pressglass.com\/#website"},"primaryImageOfPage":{"@id":"https:\/\/pressdev1.pressglass.com\/pl\/narzedzia-press-glass\/system-ewidencji-dostaw\/#primaryimage"},"image":{"@id":"https:\/\/pressdev1.pressglass.com\/pl\/narzedzia-press-glass\/system-ewidencji-dostaw\/#primaryimage"},"thumbnailUrl":"https:\/\/pressdev1.pressglass.com\/wp-content\/uploads\/sites\/3\/2025\/07\/slider_hero_tools.jpg","datePublished":"2025-07-31T13:59:00+00:00","dateModified":"2025-12-09T10:34:07+00:00","breadcrumb":{"@id":"https:\/\/pressdev1.pressglass.com\/pl\/narzedzia-press-glass\/system-ewidencji-dostaw\/#breadcrumb"},"inLanguage":"pl-PL","potentialAction":[{"@type":"ReadAction","target":["https:\/\/pressdev1.pressglass.com\/pl\/narzedzia-press-glass\/system-ewidencji-dostaw\/"]}]},{"@type":"ImageObject","inLanguage":"pl-PL","@id":"https:\/\/pressdev1.pressglass.com\/pl\/narzedzia-press-glass\/system-ewidencji-dostaw\/#primaryimage","url":"https:\/\/pressdev1.pressglass.com\/wp-content\/uploads\/sites\/3\/2025\/07\/slider_hero_tools.jpg","contentUrl":"https:\/\/pressdev1.pressglass.com\/wp-content\/uploads\/sites\/3\/2025\/07\/slider_hero_tools.jpg","width":1921,"height":691},{"@type":"BreadcrumbList","@id":"https:\/\/pressdev1.pressglass.com\/pl\/narzedzia-press-glass\/system-ewidencji-dostaw\/#breadcrumb","itemListElement":[{"@type":"ListItem","position":1,"name":"Strona g\u0142\u00f3wna","item":"https:\/\/pressdev1.pressglass.com\/pl\/"},{"@type":"ListItem","position":2,"name":"Narz\u0119dzia","item":"https:\/\/pressdev1.pressglass.com\/pl\/narzedzia-press-glass\/"},{"@type":"ListItem","position":3,"name":"System ewidencji dostaw"}]},{"@type":"WebSite","@id":"https:\/\/pressdev1.pressglass.com\/#website","url":"https:\/\/pressdev1.pressglass.com\/","name":"Press Glass","description":"","potentialAction":[{"@type":"SearchAction","target":{"@type":"EntryPoint","urlTemplate":"https:\/\/pressdev1.pressglass.com\/?s={search_term_string}"},"query-input":{"@type":"PropertyValueSpecification","valueRequired":true,"valueName":"search_term_string"}}],"inLanguage":"pl-PL"}]}},"_links":{"self":[{"href":"https:\/\/pressdev1.pressglass.com\/pl\/wp-json\/wp\/v2\/pages\/166167","targetHints":{"allow":["GET"]}}],"collection":[{"href":"https:\/\/pressdev1.pressglass.com\/pl\/wp-json\/wp\/v2\/pages"}],"about":[{"href":"https:\/\/pressdev1.pressglass.com\/pl\/wp-json\/wp\/v2\/types\/page"}],"author":[{"embeddable":true,"href":"https:\/\/pressdev1.pressglass.com\/pl\/wp-json\/wp\/v2\/users\/3"}],"replies":[{"embeddable":true,"href":"https:\/\/pressdev1.pressglass.com\/pl\/wp-json\/wp\/v2\/comments?post=166167"}],"version-history":[{"count":20,"href":"https:\/\/pressdev1.pressglass.com\/pl\/wp-json\/wp\/v2\/pages\/166167\/revisions"}],"predecessor-version":[{"id":168137,"href":"https:\/\/pressdev1.pressglass.com\/pl\/wp-json\/wp\/v2\/pages\/166167\/revisions\/168137"}],"up":[{"embeddable":true,"href":"https:\/\/pressdev1.pressglass.com\/pl\/wp-json\/wp\/v2\/pages\/165883"}],"wp:featuredmedia":[{"embeddable":true,"href":"https:\/\/pressdev1.pressglass.com\/pl\/wp-json\/wp\/v2\/media\/165917"}],"wp:attachment":[{"href":"https:\/\/pressdev1.pressglass.com\/pl\/wp-json\/wp\/v2\/media?parent=166167"}],"curies":[{"name":"wp","href":"https:\/\/api.w.org\/{rel}","templated":true}]}}