

{"id":167841,"date":"2025-11-12T15:57:15","date_gmt":"2025-11-12T14:57:15","guid":{"rendered":"https:\/\/pressdev1.pressglass.com\/?page_id=167841"},"modified":"2025-11-12T16:04:46","modified_gmt":"2025-11-12T15:04:46","slug":"formularz-dla-pracownikow","status":"publish","type":"page","link":"https:\/\/pressdev1.pressglass.com\/pl\/kariera-w-polsce\/formularz-dla-pracownikow\/","title":{"rendered":"Formularz dla pracownik\u00f3w"},"content":{"rendered":"\n\n\n<section id=\"hero--carousel_block_a576ff9aed04a0c81fc1093a5c8ac23d\" class=\"hero--section  bg-primary d-flex flex-column text-bg-primary justify-content-center position-relative\">\n        <div class=\"hero--carousel h-100\">\n                <div class=\"item h-100\" style=\"background-image: url(https:\/\/pressdev1.pressglass.com\/wp-content\/uploads\/sites\/3\/2025\/08\/slider_kariera_6.jpg);\">\n            <img decoding=\"async\" src=\"https:\/\/pressdev1.pressglass.com\/wp-content\/uploads\/sites\/3\/2025\/08\/slider_kariera_6.jpg\" alt=\"\" class=\"img-fluid opacity-0\">\n        <\/div>\n            <\/div>\n        <div class=\"container d-flex flex-column justify-content-center\">\n        <div class=\"row\">\n            <div class=\"col-md-10 col-12 offset-md-1\">\n                <div class=\"hero-headline text-uppercase mb-sm-5 mb-3 anim-in\"><\/div>\n                            <\/div>\n        <\/div>\n    <\/div>\n    <\/section>\n\n<style type=\"text\/css\">\n    main > .hero--section:first-child {  \n        z-index: 10;\n    }\n    main > .hero--section:not(:first-child) {  \n        overflow: hidden;\n    }\n    \n    .hero--section.hero-size-medium {\n        max-height: 480px;\n    }\n    .hero--section.hero-size-small {\n        max-height: 400px;\n    }\n\n    .hero--section .hero-headline  {\n        font-size: clamp(2.1875rem, 1.25rem + 4.1667vw, 4.6875rem);\n        font-weight: 300;\n        line-height: 1;\n    }\n\n    .hero--section .sub--navigation {\n        position: absolute;\n        bottom:0;\n        left: 0;\n        width: 100%;\n        z-index: 100;\n        height: 60px;\n        background-color: rgba(20, 42, 82, .9);\n    }\n\n    .hero--section .sub--navigation.fixed-top {\n        position: fixed;\n        bottom:auto;\n    }\n\n    .hero--section .sub--navigation .breadcrumb .breadcrumb-item a, .hero--section .sub--navigation .breadcrumb .breadcrumb-item {\n        padding-top: 0.5rem;\n        padding-bottom: 0.5rem;\n    }\n\n    .hero--section .sub--navigation .breadcrumb .breadcrumb-item a, .hero--section .sub--navigation .breadcrumb .breadcrumb-item,\n    .hero--section .sub--navigation .nav .nav-item .nav-link, .hero--section .sub--navigation .nav .nav-item {\n        font-size: clamp(0.875rem, 0.7344rem + 0.625vw, 1.25rem);\n        font-weight: 300;\n        text-decoration: none;\n        color: #fff;\n    }\n    .hero--section .sub--navigation .breadcrumb .breadcrumb-item a:hover,\n    .hero--section .sub--navigation .nav .nav-item .nav-link:hover {\n        opacity: .75;\n    }\n    .hero--section .sub--navigation .breadcrumb-item + .breadcrumb-item::before {\n        color: #fff;\n    }\n<\/style>\n\n\n\n<section class=\"section--page-title py-md-5 py-4\">\n    <div class=\"container\">\n        <h1 class=\"mb-md-5 md-3\">Formularz dla pracownik\u00f3w<\/h1>        <p>Je\u015bli jeste\u015b pracownikiem Press Glass i nie mo\u017cesz osobi\u015bcie skontaktowa\u0107 si\u0119 z Dzia\u0142em Personalnym, wype\u0142nij formularz.<\/p>\n    <\/div>\n<\/section>\n\n<style type=\"text\/css\">\n    .section--page-title {\n        background-color: #fbfcfc;\n    }\n\n<\/style>\n\n\n<div style=\"height:50px\" aria-hidden=\"true\" class=\"wp-block-spacer\"><\/div>\n\n\n<div class=\"container\">\n<div class=\"row is-layout-flex wp-container-core-columns-is-layout-9d6595d7 row-is-layout-flex\">\n<div class=\"position-relative col-md-3 is-layout-flow position-relative col-md-3-is-layout-flow\" style=\"flex-basis:25%\"><\/div>\n\n\n\n<div class=\"position-relative col-md-6 is-layout-flow position-relative col-md-6-is-layout-flow\" style=\"flex-basis:50%\"><div class=\"container\"><div class=\"row\"><div class=\"col-12\">\n<div class=\"wp-block-contact-form-7-contact-form-selector\">\n<div class=\"wpcf7 no-js\" id=\"wpcf7-f167844-o1\" lang=\"pl-PL\" dir=\"ltr\" data-wpcf7-id=\"167844\">\n<div class=\"screen-reader-response\"><p role=\"status\" aria-live=\"polite\" aria-atomic=\"true\"><\/p> <ul><\/ul><\/div>\n<form action=\"\/pl\/wp-json\/wp\/v2\/pages\/167841#wpcf7-f167844-o1\" method=\"post\" class=\"wpcf7-form init\" aria-label=\"Formularz kontaktowy\" enctype=\"multipart\/form-data\" novalidate=\"novalidate\" data-status=\"init\">\n<fieldset class=\"hidden-fields-container\"><input type=\"hidden\" name=\"_wpcf7\" value=\"167844\" \/><input type=\"hidden\" name=\"_wpcf7_version\" value=\"6.1.5\" \/><input type=\"hidden\" name=\"_wpcf7_locale\" value=\"pl_PL\" \/><input type=\"hidden\" name=\"_wpcf7_unit_tag\" value=\"wpcf7-f167844-o1\" \/><input type=\"hidden\" name=\"_wpcf7_container_post\" value=\"0\" \/><input type=\"hidden\" name=\"_wpcf7_posted_data_hash\" value=\"\" \/>\n<\/fieldset>\n<h3>1. Dane Og\u00f3lne\n<\/h3>\n<div class=\"form-floating\">\n\t<p><label>Dane oddzia\u0142u, kt\u00f3rego dotyczy zg\u0142oszenie:<\/label>\n\t<\/p>\n<\/div>\n<div style=\"margin-bottom: 20px\">\n<\/div>\n<p><span class=\"wpcf7-form-control-wrap\" data-name=\"include_blank\"><select class=\"wpcf7-form-control wpcf7-select wpcf7-validates-as-required kodeks-region\" aria-required=\"true\" aria-invalid=\"false\" name=\"include_blank\"><option value=\"\">&#8212;Prosz\u0119 wybra\u0107 opcj\u0119&#8212;<\/option><option value=\"Press Glass Holding SA The Head Office of the Company and Press Glass Sp. z o.o., ul. Golfowa 19, 42-274 Konopiska, Poland\">Press Glass Holding SA The Head Office of the Company and Press Glass Sp. z o.o., ul. Golfowa 19, 42-274 Konopiska, Poland<\/option><option value=\"PRESS GLASS Sp. z.o.o The Division in Radomsko, ul. Geodet\u00f3w 4, 97-500 Radomsko, Poland\">PRESS GLASS Sp. z.o.o The Division in Radomsko, ul. Geodet\u00f3w 4, 97-500 Radomsko, Poland<\/option><option value=\"PRESS GLASS Sp. z.o.o The Division in Tczew, ul. Skarszewska 11, 83-110 Tczew, Poland\">PRESS GLASS Sp. z.o.o The Division in Tczew, ul. Skarszewska 11, 83-110 Tczew, Poland<\/option><option value=\"PRESS GLASS Sp. z.o.o The Division in Tychy, ul. Cielmicka 44, 43-100 Tychy, Poland\">PRESS GLASS Sp. z.o.o The Division in Tychy, ul. Cielmicka 44, 43-100 Tychy, Poland<\/option><option value=\"PRESS GLASS Sp. z.o.o The Division in Mi\u0119tno, Mi\u0119tno 40, 72-200 Nowogard, Poland\">PRESS GLASS Sp. z.o.o The Division in Mi\u0119tno, Mi\u0119tno 40, 72-200 Nowogard, Poland<\/option><option value=\"PRESS GLASS d.o.o. The Head Office of the Company, Ulica dr. Marijana Mlinari\u0107a 5, 42203, Jal\u017eabet, Croatia\">PRESS GLASS d.o.o. The Head Office of the Company, Ulica dr. Marijana Mlinari\u0107a 5, 42203, Jal\u017eabet, Croatia<\/option><option value=\"PRESS GLASS, Inc., Commonwealth Crossing 1000, Commonwealth Crossing Parkway, Ridgeway, VA 2414, United States\">PRESS GLASS, Inc., Commonwealth Crossing 1000, Commonwealth Crossing Parkway, Ridgeway, VA 2414, United States<\/option><option value=\"PRESS GLASS, Inc. The Headquarters of the Company, 8901 US Hwy 220, Stoneville, NC 27048, United States\">PRESS GLASS, Inc. The Headquarters of the Company, 8901 US Hwy 220, Stoneville, NC 27048, United States<\/option><option value=\"PRESS GLASS UAB, Aviacijos g. 3, Sergei\u010dikai l k. Karm\u0117lavos sen. LT-54462 Kaunas, Lithuania\">PRESS GLASS UAB, Aviacijos g. 3, Sergei\u010dikai l k. Karm\u0117lavos sen. LT-54462 Kaunas, Lithuania<\/option><\/select><\/span>\n<\/p>\n<div style=\"margin-bottom: 50px\">\n<\/div>\n<h3>2. Przedmiot zg\u0142oszenia\n<\/h3>\n<p class=\"has-medium-font-size\">\n<\/p>\n<div class=\"form-floating\">\n\t<p><span class=\"wpcf7-form-control-wrap\" data-name=\"textarea-735\"><textarea cols=\"40\" rows=\"10\" maxlength=\"2000\" class=\"wpcf7-form-control wpcf7-textarea wpcf7-validates-as-required\" aria-required=\"true\" aria-invalid=\"false\" name=\"textarea-735\"><\/textarea><\/span><label>Szczeg\u00f3\u0142owy opis:<\/label>\n\t<\/p>\n<\/div>\n<div class=\"form-floating\">\n\t<p><label>Dokumenty wskazuj\u0105ce na nieprawid\u0142owe zachowanie *opcjonalne:<\/label>\n\t<\/p>\n<\/div>\n<div style=\"margin-bottom: 20px\">\n<\/div>\n<p><span class=\"wpcf7-form-control-wrap\" data-name=\"file-368\"><input size=\"40\" class=\"wpcf7-form-control wpcf7-file btn btn-outline-primary rounded-0\" accept=\"audio\/*,video\/*,image\/*\" aria-invalid=\"false\" type=\"file\" name=\"file-368\" \/><\/span><br \/>\n<span class=\"wpcf7-form-control-wrap\" data-name=\"file-369\"><input size=\"40\" class=\"wpcf7-form-control wpcf7-file btn btn-outline-primary rounded-0\" accept=\"audio\/*,video\/*,image\/*\" aria-invalid=\"false\" type=\"file\" name=\"file-369\" \/><\/span><br \/>\n<span class=\"wpcf7-form-control-wrap\" data-name=\"file-370\"><input size=\"40\" class=\"wpcf7-form-control wpcf7-file btn btn-outline-primary rounded-0\" accept=\"audio\/*,video\/*,image\/*\" aria-invalid=\"false\" type=\"file\" name=\"file-370\" \/><\/span><br \/>\n<span class=\"wpcf7-form-control-wrap\" data-name=\"file-371\"><input size=\"40\" class=\"wpcf7-form-control wpcf7-file btn btn-outline-primary rounded-0\" accept=\"audio\/*,video\/*,image\/*\" aria-invalid=\"false\" type=\"file\" name=\"file-371\" \/><\/span><br \/>\n<span class=\"wpcf7-form-control-wrap\" data-name=\"file-372\"><input size=\"40\" class=\"wpcf7-form-control wpcf7-file btn btn-outline-primary rounded-0\" accept=\"audio\/*,video\/*,image\/*\" aria-invalid=\"false\" type=\"file\" name=\"file-372\" \/><\/span>\n<\/p>\n<div style=\"margin-bottom: 50px\">\n<\/div>\n<h3>3. Dane zg\u0142aszaj\u0105cego\n<\/h3>\n<div style=\"margin-bottom: 20px\">\n<\/div>\n<div class=\"form-floating\">\n\t<p><span class=\"wpcf7-form-control-wrap\" data-name=\"imie\"><input size=\"40\" maxlength=\"400\" class=\"wpcf7-form-control wpcf7-text\" aria-invalid=\"false\" value=\"\" type=\"text\" name=\"imie\" \/><\/span><label>Imi\u0119:<\/label>\n\t<\/p>\n<\/div>\n<div class=\"form-floating\">\n\t<p><span class=\"wpcf7-form-control-wrap\" data-name=\"nazwisko\"><input size=\"40\" maxlength=\"400\" class=\"wpcf7-form-control wpcf7-text\" aria-invalid=\"false\" value=\"\" type=\"text\" name=\"nazwisko\" \/><\/span><label>Nazwisko:<\/label>\n\t<\/p>\n<\/div>\n<div class=\"form-floating\">\n\t<p><span class=\"wpcf7-form-control-wrap\" data-name=\"numer\"><input size=\"40\" maxlength=\"400\" class=\"wpcf7-form-control wpcf7-tel wpcf7-text wpcf7-validates-as-tel\" aria-invalid=\"false\" value=\"\" type=\"tel\" name=\"numer\" \/><\/span><label>Numer telefonu:<\/label>\n\t<\/p>\n<\/div>\n<div class=\"form-floating\">\n\t<p><span class=\"wpcf7-form-control-wrap\" data-name=\"email\"><input size=\"40\" maxlength=\"400\" class=\"wpcf7-form-control wpcf7-email wpcf7-text wpcf7-validates-as-email\" aria-invalid=\"false\" value=\"\" type=\"email\" name=\"email\" \/><\/span><label>E-Mail:<\/label>\n\t<\/p>\n<\/div>\n<div class=\"form-floating\">\n\t<p><span class=\"wpcf7-form-control-wrap\" data-name=\"dzial\"><input size=\"40\" maxlength=\"400\" class=\"wpcf7-form-control wpcf7-text\" aria-invalid=\"false\" value=\"\" type=\"text\" name=\"dzial\" \/><\/span><label>Dzia\u0142:<\/label>\n\t<\/p>\n<\/div>\n<div class=\"form-floating\">\n\t<p><span class=\"wpcf7-form-control-wrap\" data-name=\"stanowisko\"><input size=\"40\" maxlength=\"400\" class=\"wpcf7-form-control wpcf7-text\" aria-invalid=\"false\" value=\"\" type=\"text\" name=\"stanowisko\" \/><\/span><label>Stanowisko:<\/label>\n\t<\/p>\n<\/div>\n<div style=\"margin-bottom: 50px\">\n<\/div>\n<h3>4. Klauzula Informacyjna\n<\/h3>\n<p class=\"has-medium-font-size\">* Wype\u0142nienie formularza wi\u0105\u017ce si\u0119 z przetwarzaniem Twoich danych osobowych przez PRESS GLASS Holding S.A.\n<\/p>\n<p><span class=\"wpcf7-form-control-wrap\" data-name=\"acceptance-949\"><span class=\"wpcf7-form-control wpcf7-acceptance\"><span class=\"wpcf7-list-item\"><label><input type=\"checkbox\" name=\"acceptance-949\" value=\"1\" aria-invalid=\"false\" \/><span class=\"wpcf7-list-item-label\">O\u015bwiadczam, \u017ce zapozna\u0142em si\u0119 z tre\u015bci\u0105 klauzuli informacyjnej <a href=\"https:\/\/pressdev1.pressglass.com\/pl\/obowiazek-informacyjny-rodo\/\" target=\"_blank\" rel=\"noopener noreferrer\">wi\u0119cej<\/a><\/span><\/label><\/span><\/span><\/span><br \/>\n<span class=\"wpcf7-form-control-wrap\" data-name=\"acceptance-950\"><span class=\"wpcf7-form-control wpcf7-acceptance\"><span class=\"wpcf7-list-item\"><label><input type=\"checkbox\" name=\"acceptance-950\" value=\"1\" aria-invalid=\"false\" \/><span class=\"wpcf7-list-item-label\">Wyra\u017cam zgod\u0119 na przetwarzanie przez pracodawc\u0119 \u2013 PRESS GLASS Holding S.A danych osobowych przekazanych przeze mnie w formularzu kontaktowym dla pracownik\u00f3w w celach niezb\u0119dnych do obs\u0142ugi przekazanych informacji oraz realizacji moich uprawnie\u0144 pracowniczych<\/span><\/label><\/span><\/span><\/span>\n<\/p>\n<p><input class=\"wpcf7-form-control wpcf7-submit has-spinner btn btn-outline-primary rounded-0\" type=\"submit\" value=\"Wy\u015blij\" \/>\n<\/p><div class=\"wpcf7-response-output\" aria-hidden=\"true\"><\/div>\n<\/form>\n<\/div>\n<\/div>\n<\/div><\/div><\/div><\/div>\n\n\n\n<div class=\"position-relative col-md-3 is-layout-flow position-relative col-md-3-is-layout-flow\" style=\"flex-basis:25%\"><\/div>\n<\/div>\n<\/div>\n\n\n<div style=\"height:50px\" aria-hidden=\"true\" class=\"wp-block-spacer\"><\/div>\n","protected":false},"excerpt":{"rendered":"<p>Je\u015bli jeste\u015b pracownikiem Press Glass i nie mo\u017cesz osobi\u015bcie skontaktowa\u0107 si\u0119 z Dzia\u0142em Personalnym, wype\u0142nij formularz.<\/p>\n","protected":false},"author":2,"featured_media":167138,"parent":286,"menu_order":16,"comment_status":"closed","ping_status":"closed","template":"","meta":{"_acf_changed":false,"footnotes":""},"class_list":["post-167841","page","type-page","status-publish","has-post-thumbnail","hentry"],"acf":[],"yoast_head":"<!-- This site is optimized with the Yoast SEO plugin v27.3 - https:\/\/yoast.com\/product\/yoast-seo-wordpress\/ -->\n<title>Formularz dla pracownik\u00f3w - Press Glass<\/title>\n<meta name=\"robots\" content=\"noindex, follow, max-snippet:-1, max-image-preview:large, max-video-preview:-1\" \/>\n<meta property=\"og:locale\" content=\"pl_PL\" \/>\n<meta property=\"og:type\" content=\"article\" \/>\n<meta property=\"og:title\" content=\"Formularz dla pracownik\u00f3w - Press Glass\" \/>\n<meta property=\"og:description\" content=\"Je\u015bli jeste\u015b pracownikiem Press Glass i nie mo\u017cesz osobi\u015bcie skontaktowa\u0107 si\u0119 z Dzia\u0142em Personalnym, wype\u0142nij formularz.\" \/>\n<meta property=\"og:url\" content=\"https:\/\/pressdev1.pressglass.com\/pl\/kariera-w-polsce\/formularz-dla-pracownikow\/\" \/>\n<meta property=\"og:site_name\" content=\"Press Glass\" \/>\n<meta property=\"article:modified_time\" content=\"2025-11-12T15:04:46+00:00\" \/>\n<meta property=\"og:image\" content=\"https:\/\/pressdev1.pressglass.com\/wp-content\/uploads\/sites\/3\/2025\/08\/slider_kariera_6.jpg\" \/>\n\t<meta property=\"og:image:width\" content=\"1920\" \/>\n\t<meta property=\"og:image:height\" content=\"690\" \/>\n\t<meta property=\"og:image:type\" content=\"image\/jpeg\" \/>\n<meta name=\"twitter:card\" content=\"summary_large_image\" \/>\n<meta name=\"twitter:label1\" content=\"Szacowany czas czytania\" \/>\n\t<meta name=\"twitter:data1\" content=\"1 minuta\" \/>\n<script type=\"application\/ld+json\" class=\"yoast-schema-graph\">{\"@context\":\"https:\\\/\\\/schema.org\",\"@graph\":[{\"@type\":\"WebPage\",\"@id\":\"https:\\\/\\\/pressdev1.pressglass.com\\\/pl\\\/kariera-w-polsce\\\/formularz-dla-pracownikow\\\/\",\"url\":\"https:\\\/\\\/pressdev1.pressglass.com\\\/pl\\\/kariera-w-polsce\\\/formularz-dla-pracownikow\\\/\",\"name\":\"Formularz dla pracownik\u00f3w - Press Glass\",\"isPartOf\":{\"@id\":\"https:\\\/\\\/pressdev1.pressglass.com\\\/#website\"},\"primaryImageOfPage\":{\"@id\":\"https:\\\/\\\/pressdev1.pressglass.com\\\/pl\\\/kariera-w-polsce\\\/formularz-dla-pracownikow\\\/#primaryimage\"},\"image\":{\"@id\":\"https:\\\/\\\/pressdev1.pressglass.com\\\/pl\\\/kariera-w-polsce\\\/formularz-dla-pracownikow\\\/#primaryimage\"},\"thumbnailUrl\":\"https:\\\/\\\/pressdev1.pressglass.com\\\/wp-content\\\/uploads\\\/sites\\\/3\\\/2025\\\/08\\\/slider_kariera_6.jpg\",\"datePublished\":\"2025-11-12T14:57:15+00:00\",\"dateModified\":\"2025-11-12T15:04:46+00:00\",\"breadcrumb\":{\"@id\":\"https:\\\/\\\/pressdev1.pressglass.com\\\/pl\\\/kariera-w-polsce\\\/formularz-dla-pracownikow\\\/#breadcrumb\"},\"inLanguage\":\"pl-PL\",\"potentialAction\":[{\"@type\":\"ReadAction\",\"target\":[\"https:\\\/\\\/pressdev1.pressglass.com\\\/pl\\\/kariera-w-polsce\\\/formularz-dla-pracownikow\\\/\"]}]},{\"@type\":\"ImageObject\",\"inLanguage\":\"pl-PL\",\"@id\":\"https:\\\/\\\/pressdev1.pressglass.com\\\/pl\\\/kariera-w-polsce\\\/formularz-dla-pracownikow\\\/#primaryimage\",\"url\":\"https:\\\/\\\/pressdev1.pressglass.com\\\/wp-content\\\/uploads\\\/sites\\\/3\\\/2025\\\/08\\\/slider_kariera_6.jpg\",\"contentUrl\":\"https:\\\/\\\/pressdev1.pressglass.com\\\/wp-content\\\/uploads\\\/sites\\\/3\\\/2025\\\/08\\\/slider_kariera_6.jpg\",\"width\":1920,\"height\":690},{\"@type\":\"BreadcrumbList\",\"@id\":\"https:\\\/\\\/pressdev1.pressglass.com\\\/pl\\\/kariera-w-polsce\\\/formularz-dla-pracownikow\\\/#breadcrumb\",\"itemListElement\":[{\"@type\":\"ListItem\",\"position\":1,\"name\":\"Strona g\u0142\u00f3wna\",\"item\":\"https:\\\/\\\/pressdev1.pressglass.com\\\/pl\\\/\"},{\"@type\":\"ListItem\",\"position\":2,\"name\":\"Kariera w Polsce\",\"item\":\"https:\\\/\\\/pressdev1.pressglass.com\\\/pl\\\/kariera-w-polsce\\\/\"},{\"@type\":\"ListItem\",\"position\":3,\"name\":\"Formularz dla pracownik\u00f3w\"}]},{\"@type\":\"WebSite\",\"@id\":\"https:\\\/\\\/pressdev1.pressglass.com\\\/#website\",\"url\":\"https:\\\/\\\/pressdev1.pressglass.com\\\/\",\"name\":\"Press Glass\",\"description\":\"\",\"potentialAction\":[{\"@type\":\"SearchAction\",\"target\":{\"@type\":\"EntryPoint\",\"urlTemplate\":\"https:\\\/\\\/pressdev1.pressglass.com\\\/?s={search_term_string}\"},\"query-input\":{\"@type\":\"PropertyValueSpecification\",\"valueRequired\":true,\"valueName\":\"search_term_string\"}}],\"inLanguage\":\"pl-PL\"}]}<\/script>\n<!-- \/ Yoast SEO plugin. -->","yoast_head_json":{"title":"Formularz dla pracownik\u00f3w - Press Glass","robots":{"index":"noindex","follow":"follow","max-snippet":"max-snippet:-1","max-image-preview":"max-image-preview:large","max-video-preview":"max-video-preview:-1"},"og_locale":"pl_PL","og_type":"article","og_title":"Formularz dla pracownik\u00f3w - Press Glass","og_description":"Je\u015bli jeste\u015b pracownikiem Press Glass i nie mo\u017cesz osobi\u015bcie skontaktowa\u0107 si\u0119 z Dzia\u0142em Personalnym, wype\u0142nij formularz.","og_url":"https:\/\/pressdev1.pressglass.com\/pl\/kariera-w-polsce\/formularz-dla-pracownikow\/","og_site_name":"Press Glass","article_modified_time":"2025-11-12T15:04:46+00:00","og_image":[{"width":1920,"height":690,"url":"https:\/\/pressdev1.pressglass.com\/wp-content\/uploads\/sites\/3\/2025\/08\/slider_kariera_6.jpg","type":"image\/jpeg"}],"twitter_card":"summary_large_image","twitter_misc":{"Szacowany czas czytania":"1 minuta"},"schema":{"@context":"https:\/\/schema.org","@graph":[{"@type":"WebPage","@id":"https:\/\/pressdev1.pressglass.com\/pl\/kariera-w-polsce\/formularz-dla-pracownikow\/","url":"https:\/\/pressdev1.pressglass.com\/pl\/kariera-w-polsce\/formularz-dla-pracownikow\/","name":"Formularz dla pracownik\u00f3w - Press Glass","isPartOf":{"@id":"https:\/\/pressdev1.pressglass.com\/#website"},"primaryImageOfPage":{"@id":"https:\/\/pressdev1.pressglass.com\/pl\/kariera-w-polsce\/formularz-dla-pracownikow\/#primaryimage"},"image":{"@id":"https:\/\/pressdev1.pressglass.com\/pl\/kariera-w-polsce\/formularz-dla-pracownikow\/#primaryimage"},"thumbnailUrl":"https:\/\/pressdev1.pressglass.com\/wp-content\/uploads\/sites\/3\/2025\/08\/slider_kariera_6.jpg","datePublished":"2025-11-12T14:57:15+00:00","dateModified":"2025-11-12T15:04:46+00:00","breadcrumb":{"@id":"https:\/\/pressdev1.pressglass.com\/pl\/kariera-w-polsce\/formularz-dla-pracownikow\/#breadcrumb"},"inLanguage":"pl-PL","potentialAction":[{"@type":"ReadAction","target":["https:\/\/pressdev1.pressglass.com\/pl\/kariera-w-polsce\/formularz-dla-pracownikow\/"]}]},{"@type":"ImageObject","inLanguage":"pl-PL","@id":"https:\/\/pressdev1.pressglass.com\/pl\/kariera-w-polsce\/formularz-dla-pracownikow\/#primaryimage","url":"https:\/\/pressdev1.pressglass.com\/wp-content\/uploads\/sites\/3\/2025\/08\/slider_kariera_6.jpg","contentUrl":"https:\/\/pressdev1.pressglass.com\/wp-content\/uploads\/sites\/3\/2025\/08\/slider_kariera_6.jpg","width":1920,"height":690},{"@type":"BreadcrumbList","@id":"https:\/\/pressdev1.pressglass.com\/pl\/kariera-w-polsce\/formularz-dla-pracownikow\/#breadcrumb","itemListElement":[{"@type":"ListItem","position":1,"name":"Strona g\u0142\u00f3wna","item":"https:\/\/pressdev1.pressglass.com\/pl\/"},{"@type":"ListItem","position":2,"name":"Kariera w Polsce","item":"https:\/\/pressdev1.pressglass.com\/pl\/kariera-w-polsce\/"},{"@type":"ListItem","position":3,"name":"Formularz dla pracownik\u00f3w"}]},{"@type":"WebSite","@id":"https:\/\/pressdev1.pressglass.com\/#website","url":"https:\/\/pressdev1.pressglass.com\/","name":"Press Glass","description":"","potentialAction":[{"@type":"SearchAction","target":{"@type":"EntryPoint","urlTemplate":"https:\/\/pressdev1.pressglass.com\/?s={search_term_string}"},"query-input":{"@type":"PropertyValueSpecification","valueRequired":true,"valueName":"search_term_string"}}],"inLanguage":"pl-PL"}]}},"_links":{"self":[{"href":"https:\/\/pressdev1.pressglass.com\/pl\/wp-json\/wp\/v2\/pages\/167841","targetHints":{"allow":["GET"]}}],"collection":[{"href":"https:\/\/pressdev1.pressglass.com\/pl\/wp-json\/wp\/v2\/pages"}],"about":[{"href":"https:\/\/pressdev1.pressglass.com\/pl\/wp-json\/wp\/v2\/types\/page"}],"author":[{"embeddable":true,"href":"https:\/\/pressdev1.pressglass.com\/pl\/wp-json\/wp\/v2\/users\/2"}],"replies":[{"embeddable":true,"href":"https:\/\/pressdev1.pressglass.com\/pl\/wp-json\/wp\/v2\/comments?post=167841"}],"version-history":[{"count":3,"href":"https:\/\/pressdev1.pressglass.com\/pl\/wp-json\/wp\/v2\/pages\/167841\/revisions"}],"predecessor-version":[{"id":167845,"href":"https:\/\/pressdev1.pressglass.com\/pl\/wp-json\/wp\/v2\/pages\/167841\/revisions\/167845"}],"up":[{"embeddable":true,"href":"https:\/\/pressdev1.pressglass.com\/pl\/wp-json\/wp\/v2\/pages\/286"}],"wp:featuredmedia":[{"embeddable":true,"href":"https:\/\/pressdev1.pressglass.com\/pl\/wp-json\/wp\/v2\/media\/167138"}],"wp:attachment":[{"href":"https:\/\/pressdev1.pressglass.com\/pl\/wp-json\/wp\/v2\/media?parent=167841"}],"curies":[{"name":"wp","href":"https:\/\/api.w.org\/{rel}","templated":true}]}}