

{"id":170599,"date":"2025-08-19T13:11:41","date_gmt":"2025-08-19T11:11:41","guid":{"rendered":"https:\/\/pressdev1.pressglass.com\/erbjudande\/enstaka-glas\/"},"modified":"2026-03-16T15:15:07","modified_gmt":"2026-03-16T14:15:07","slug":"enstaka-glas","status":"publish","type":"page","link":"https:\/\/pressdev1.pressglass.com\/sv\/erbjudande\/enstaka-glas\/","title":{"rendered":"Enstaka glas"},"content":{"rendered":"\n\n\n<section id=\"hero--carousel_block_1f6be4737a8826bc574666fb66c9cb6d\" class=\"hero--section  bg-primary d-flex flex-column text-bg-primary justify-content-center position-relative\">\n        <div class=\"hero--carousel h-100\">\n                <div class=\"item h-100\" style=\"background-image: url(https:\/\/pressdev1.pressglass.com\/wp-content\/uploads\/sites\/3\/2025\/06\/hero_our_product_1.jpg);\">\n            <img decoding=\"async\" src=\"https:\/\/pressdev1.pressglass.com\/wp-content\/uploads\/sites\/3\/2025\/06\/hero_our_product_1.jpg\" alt=\"\" class=\"img-fluid opacity-0\">\n        <\/div>\n            <\/div>\n        <div class=\"container d-flex flex-column justify-content-center\">\n        <div class=\"row\">\n            <div class=\"col-md-10 col-12 offset-md-1\">\n                <div class=\"hero-headline text-uppercase mb-sm-5 mb-3 anim-in\">Grundkonstruktion<br \/>\r\nmaterial<\/div>\n                            <\/div>\n        <\/div>\n    <\/div>\n        <div id=\"jsSubNav\" class=\"container-fluid sub--navigation\">\n        <div class=\"d-flex w-100 justify-content-between align-items-center h-100\">\n            <nav aria-label=\"breadcrumb\" class=\"\"><ol class=\"breadcrumb mb-0 \"><li class=\"breadcrumb-item\"><a href=\"https:\/\/pressdev1.pressglass.com\/sv\/\">Startsida<\/a><\/li><\/ol><\/nav>\n                        <nav aria-label=\"subnav\" class=\"d-lg-flex d-noned-lg-flex d-none \">\n                <ul class=\"nav d-flex flex-row flex-nowrap text-nowrap\">\n                                        <li class=\"nav-item\">\n                        <a class=\"nav-link\" href=\"#overview\" title=\"\u00d6versikt\" target=\"\">\u00d6versikt<\/a>\n                    <\/li>\n                                        <li class=\"nav-item\">\n                        <a class=\"nav-link\" href=\"#benefits-and-applications\" title=\"F\u00f6rdelar och till\u00e4mpningar\" target=\"\">F\u00f6rdelar och till\u00e4mpningar<\/a>\n                    <\/li>\n                                        <li class=\"nav-item\">\n                        <a class=\"nav-link\" href=\"#specifications\" title=\"Specifikationer\" target=\"\">Specifikationer<\/a>\n                    <\/li>\n                                    <\/ul>\n            <\/nav>\n            \n            <div class=\"dropdown d-lg-none\">\n                <button class=\"btn btn-link dropdown-toggle text-white\" type=\"button\" data-bs-toggle=\"dropdown\" aria-expanded=\"false\">\n                    <svg width=\"32\" height=\"32\" fill=\"currentColor\" class=\"bi bi-three-dots-vertical\" viewBox=\"0 0 16 16\">\n                        <path d=\"M9.5 13a1.5 1.5 0 1 1-3 0 1.5 1.5 0 0 1 3 0m0-5a1.5 1.5 0 1 1-3 0 1.5 1.5 0 0 1 3 0m0-5a1.5 1.5 0 1 1-3 0 1.5 1.5 0 0 1 3 0\"\/>\n                    <\/svg>\n                <\/button>\n                <ul class=\"dropdown-menu dropdown-menu-end rounded-0 border-0 shadow \">\n                                        <li><a class=\"dropdown-item\" href=\"#overview\" title=\"\u00d6versikt\" target=\"\">\u00d6versikt<\/a><\/li>\n                                        <li><a class=\"dropdown-item\" href=\"#benefits-and-applications\" title=\"F\u00f6rdelar och till\u00e4mpningar\" target=\"\">F\u00f6rdelar och till\u00e4mpningar<\/a><\/li>\n                                        <li><a class=\"dropdown-item\" href=\"#specifications\" title=\"Specifikationer\" target=\"\">Specifikationer<\/a><\/li>\n                                    <\/ul>\n            <\/div>\n                    <\/div>\n    <\/div>\n    <\/section>\n\n<style type=\"text\/css\">\n    main > .hero--section:first-child {  \n        z-index: 10;\n    }\n    main > .hero--section:not(:first-child) {  \n        overflow: hidden;\n    }\n    \n    .hero--section.hero-size-medium {\n        max-height: 480px;\n    }\n    .hero--section.hero-size-small {\n        max-height: 400px;\n    }\n\n    .hero--section .hero-headline  {\n        font-size: clamp(2.1875rem, 1.25rem + 4.1667vw, 4.6875rem);\n        font-weight: 300;\n        line-height: 1;\n    }\n\n    .hero--section .sub--navigation {\n        position: absolute;\n        bottom:0;\n        left: 0;\n        width: 100%;\n        z-index: 100;\n        height: 60px;\n        background-color: rgba(20, 42, 82, .9);\n    }\n\n    .hero--section .sub--navigation.fixed-top {\n        position: fixed;\n        bottom:auto;\n    }\n\n    .hero--section .sub--navigation .breadcrumb .breadcrumb-item a, .hero--section .sub--navigation .breadcrumb .breadcrumb-item {\n        padding-top: 0.5rem;\n        padding-bottom: 0.5rem;\n    }\n\n    .hero--section .sub--navigation .breadcrumb .breadcrumb-item a, .hero--section .sub--navigation .breadcrumb .breadcrumb-item,\n    .hero--section .sub--navigation .nav .nav-item .nav-link, .hero--section .sub--navigation .nav .nav-item {\n        font-size: clamp(0.875rem, 0.7344rem + 0.625vw, 1.25rem);\n        font-weight: 300;\n        text-decoration: none;\n        color: #fff;\n    }\n    .hero--section .sub--navigation .breadcrumb .breadcrumb-item a:hover,\n    .hero--section .sub--navigation .nav .nav-item .nav-link:hover {\n        opacity: .75;\n    }\n    .hero--section .sub--navigation .breadcrumb-item + .breadcrumb-item::before {\n        color: #fff;\n    }\n<\/style>\n<script>\ndocument.addEventListener(\"DOMContentLoaded\", function () {\n    const subNav = document.getElementById(\"jsSubNav\");\n    const headerNav = document.querySelector(\"header > nav\");\n    const heroSection = document.querySelector(\".hero--section\");\n\n    if (!subNav || !headerNav || !heroSection) return; \/\/ Je\u015bli kt\u00f3ry\u015b element nie istnieje, zatrzymaj skrypt\n\n    function checkScroll() {\n        const headerHeight = headerNav.offsetHeight; \/\/ Wysoko\u015b\u0107 header > nav\n        const subNavHeight = subNav.offsetHeight; \/\/ Wysoko\u015b\u0107 jsSubNav\n        const heroBottom = heroSection.getBoundingClientRect().bottom; \/\/ Dolna cz\u0119\u015b\u0107 hero wzgl\u0119dem okna\n\n        if (heroBottom - subNavHeight <= headerHeight) {\n            \/\/ Gdy dolna cz\u0119\u015b\u0107 hero - wysoko\u015b\u0107 subNav jest <= wysoko\u015bci headera\n            subNav.classList.add(\"fixed-top\");\n            subNav.classList.remove(\"fixed-bottom\");\n            subNav.style.top = `${headerHeight}px`; \/\/ Ustawiamy top r\u00f3wny headerowi\n        } else {\n            \/\/ Gdy dolna cz\u0119\u015b\u0107 hero jest wy\u017cej ni\u017c header\n            subNav.classList.add(\"fixed-bottom\");\n            subNav.classList.remove(\"fixed-top\");\n            subNav.style.top = \"\"; \/\/ Resetujemy top, aby by\u0142 przyklejony do hero\n        }\n    }\n\n    window.addEventListener(\"scroll\", checkScroll);\n});\n\n<\/script>\n\n<div style=\"height:1px\" aria-hidden=\"true\" id=\"overview\" class=\"wp-block-spacer\"><\/div>\n\n<section class=\"section--page-title py-md-5 py-4\">\n    <div class=\"container\">\n        <h1 class=\"mb-md-5 md-3\">Enstaka glas<\/h1>        <p>Enkelglas, som \u00e4r grunden f\u00f6r alla glasrutor som anv\u00e4nds i byggbranschen, erbjuds ocks\u00e5 i en mindre bearbetad form.<\/p>\n    <\/div>\n<\/section>\n\n<style type=\"text\/css\">\n    .section--page-title {\n        background-color: #fbfcfc;\n    }\n\n<\/style>\n<div style=\"height:100px\" aria-hidden=\"true\" class=\"wp-block-spacer\"><\/div>\n<div class=\"container\"><div class=\"row\"><div class=\"col-12\">\n<p>Bland alla de typer av glas som erbjuds i PRESS GLASS finns det i olika branscher ocks\u00e5 ett behov av enkelglas. Det \u00e4r en produkt som \u00e4r mindre bearbetad \u00e4n isolerglas. PRESS GLASS erbjuder monolitiskt glas som sk\u00e4rs till \u00f6nskade m\u00e5tt p\u00e5 basis av f\u00f6ljande typer: floatglas, tonat glas, reflekterande och h\u00e5rdbelagt glas samt kemiskt behandlat glas. Enstaka glas erbjuds utan ytterligare bearbetning av kanter.   <\/p>\n<\/div><\/div><\/div>\n<div style=\"height:100px\" aria-hidden=\"true\" class=\"wp-block-spacer\"><\/div>\n\n<div id=\"benefits-and-applications\" class=\"wp-block-group has-blue-background-color has-background is-layout-constrained wp-block-group-is-layout-constrained\"><div class=\"container\">\n<div class=\"row alignwide has-blue-background-color has-background is-layout-flex wp-container-core-columns-is-layout-9d6595d7 row-is-layout-flex\">\n<div class=\"position-relative col-md has-blue-background-color has-background is-content-justification-left is-layout-constrained wp-container-core-column-is-layout-8c890d92 position-relative col-md-is-layout-constrained\">\n<div style=\"height:100px\" aria-hidden=\"true\" class=\"wp-block-spacer\"><\/div>\n\n\n<div class=\"container\"><div class=\"row\"><div class=\"col-12\">\n<h2 class=\"wp-block-heading has-light-color has-text-color has-link-color wp-elements-37c3e660d09fe436b5a9dc0c687bb17b\">F\u00f6rdelar och anv\u00e4ndningsomr\u00e5den<br\/>enkelglas<\/h2>\n<\/div><\/div><\/div>\n\n\n<div style=\"height:50px\" aria-hidden=\"true\" class=\"wp-block-spacer\"><\/div>\n<\/div>\n<\/div>\n<\/div>\n\n<div class=\"container\">\n<div class=\"row alignwide has-blue-background-color has-background is-layout-flex wp-container-core-columns-is-layout-9d6595d7 row-is-layout-flex\">\n<div class=\"position-relative col-md has-blue-background-color has-background is-content-justification-left is-layout-constrained wp-container-core-column-is-layout-8c890d92 position-relative col-md-is-layout-constrained\"><div class=\"container\"><div class=\"row\"><div class=\"col-12\">\n<h3 class=\"wp-block-heading has-light-color has-text-color has-link-color wp-elements-a148d95a7152b8190c3b10f32ce450dd\">F\u00f6rdelar<\/h3>\n<\/div><\/div><\/div>\n\n<div class=\"container\"><div class=\"row\"><div class=\"col-12\">\n<hr class=\"wp-block-separator has-text-color has-light-color has-alpha-channel-opacity has-light-background-color has-background is-style-wide\" \/>\n<\/div><\/div><\/div>\n\n<div class=\"container\"><div class=\"row\"><div class=\"col-12\">\n<ul class=\"wp-block-list has-light-color has-text-color has-link-color wp-elements-1f1b4ca7293093df07353109243c9469\"><div class=\"container\"><div class=\"row\"><div class=\"col-12\">\n<li>Brett utbud av applikationer<\/li>\n<\/div><\/div><\/div>\n\n<div class=\"container\"><div class=\"row\"><div class=\"col-12\">\n<li class=\"has-light-color has-text-color has-link-color wp-elements-773f6422678145074231d5c37b7a9bff\">Klar f\u00f6r vidare bearbetning<\/li>\n<\/div><\/div><\/div>\n\n<div class=\"container\"><div class=\"row\"><div class=\"col-12\">\n<li>Tillskurna format<\/li>\n<\/div><\/div><\/div><\/ul>\n<\/div><\/div><\/div><\/div>\n\n\n\n<div class=\"position-relative col-md is-layout-flow position-relative col-md-is-layout-flow\"><div class=\"container\"><div class=\"row\"><div class=\"col-12\">\n<h3 class=\"wp-block-heading has-light-color has-text-color has-link-color wp-elements-f3bce09a1b960133868b189dfd2ba97b\">Exempel p\u00e5 till\u00e4mpningar<\/h3>\n<\/div><\/div><\/div>\n\n<div class=\"container\"><div class=\"row\"><div class=\"col-12\">\n<hr class=\"wp-block-separator has-text-color has-light-color has-alpha-channel-opacity has-light-background-color has-background is-style-wide\" \/>\n<\/div><\/div><\/div>\n\n<div class=\"container\"><div class=\"row\"><div class=\"col-12\">\n<ul class=\"wp-block-list has-light-color has-text-color has-link-color wp-elements-85b4d318a5723bd4380031ec328d103c\"><div class=\"container\"><div class=\"row\"><div class=\"col-12\">\n<li>Skiljev\u00e4ggar<\/li>\n<\/div><\/div><\/div>\n\n<div class=\"container\"><div class=\"row\"><div class=\"col-12\">\n<li>Glasbarri\u00e4rer<\/li>\n<\/div><\/div><\/div>\n\n<div class=\"container\"><div class=\"row\"><div class=\"col-12\">\n<li>Isolerade glasenheter<\/li>\n<\/div><\/div><\/div><\/ul>\n<\/div><\/div><\/div><\/div>\n<\/div>\n<\/div>\n\n<div class=\"container\">\n<div class=\"row alignwide has-blue-background-color has-background is-layout-flex wp-container-core-columns-is-layout-9d6595d7 row-is-layout-flex\">\n<div class=\"position-relative col-md has-blue-background-color has-background is-content-justification-left is-layout-constrained wp-container-core-column-is-layout-8c890d92 position-relative col-md-is-layout-constrained\">\n<div style=\"height:100px\" aria-hidden=\"true\" class=\"wp-block-spacer\"><\/div>\n<\/div>\n<\/div>\n<\/div><\/div>\n\n<div style=\"height:150px\" aria-hidden=\"true\" class=\"wp-block-spacer\"><\/div>\n<div class=\"container\"><div class=\"row\"><div class=\"col-12\">\n<h2 class=\"wp-block-heading\" id=\"specifications\">Specifikationer<\/h2>\n<\/div><\/div><\/div>\n<div style=\"height:50px\" aria-hidden=\"true\" class=\"wp-block-spacer\"><\/div>\n<div class=\"container\"><div class=\"row\"><div class=\"col-12\">    <div class=\"accordion\" id=\"accordion-69e3abdfe9516\">\n                    <div class=\"accordion-item rounded-0 border-0\">\n                <h2 class=\"accordion-header\" id=\"heading-item-69e3abdfee7a2\">\n                    <button class=\"accordion-button px-0 border-bottom border-1 border-primary bg-transparent collapsed\" type=\"button\" data-bs-toggle=\"collapse\" \n                        data-bs-target=\"#collapse-item-69e3abdfee7a2\" \n                        aria-expanded=\"false\" aria-controls=\"collapse-item-69e3abdfee7a2\">\n                        Information om produktionskapacitet                    <\/button>\n                <\/h2>\n                <div id=\"collapse-item-69e3abdfee7a2\" class=\"accordion-collapse collapse\" \n                    aria-labelledby=\"heading-item-69e3abdfee7a2\" \n                    data-bs-parent=\"#accordion-69e3abdfe9516\">\n                    <div class=\"accordion-body px-0 border-bottom border-1 border-primary\">\n                        <p>F\u00f6r att diskutera detaljerna i best\u00e4llningar av enstaka glas, v\u00e4nligen kontakta din f\u00f6rs\u00e4ljningsrepresentant.<\/p>\n                    <\/div>\n                <\/div>\n            <\/div>\n            <\/div>\n<\/div><\/div><\/div>\n<div style=\"height:100px\" aria-hidden=\"true\" class=\"wp-block-spacer\"><\/div>\n","protected":false},"excerpt":{"rendered":"<p>Enkelglas, som \u00e4r grunden f\u00f6r alla glasrutor som anv\u00e4nds i byggbranschen, erbjuds ocks\u00e5 i en mindre bearbetad form.<\/p>\n","protected":false},"author":3,"featured_media":170587,"parent":170586,"menu_order":25,"comment_status":"closed","ping_status":"closed","template":"","meta":{"_acf_changed":false,"footnotes":""},"class_list":["post-170599","page","type-page","status-publish","has-post-thumbnail","hentry"],"acf":[],"yoast_head":"<!-- This site is optimized with the Yoast SEO plugin v27.3 - https:\/\/yoast.com\/product\/yoast-seo-wordpress\/ -->\n<title>Enstaka glas - Press Glass<\/title>\n<meta name=\"robots\" content=\"noindex, follow, max-snippet:-1, max-image-preview:large, max-video-preview:-1\" \/>\n<meta property=\"og:locale\" content=\"sv_SE\" \/>\n<meta property=\"og:type\" content=\"article\" \/>\n<meta property=\"og:title\" content=\"Enstaka glas - Press Glass\" \/>\n<meta property=\"og:description\" content=\"Enkelglas, som \u00e4r grunden f\u00f6r alla glasrutor som anv\u00e4nds i byggbranschen, erbjuds ocks\u00e5 i en mindre bearbetad form.\" \/>\n<meta property=\"og:url\" content=\"https:\/\/pressdev1.pressglass.com\/sv\/erbjudande\/enstaka-glas\/\" \/>\n<meta property=\"og:site_name\" content=\"Press Glass\" \/>\n<meta property=\"article:modified_time\" content=\"2026-03-16T14:15:07+00:00\" \/>\n<meta property=\"og:image\" content=\"https:\/\/pressdev1.pressglass.com\/wp-content\/uploads\/sites\/3\/2025\/06\/hero_our_product_1.jpg\" \/>\n\t<meta property=\"og:image:width\" content=\"1920\" \/>\n\t<meta property=\"og:image:height\" content=\"900\" \/>\n\t<meta property=\"og:image:type\" content=\"image\/jpeg\" \/>\n<meta name=\"twitter:card\" content=\"summary_large_image\" \/>\n<script type=\"application\/ld+json\" class=\"yoast-schema-graph\">{\"@context\":\"https:\\\/\\\/schema.org\",\"@graph\":[{\"@type\":\"WebPage\",\"@id\":\"https:\\\/\\\/pressdev1.pressglass.com\\\/sv\\\/erbjudande\\\/enstaka-glas\\\/\",\"url\":\"https:\\\/\\\/pressdev1.pressglass.com\\\/sv\\\/erbjudande\\\/enstaka-glas\\\/\",\"name\":\"Enstaka glas - Press Glass\",\"isPartOf\":{\"@id\":\"https:\\\/\\\/pressdev1.pressglass.com\\\/#website\"},\"primaryImageOfPage\":{\"@id\":\"https:\\\/\\\/pressdev1.pressglass.com\\\/sv\\\/erbjudande\\\/enstaka-glas\\\/#primaryimage\"},\"image\":{\"@id\":\"https:\\\/\\\/pressdev1.pressglass.com\\\/sv\\\/erbjudande\\\/enstaka-glas\\\/#primaryimage\"},\"thumbnailUrl\":\"https:\\\/\\\/pressdev1.pressglass.com\\\/wp-content\\\/uploads\\\/sites\\\/3\\\/2025\\\/06\\\/hero_our_product_1.jpg\",\"datePublished\":\"2025-08-19T11:11:41+00:00\",\"dateModified\":\"2026-03-16T14:15:07+00:00\",\"breadcrumb\":{\"@id\":\"https:\\\/\\\/pressdev1.pressglass.com\\\/sv\\\/erbjudande\\\/enstaka-glas\\\/#breadcrumb\"},\"inLanguage\":\"sv-SE\",\"potentialAction\":[{\"@type\":\"ReadAction\",\"target\":[\"https:\\\/\\\/pressdev1.pressglass.com\\\/sv\\\/erbjudande\\\/enstaka-glas\\\/\"]}]},{\"@type\":\"ImageObject\",\"inLanguage\":\"sv-SE\",\"@id\":\"https:\\\/\\\/pressdev1.pressglass.com\\\/sv\\\/erbjudande\\\/enstaka-glas\\\/#primaryimage\",\"url\":\"https:\\\/\\\/pressdev1.pressglass.com\\\/wp-content\\\/uploads\\\/sites\\\/3\\\/2025\\\/06\\\/hero_our_product_1.jpg\",\"contentUrl\":\"https:\\\/\\\/pressdev1.pressglass.com\\\/wp-content\\\/uploads\\\/sites\\\/3\\\/2025\\\/06\\\/hero_our_product_1.jpg\",\"width\":1920,\"height\":900},{\"@type\":\"BreadcrumbList\",\"@id\":\"https:\\\/\\\/pressdev1.pressglass.com\\\/sv\\\/erbjudande\\\/enstaka-glas\\\/#breadcrumb\",\"itemListElement\":[{\"@type\":\"ListItem\",\"position\":1,\"name\":\"Strona g\u0142\u00f3wna\",\"item\":\"https:\\\/\\\/pressdev1.pressglass.com\\\/sv\\\/\"},{\"@type\":\"ListItem\",\"position\":2,\"name\":\"Erbjudande\",\"item\":\"https:\\\/\\\/pressdev1.pressglass.com\\\/sv\\\/erbjudande\\\/\"},{\"@type\":\"ListItem\",\"position\":3,\"name\":\"Enstaka glas\"}]},{\"@type\":\"WebSite\",\"@id\":\"https:\\\/\\\/pressdev1.pressglass.com\\\/#website\",\"url\":\"https:\\\/\\\/pressdev1.pressglass.com\\\/\",\"name\":\"Press Glass\",\"description\":\"\",\"potentialAction\":[{\"@type\":\"SearchAction\",\"target\":{\"@type\":\"EntryPoint\",\"urlTemplate\":\"https:\\\/\\\/pressdev1.pressglass.com\\\/?s={search_term_string}\"},\"query-input\":{\"@type\":\"PropertyValueSpecification\",\"valueRequired\":true,\"valueName\":\"search_term_string\"}}],\"inLanguage\":\"sv-SE\"}]}<\/script>\n<!-- \/ Yoast SEO plugin. -->","yoast_head_json":{"title":"Enstaka glas - Press Glass","robots":{"index":"noindex","follow":"follow","max-snippet":"max-snippet:-1","max-image-preview":"max-image-preview:large","max-video-preview":"max-video-preview:-1"},"og_locale":"sv_SE","og_type":"article","og_title":"Enstaka glas - Press Glass","og_description":"Enkelglas, som \u00e4r grunden f\u00f6r alla glasrutor som anv\u00e4nds i byggbranschen, erbjuds ocks\u00e5 i en mindre bearbetad form.","og_url":"https:\/\/pressdev1.pressglass.com\/sv\/erbjudande\/enstaka-glas\/","og_site_name":"Press Glass","article_modified_time":"2026-03-16T14:15:07+00:00","og_image":[{"width":1920,"height":900,"url":"https:\/\/pressdev1.pressglass.com\/wp-content\/uploads\/sites\/3\/2025\/06\/hero_our_product_1.jpg","type":"image\/jpeg"}],"twitter_card":"summary_large_image","schema":{"@context":"https:\/\/schema.org","@graph":[{"@type":"WebPage","@id":"https:\/\/pressdev1.pressglass.com\/sv\/erbjudande\/enstaka-glas\/","url":"https:\/\/pressdev1.pressglass.com\/sv\/erbjudande\/enstaka-glas\/","name":"Enstaka glas - Press Glass","isPartOf":{"@id":"https:\/\/pressdev1.pressglass.com\/#website"},"primaryImageOfPage":{"@id":"https:\/\/pressdev1.pressglass.com\/sv\/erbjudande\/enstaka-glas\/#primaryimage"},"image":{"@id":"https:\/\/pressdev1.pressglass.com\/sv\/erbjudande\/enstaka-glas\/#primaryimage"},"thumbnailUrl":"https:\/\/pressdev1.pressglass.com\/wp-content\/uploads\/sites\/3\/2025\/06\/hero_our_product_1.jpg","datePublished":"2025-08-19T11:11:41+00:00","dateModified":"2026-03-16T14:15:07+00:00","breadcrumb":{"@id":"https:\/\/pressdev1.pressglass.com\/sv\/erbjudande\/enstaka-glas\/#breadcrumb"},"inLanguage":"sv-SE","potentialAction":[{"@type":"ReadAction","target":["https:\/\/pressdev1.pressglass.com\/sv\/erbjudande\/enstaka-glas\/"]}]},{"@type":"ImageObject","inLanguage":"sv-SE","@id":"https:\/\/pressdev1.pressglass.com\/sv\/erbjudande\/enstaka-glas\/#primaryimage","url":"https:\/\/pressdev1.pressglass.com\/wp-content\/uploads\/sites\/3\/2025\/06\/hero_our_product_1.jpg","contentUrl":"https:\/\/pressdev1.pressglass.com\/wp-content\/uploads\/sites\/3\/2025\/06\/hero_our_product_1.jpg","width":1920,"height":900},{"@type":"BreadcrumbList","@id":"https:\/\/pressdev1.pressglass.com\/sv\/erbjudande\/enstaka-glas\/#breadcrumb","itemListElement":[{"@type":"ListItem","position":1,"name":"Strona g\u0142\u00f3wna","item":"https:\/\/pressdev1.pressglass.com\/sv\/"},{"@type":"ListItem","position":2,"name":"Erbjudande","item":"https:\/\/pressdev1.pressglass.com\/sv\/erbjudande\/"},{"@type":"ListItem","position":3,"name":"Enstaka glas"}]},{"@type":"WebSite","@id":"https:\/\/pressdev1.pressglass.com\/#website","url":"https:\/\/pressdev1.pressglass.com\/","name":"Press Glass","description":"","potentialAction":[{"@type":"SearchAction","target":{"@type":"EntryPoint","urlTemplate":"https:\/\/pressdev1.pressglass.com\/?s={search_term_string}"},"query-input":{"@type":"PropertyValueSpecification","valueRequired":true,"valueName":"search_term_string"}}],"inLanguage":"sv-SE"}]}},"_links":{"self":[{"href":"https:\/\/pressdev1.pressglass.com\/sv\/wp-json\/wp\/v2\/pages\/170599","targetHints":{"allow":["GET"]}}],"collection":[{"href":"https:\/\/pressdev1.pressglass.com\/sv\/wp-json\/wp\/v2\/pages"}],"about":[{"href":"https:\/\/pressdev1.pressglass.com\/sv\/wp-json\/wp\/v2\/types\/page"}],"author":[{"embeddable":true,"href":"https:\/\/pressdev1.pressglass.com\/sv\/wp-json\/wp\/v2\/users\/3"}],"replies":[{"embeddable":true,"href":"https:\/\/pressdev1.pressglass.com\/sv\/wp-json\/wp\/v2\/comments?post=170599"}],"version-history":[{"count":1,"href":"https:\/\/pressdev1.pressglass.com\/sv\/wp-json\/wp\/v2\/pages\/170599\/revisions"}],"predecessor-version":[{"id":170605,"href":"https:\/\/pressdev1.pressglass.com\/sv\/wp-json\/wp\/v2\/pages\/170599\/revisions\/170605"}],"up":[{"embeddable":true,"href":"https:\/\/pressdev1.pressglass.com\/sv\/wp-json\/wp\/v2\/pages\/170586"}],"wp:featuredmedia":[{"embeddable":true,"href":"https:\/\/pressdev1.pressglass.com\/sv\/wp-json\/wp\/v2\/media\/170587"}],"wp:attachment":[{"href":"https:\/\/pressdev1.pressglass.com\/sv\/wp-json\/wp\/v2\/media?parent=170599"}],"curies":[{"name":"wp","href":"https:\/\/api.w.org\/{rel}","templated":true}]}}